{"id":17938,"date":"2024-10-24T10:08:04","date_gmt":"2024-10-24T08:08:04","guid":{"rendered":"http:\/\/billigtrikots.com\/?post_type=product&#038;p=17938"},"modified":"2024-10-24T10:10:17","modified_gmt":"2024-10-24T08:10:17","slug":"spanien-trikot-euro-2024-auswaertstrikot-em-24-hellgelben-kurzarm-alvaro-morata-7","status":"publish","type":"product","link":"https:\/\/www.billigtrikotde.com\/sl\/spanien-trikot-euro-2024-auswaertstrikot-em-24-hellgelben-kurzarm-alvaro-morata-7\/","title":{"rendered":"\u0160panija Euro 2024 gostujo\u010di komplet EM 24 svetlo rumena s kratkimi rokavi Alvaro Morata 7"},"content":{"rendered":"<p>\u0160panska izjemna 2024 doma\u010da majica ima osve\u017een in poudarjen barvni dvojec. Gre predvsem za bledo neonsko rumeno, morda navdihnjeno z sipami peska dr\u017eave. Uradno se barvna imena \u0160panske 2024 doma\u010de majice glasi \u201ePulse Yellow\u201c. Edinstvena lastnost doma\u010de majice \u0160panije Euro 2024 so paneli \u2013 svetlo modri paneli so opremljeni s grafiko peskovnih sip.<\/p>\n<p>Nasveti za tiskanje: \u010ce sta ime in \u0161tevilka na sliki to\u010dno tak\u0161na, kot ju \u017eelite, ju ni treba ponovno vnesti. \u010ce ni tako, vnesite \u017eeleno ime in \u0161tevilko.<\/p>\n<p>Nasveti za pranje: Priporo\u010dljivo je, da nogometne majice perete ro\u010dno. \u010ce \u017eelite uporabiti pralni stroj, ne pozabite nogometne majice obrniti narobe in jih nato oprati. Stroj napolnite s hladno vodo in uporabite ob\u010dutljiv cikel, da bolje za\u0161\u010ditite barve.<\/p>","protected":false},"excerpt":{"rendered":"<p>\u0160panska izjemna 2024 doma\u010da majica ima osve\u017een in poudarjen barvni dvojec. Gre predvsem za bledo neonsko rumeno, morda navdihnjeno z sipami peska dr\u017eave. Uradno se barvna imena \u0160panske 2024 doma\u010de majice glasi \u201ePulse Yellow\u201c. Edinstvena lastnost doma\u010de majice \u0160panije Euro 2024 so paneli \u2013 svetlo modri paneli so opremljeni s grafiko peskovnih sip.<\/p>","protected":false},"featured_media":17978,"comment_status":"open","ping_status":"closed","template":"","meta":[],"product_brand":[],"product_cat":[1079,1072],"product_tag":[20,1076,1077,22,426,24,1080],"class_list":{"0":"post-17938","1":"product","2":"type-product","3":"status-publish","4":"has-post-thumbnail","6":"product_cat-em-2024-spanien","7":"product_cat-em-2024-trikots","8":"product_tag-coole-fussballtrikots","9":"product_tag-em-2024-trikot","10":"product_tag-em-2024-trikot-herren","11":"product_tag-fussballtrikot-guenstig-kaufen","12":"product_tag-fussballtrikots-kurzarm","13":"product_tag-guenstiges-fussballtrikot","14":"product_tag-spanien-trikot-em-2024","16":"first","17":"instock","18":"shipping-taxable","19":"purchasable","20":"product-type-variable"},"_links":{"self":[{"href":"https:\/\/www.billigtrikotde.com\/sl\/wp-json\/wp\/v2\/product\/17938","targetHints":{"allow":["GET"]}}],"collection":[{"href":"https:\/\/www.billigtrikotde.com\/sl\/wp-json\/wp\/v2\/product"}],"about":[{"href":"https:\/\/www.billigtrikotde.com\/sl\/wp-json\/wp\/v2\/types\/product"}],"replies":[{"embeddable":true,"href":"https:\/\/www.billigtrikotde.com\/sl\/wp-json\/wp\/v2\/comments?post=17938"}],"wp:featuredmedia":[{"embeddable":true,"href":"https:\/\/www.billigtrikotde.com\/sl\/wp-json\/wp\/v2\/media\/17978"}],"wp:attachment":[{"href":"https:\/\/www.billigtrikotde.com\/sl\/wp-json\/wp\/v2\/media?parent=17938"}],"wp:term":[{"taxonomy":"product_brand","embeddable":true,"href":"https:\/\/www.billigtrikotde.com\/sl\/wp-json\/wp\/v2\/product_brand?post=17938"},{"taxonomy":"product_cat","embeddable":true,"href":"https:\/\/www.billigtrikotde.com\/sl\/wp-json\/wp\/v2\/product_cat?post=17938"},{"taxonomy":"product_tag","embeddable":true,"href":"https:\/\/www.billigtrikotde.com\/sl\/wp-json\/wp\/v2\/product_tag?post=17938"}],"curies":[{"name":"wp","href":"https:\/\/api.w.org\/{rel}","templated":true}]}}