{"id":17906,"date":"2024-10-24T10:06:20","date_gmt":"2024-10-24T08:06:20","guid":{"rendered":"http:\/\/billigtrikots.com\/?post_type=product&#038;p=17906"},"modified":"2024-10-24T10:09:02","modified_gmt":"2024-10-24T08:09:02","slug":"deutschland-trikot-kinder-dfb-em-2024-heimtrikot-euro-24-weiss-shirt-set-thomas-muller-13","status":"publish","type":"product","link":"https:\/\/www.billigtrikotde.com\/sl\/deutschland-trikot-kinder-dfb-em-2024-heimtrikot-euro-24-weiss-shirt-set-thomas-muller-13\/","title":{"rendered":"Nem\u010dija Srajca Otro\u0161ka majica DFB EM 2024 Doma\u010da majica Euro 24 bela Srajca Set Thomas Muller 13"},"content":{"rendered":"<p>Na prvih uhajanjih dresov je dres Nem\u010dije za Euro 2024 spet v tradicionalnih barvah bele in \u010drne ter z belimi kratkimi hla\u010dami in nogavicami. Za drese Nem\u010dije so vedno ustvarjeni edinstveni vzorci, tokrat so jih navdihnili dresi DFB s svetovnega prvenstva 1994 z diamanti v \u010drni, rde\u010di in zlati barvi, doma\u010di dresi Nem\u010dija Euro 2024 pa so opremljeni z lepo skrito malenkostjo. Na notranji strani ovratnika je motiv zastave, ki je viden tudi na rokavih. dres Nem\u010dija 2024 ima sodoben in izjemen dizajn. Seveda je ve\u010dinoma bele barve, kar je \u0161e bolj zanimivo, rokavi pa imajo tribarvni gradient nem\u0161ke zastave z belimi tremi \u010drtami na vrhu in u\u010dinkom, ki ga je navdihnilo svetovno prvenstvo leta 1994. Sprednja stran doma\u010dega dresa Nem\u010dije za Euro 2024 ima vzorec, sestavljen iz logotipa DFB. Tudi ta vzorec je navdihnjen z dresom iz svetovnega prvenstva 1994.<\/p>\n<p>Nasveti za tiskanje: \u010ce sta ime in \u0161tevilka na sliki to\u010dno tak\u0161na, kot ju \u017eelite, ju ni treba ponovno vnesti. \u010ce ni tako, vnesite \u017eeleno ime in \u0161tevilko.<\/p>\n<p>Nasveti za pranje: Priporo\u010dljivo je, da nogometne majice perete ro\u010dno. \u010ce \u017eelite uporabiti pralni stroj, ne pozabite nogometne majice obrniti narobe in jih nato oprati. Stroj napolnite s hladno vodo in uporabite ob\u010dutljiv cikel, da bolje za\u0161\u010ditite barve.<\/p>","protected":false},"excerpt":{"rendered":"<p>Die ersten Trikot Leaks zeigen das Deutschland EM Trikot 2024 wieder in traditionellen Farben Wei\u00df und Schwarz, mit wei\u00dfer Hose und Stutzen. F\u00fcr die Deutschland Trikots werden immer einzigartige Designs entworfen, dieses Mal orientiert sich man an den DFB Trikots der WM 1994 mit den Rauten in schwarz-rot-gold.Die Deutschland Euro 2024 Heimtrikots kommt mit einem [&hellip;]<\/p>","protected":false},"featured_media":17945,"comment_status":"open","ping_status":"closed","template":"","meta":[],"product_brand":[],"product_cat":[1073,1072],"product_tag":[20,1074,1075,1076,1078,22,396,24],"class_list":{"0":"post-17906","1":"product","2":"type-product","3":"status-publish","4":"has-post-thumbnail","6":"product_cat-em-2024-deutschland","7":"product_cat-em-2024-trikots","8":"product_tag-coole-fussballtrikots","9":"product_tag-deutschland-trikot-em-2024","10":"product_tag-dfb-em-trikots-2024","11":"product_tag-em-2024-trikot","12":"product_tag-em-2024-trikot-kinder","13":"product_tag-fussballtrikot-guenstig-kaufen","14":"product_tag-fussballtrikots-langarm","15":"product_tag-guenstiges-fussballtrikot","17":"first","18":"instock","19":"shipping-taxable","20":"purchasable","21":"product-type-variable"},"_links":{"self":[{"href":"https:\/\/www.billigtrikotde.com\/sl\/wp-json\/wp\/v2\/product\/17906","targetHints":{"allow":["GET"]}}],"collection":[{"href":"https:\/\/www.billigtrikotde.com\/sl\/wp-json\/wp\/v2\/product"}],"about":[{"href":"https:\/\/www.billigtrikotde.com\/sl\/wp-json\/wp\/v2\/types\/product"}],"replies":[{"embeddable":true,"href":"https:\/\/www.billigtrikotde.com\/sl\/wp-json\/wp\/v2\/comments?post=17906"}],"wp:featuredmedia":[{"embeddable":true,"href":"https:\/\/www.billigtrikotde.com\/sl\/wp-json\/wp\/v2\/media\/17945"}],"wp:attachment":[{"href":"https:\/\/www.billigtrikotde.com\/sl\/wp-json\/wp\/v2\/media?parent=17906"}],"wp:term":[{"taxonomy":"product_brand","embeddable":true,"href":"https:\/\/www.billigtrikotde.com\/sl\/wp-json\/wp\/v2\/product_brand?post=17906"},{"taxonomy":"product_cat","embeddable":true,"href":"https:\/\/www.billigtrikotde.com\/sl\/wp-json\/wp\/v2\/product_cat?post=17906"},{"taxonomy":"product_tag","embeddable":true,"href":"https:\/\/www.billigtrikotde.com\/sl\/wp-json\/wp\/v2\/product_tag?post=17906"}],"curies":[{"name":"wp","href":"https:\/\/api.w.org\/{rel}","templated":true}]}}