{"id":17812,"date":"2024-10-24T10:01:21","date_gmt":"2024-10-24T08:01:21","guid":{"rendered":"http:\/\/billigtrikots.com\/?post_type=product&#038;p=17812"},"modified":"2024-10-24T10:03:59","modified_gmt":"2024-10-24T08:03:59","slug":"herren-dfb-deutschland-em-2024-auswaertstrikot-euro-24-thomas-muller-13","status":"publish","type":"product","link":"https:\/\/www.billigtrikotde.com\/sl\/herren-dfb-deutschland-em-2024-auswaertstrikot-euro-24-thomas-muller-13\/","title":{"rendered":"Mo\u0161ka majica DFB Germany EM 2024 Away Euro 24 Thomas Muller 13"},"content":{"rendered":"<p>Lahko objavimo zunanji dres za Euro 2024 Slovenije, ki potrjujejo na\u0161o uhajanje informacij. Imajo nekaj podobnosti s tretjim dresom AC Milana 23-24. Zunanji dres za Euro 2024 Slovenije ima drzno in novo barvno kombinacijo za slovensko reprezentanco. Zunanji dres za Euro 2024 Slovenije zdru\u017euje roza in vijoli\u010dno.<\/p>\n<p>Nasveti za tiskanje: \u010ce sta ime in \u0161tevilka na sliki to\u010dno tak\u0161na, kot ju \u017eelite, ju ni treba ponovno vnesti. \u010ce ni tako, vnesite \u017eeleno ime in \u0161tevilko.<\/p>\n<p>Nasveti za pranje: Priporo\u010dljivo je, da nogometne majice perete ro\u010dno. \u010ce \u017eelite uporabiti pralni stroj, ne pozabite nogometne majice obrniti narobe in jih nato oprati. Stroj napolnite s hladno vodo in uporabite ob\u010dutljiv cikel, da bolje za\u0161\u010ditite barve.<\/p>","protected":false},"excerpt":{"rendered":"<p>Wir k\u00f6nnen Deutschland Euro 2024 Ausw\u00e4rtstrikots ver\u00f6ffentlichen, die unseren Leak best\u00e4tigen.Es hat einige \u00c4hnlichkeiten mit dem dritten Trikot des AC Mailand 23-24.Das DFB Euro 2024 Ausw\u00e4rtstrikot hat eine mutige und neue Farbkombination f\u00fcr die deutsche Nationalmannschaft. Das DFB 2024 Ausw\u00e4rtstrikot kombiniert Pink und Lila. Tipps zum Drucken: Wenn der Name und die Nummer auf dem [&hellip;]<\/p>","protected":false},"featured_media":17855,"comment_status":"open","ping_status":"closed","template":"","meta":[],"product_brand":[],"product_cat":[1073,1072],"product_tag":[20,1074,1075,1076,1077,21,22,23,24],"class_list":{"0":"post-17812","1":"product","2":"type-product","3":"status-publish","4":"has-post-thumbnail","6":"product_cat-em-2024-deutschland","7":"product_cat-em-2024-trikots","8":"product_tag-coole-fussballtrikots","9":"product_tag-deutschland-trikot-em-2024","10":"product_tag-dfb-em-trikots-2024","11":"product_tag-em-2024-trikot","12":"product_tag-em-2024-trikot-herren","13":"product_tag-fussballtrikot-fuer-herren","14":"product_tag-fussballtrikot-guenstig-kaufen","15":"product_tag-fussballtrikot-kurzarm","16":"product_tag-guenstiges-fussballtrikot","18":"first","19":"instock","20":"shipping-taxable","21":"purchasable","22":"product-type-variable"},"_links":{"self":[{"href":"https:\/\/www.billigtrikotde.com\/sl\/wp-json\/wp\/v2\/product\/17812","targetHints":{"allow":["GET"]}}],"collection":[{"href":"https:\/\/www.billigtrikotde.com\/sl\/wp-json\/wp\/v2\/product"}],"about":[{"href":"https:\/\/www.billigtrikotde.com\/sl\/wp-json\/wp\/v2\/types\/product"}],"replies":[{"embeddable":true,"href":"https:\/\/www.billigtrikotde.com\/sl\/wp-json\/wp\/v2\/comments?post=17812"}],"wp:featuredmedia":[{"embeddable":true,"href":"https:\/\/www.billigtrikotde.com\/sl\/wp-json\/wp\/v2\/media\/17855"}],"wp:attachment":[{"href":"https:\/\/www.billigtrikotde.com\/sl\/wp-json\/wp\/v2\/media?parent=17812"}],"wp:term":[{"taxonomy":"product_brand","embeddable":true,"href":"https:\/\/www.billigtrikotde.com\/sl\/wp-json\/wp\/v2\/product_brand?post=17812"},{"taxonomy":"product_cat","embeddable":true,"href":"https:\/\/www.billigtrikotde.com\/sl\/wp-json\/wp\/v2\/product_cat?post=17812"},{"taxonomy":"product_tag","embeddable":true,"href":"https:\/\/www.billigtrikotde.com\/sl\/wp-json\/wp\/v2\/product_tag?post=17812"}],"curies":[{"name":"wp","href":"https:\/\/api.w.org\/{rel}","templated":true}]}}