{"id":1773,"date":"2024-10-23T13:45:05","date_gmt":"2024-10-23T11:45:05","guid":{"rendered":"http:\/\/billigtrikots.com\/?post_type=product&#038;p=1773"},"modified":"2024-10-23T13:47:12","modified_gmt":"2024-10-23T11:47:12","slug":"borussia-dortmund-2022-heimtrikot-gelb-schwarz-langarm-kurze-hosen-reus-11","status":"publish","type":"product","link":"https:\/\/www.billigtrikotde.com\/sl\/borussia-dortmund-2022-heimtrikot-gelb-schwarz-langarm-kurze-hosen-reus-11\/","title":{"rendered":"Borussia Dortmund 2022 doma\u010da majica rumeno-\u010drna z dolgimi rokavi + kratke hla\u010de Reus 11"},"content":{"rendered":"<p>Uradni logotip Borussia Dortmund 09 krasi levo stran prsi tega doma\u010dega dresa z V-izrezom. Ta dres je popolnoma zasnovan za udobje no\u0161enja in se pona\u0161a z tehnologijo dryCELL podjetja PUMA, ki odvaja vlago od telesa. Saj nekaj potu (ali tudi veliko) ne bi smelo stati na poti va\u0161emu igramu.<\/p>\n<p>Ta izdelek vsebuje recikliran material: izdelan iz ponovno uporabljenih vlaken. Iniciativa podjetja PUMA za zmanj\u0161anje negativnih vplivov na okolje.<\/p>\n<p>Nasveti za tiskanje: \u010ce sta ime in \u0161tevilka na sliki to\u010dno tak\u0161na, kot ju \u017eelite, ju ni treba ponovno vnesti. \u010ce ni tako, vnesite \u017eeleno ime in \u0161tevilko.<\/p>\n<p>Nasveti za pranje: Priporo\u010dljivo je, da nogometne majice perete ro\u010dno. \u010ce \u017eelite uporabiti pralni stroj, ne pozabite nogometne majice obrniti narobe in jih nato oprati. Stroj napolnite s hladno vodo in uporabite ob\u010dutljiv cikel, da bolje za\u0161\u010ditite barve.<\/p>","protected":false},"excerpt":{"rendered":"<p>Das offizielle Borussia Dortmund 09-Logo ziert die linke Brustseite dieses Heimtrikots mit V-Ausschnitt. Dieses Trikot ist ganz auf Tragekomfort ausgelegt und \u00fcberzeugt mit PUMAs dryCELL-Technologie, die Feuchtigkeit von deinem K\u00f6rper wegtransportiert. Denn ein wenig Schwei\u00df (oder auch eine Menge) sollte deinem Spiel nicht im Wege stehen. Dieses Produkt enth\u00e4lt Recyclingmaterial: Hergestellt aus wiederverwendeten Fasern. Eine [&hellip;]<\/p>","protected":false},"featured_media":1811,"comment_status":"open","ping_status":"closed","template":"","meta":[],"product_brand":[],"product_cat":[63],"product_tag":[20,65,66,38,21,22,24],"class_list":{"0":"post-1773","1":"product","2":"type-product","3":"status-publish","4":"has-post-thumbnail","6":"product_cat-borussia-dortmund","7":"product_tag-coole-fussballtrikots","8":"product_tag-borussia-dortmund-trikots","9":"product_tag-bvb-trikots","10":"product_tag-fussball-trikot-langarm","11":"product_tag-fussballtrikot-fuer-herren","12":"product_tag-fussballtrikot-guenstig-kaufen","13":"product_tag-guenstiges-fussballtrikot","15":"first","16":"instock","17":"shipping-taxable","18":"purchasable","19":"product-type-variable"},"_links":{"self":[{"href":"https:\/\/www.billigtrikotde.com\/sl\/wp-json\/wp\/v2\/product\/1773","targetHints":{"allow":["GET"]}}],"collection":[{"href":"https:\/\/www.billigtrikotde.com\/sl\/wp-json\/wp\/v2\/product"}],"about":[{"href":"https:\/\/www.billigtrikotde.com\/sl\/wp-json\/wp\/v2\/types\/product"}],"replies":[{"embeddable":true,"href":"https:\/\/www.billigtrikotde.com\/sl\/wp-json\/wp\/v2\/comments?post=1773"}],"wp:featuredmedia":[{"embeddable":true,"href":"https:\/\/www.billigtrikotde.com\/sl\/wp-json\/wp\/v2\/media\/1811"}],"wp:attachment":[{"href":"https:\/\/www.billigtrikotde.com\/sl\/wp-json\/wp\/v2\/media?parent=1773"}],"wp:term":[{"taxonomy":"product_brand","embeddable":true,"href":"https:\/\/www.billigtrikotde.com\/sl\/wp-json\/wp\/v2\/product_brand?post=1773"},{"taxonomy":"product_cat","embeddable":true,"href":"https:\/\/www.billigtrikotde.com\/sl\/wp-json\/wp\/v2\/product_cat?post=1773"},{"taxonomy":"product_tag","embeddable":true,"href":"https:\/\/www.billigtrikotde.com\/sl\/wp-json\/wp\/v2\/product_tag?post=1773"}],"curies":[{"name":"wp","href":"https:\/\/api.w.org\/{rel}","templated":true}]}}