{"id":1747,"date":"2024-10-23T13:43:56","date_gmt":"2024-10-23T11:43:56","guid":{"rendered":"http:\/\/billigtrikots.com\/?post_type=product&#038;p=1747"},"modified":"2024-10-23T13:46:05","modified_gmt":"2024-10-23T11:46:05","slug":"brandneues-shirt-herren-bvb-borussia-dortmund-cup-2022-trikot-gelb-schwarz","status":"publish","type":"product","link":"https:\/\/www.billigtrikotde.com\/sl\/brandneues-shirt-herren-bvb-borussia-dortmund-cup-2022-trikot-gelb-schwarz\/","title":{"rendered":"Nova majica mo\u0161ki BVB Borussia Dortmund CUP 2022 dres rumena\/\u010drna"},"content":{"rendered":"<p>Aktualni mo\u0161ki Cup dres Borusijev vas bo zasijal v ble\u0161\u010dici idolov. Ponuja vam uradni licen\u010dni videz va\u0161e najljub\u0161e mo\u0161tvene enote in nosi ponosne podrobnosti mo\u0161tva ter logotip sponzorja na sredini prsnega ko\u0161a. Resni\u010den MUST-HAVE za vse zvesto spremljevalce BVB!<\/p>\n<p>Visoka kakovost vam hkrati nudi odli\u010den nosilni udobje in zahvaljujo\u010d revolucionarnim Puma tehnologijam Cup dres zagotavlja dobro uravnavano toplotno in vla\u017enostno ravnovesje. Dobro prilagojena \u0631\u0627\u062d\u062a to podpora pri vsakem va\u0161em legendarni slovesnem slavju na stadionu in tudi izven njega v prostem \u010dasu ter v treningu. Raglan rokavi in mehak V vratna odprtina sta poskrbita za popolno po\u010dutje in gibanje v vseh smereh.<\/p>\n<p>Nasveti za tiskanje: \u010ce sta ime in \u0161tevilka na sliki to\u010dno tak\u0161na, kot ju \u017eelite, ju ni treba ponovno vnesti. \u010ce ni tako, vnesite \u017eeleno ime in \u0161tevilko.<\/p>\n<p>Nasveti za pranje: Priporo\u010dljivo je, da nogometne majice perete ro\u010dno. \u010ce \u017eelite uporabiti pralni stroj, ne pozabite nogometne majice obrniti narobe in jih nato oprati. Stroj napolnite s hladno vodo in uporabite ob\u010dutljiv cikel, da bolje za\u0161\u010ditite barve.<\/p>","protected":false},"excerpt":{"rendered":"<p>Das aktuelle Herren Cup Trikot der Borussen l\u00e4sst dich im Glanz deiner Idole erstrahlen. Es bietet dir den offiziellen Lizenz-Look deiner Lieblingself und tr\u00e4gt mittig auf der Brust stolze Teamdetails und das Sponsorenlogo. Ein echtes MUST-HAVE f\u00fcr alle treuen Wegbegleiter des BVB! Die hochwertige Qualit\u00e4t bietet dir dabei auch noch einen hervorragenden Tragekomfort und dank [&hellip;]<\/p>","protected":false},"featured_media":1777,"comment_status":"open","ping_status":"closed","template":"","meta":[],"product_brand":[],"product_cat":[63],"product_tag":[20,64,65,66,67,21,22,23,24],"class_list":{"0":"post-1747","1":"product","2":"type-product","3":"status-publish","4":"has-post-thumbnail","6":"product_cat-borussia-dortmund","7":"product_tag-coole-fussballtrikots","8":"product_tag-borussia-dortmund-cup-shirt","9":"product_tag-borussia-dortmund-trikots","10":"product_tag-bvb-trikots","11":"product_tag-fussball-trikotsatz","12":"product_tag-fussballtrikot-fuer-herren","13":"product_tag-fussballtrikot-guenstig-kaufen","14":"product_tag-fussballtrikot-kurzarm","15":"product_tag-guenstiges-fussballtrikot","17":"first","18":"instock","19":"shipping-taxable","20":"purchasable","21":"product-type-variable"},"_links":{"self":[{"href":"https:\/\/www.billigtrikotde.com\/sl\/wp-json\/wp\/v2\/product\/1747","targetHints":{"allow":["GET"]}}],"collection":[{"href":"https:\/\/www.billigtrikotde.com\/sl\/wp-json\/wp\/v2\/product"}],"about":[{"href":"https:\/\/www.billigtrikotde.com\/sl\/wp-json\/wp\/v2\/types\/product"}],"replies":[{"embeddable":true,"href":"https:\/\/www.billigtrikotde.com\/sl\/wp-json\/wp\/v2\/comments?post=1747"}],"wp:featuredmedia":[{"embeddable":true,"href":"https:\/\/www.billigtrikotde.com\/sl\/wp-json\/wp\/v2\/media\/1777"}],"wp:attachment":[{"href":"https:\/\/www.billigtrikotde.com\/sl\/wp-json\/wp\/v2\/media?parent=1747"}],"wp:term":[{"taxonomy":"product_brand","embeddable":true,"href":"https:\/\/www.billigtrikotde.com\/sl\/wp-json\/wp\/v2\/product_brand?post=1747"},{"taxonomy":"product_cat","embeddable":true,"href":"https:\/\/www.billigtrikotde.com\/sl\/wp-json\/wp\/v2\/product_cat?post=1747"},{"taxonomy":"product_tag","embeddable":true,"href":"https:\/\/www.billigtrikotde.com\/sl\/wp-json\/wp\/v2\/product_tag?post=1747"}],"curies":[{"name":"wp","href":"https:\/\/api.w.org\/{rel}","templated":true}]}}