{"id":17139,"date":"2024-10-24T09:24:19","date_gmt":"2024-10-24T07:24:19","guid":{"rendered":"http:\/\/billigtrikots.com\/?post_type=product&#038;p=17139"},"modified":"2025-10-16T16:02:15","modified_gmt":"2025-10-16T14:02:15","slug":"real-madrid-2023-24-drittes-trikot-schwarze-goldgelb-fussballtrikots-set-thibaut-courtois-1","status":"publish","type":"product","link":"https:\/\/www.billigtrikotde.com\/sl\/real-madrid-2023-24-drittes-trikot-schwarze-goldgelb-fussballtrikots-set-thibaut-courtois-1\/","title":{"rendered":"Real Madrid 2023-24 Third Shirt Black Golden Yellow Football Shirt Set Thibaut Courtois 1"},"content":{"rendered":"<p>Tretji dres Real 2023-2024 zdru\u017euje \u010drno osnovno barvo in zlato rumeno kot drugo barvo. Gre za isto rumeno barvo Prevolved, ki se uporablja za doma\u010di in gostujo\u010di dres Real Madrid 2023-2024, tretja barva dresa Madrid 2023-2024 pa je \"Carbon\" - po pri\u010dakovanju se uporablja za tri \u010drte.<\/p>\n<p>Druga novost tretjega nogometnega dresa Real Madrid 2023-2024 je posebna izdaja \"Lifestyler\". Razli\u010dica \"Lifestyler\" tretjega dresa Real Madrid 2023-24 je brez logotipa sponzorja, z druga\u010dnim logotipom ter druga\u010dno tkanino in krojem.<\/p>\n<p>Nasveti za tiskanje: \u010ce sta ime in \u0161tevilka na sliki to\u010dno tak\u0161na, kot ju \u017eelite, ju ni treba ponovno vnesti. \u010ce ni tako, vnesite \u017eeleno ime in \u0161tevilko.<\/p>\n<p>Nasveti za pranje: Priporo\u010dljivo je, da nogometne majice perete ro\u010dno. \u010ce \u017eelite uporabiti pralni stroj, ne pozabite nogometne majice obrniti narobe in jih nato oprati. Stroj napolnite s hladno vodo in uporabite ob\u010dutljiv cikel, da bolje za\u0161\u010ditite barve.<\/p>","protected":false},"excerpt":{"rendered":"<p>Tretji dres Real 2023-2024 zdru\u017euje \u010drno osnovno barvo in zlato rumeno kot drugo barvo. Gre za isto rumeno barvo Prevolved, ki se uporablja za doma\u010di in gostujo\u010di dres Real Madrid 2023-2024, tretja barva dresa Madrid 2023-2024 pa je \"Carbon\" - po pri\u010dakovanju se uporablja za tri \u010drte.<\/p>","protected":false},"featured_media":17181,"comment_status":"open","ping_status":"closed","template":"","meta":[],"product_brand":[],"product_cat":[45],"product_tag":[574,21,23,228,24,489,490,979,47],"class_list":{"0":"post-17139","1":"product","2":"type-product","3":"status-publish","4":"has-post-thumbnail","6":"product_cat-real-madrid","7":"product_tag-fussballtrikot-deutschland","8":"product_tag-fussballtrikot-fuer-herren","9":"product_tag-fussballtrikot-kurzarm","10":"product_tag-guenstige-fussballtrikot","11":"product_tag-guenstiges-fussballtrikot","12":"product_tag-real-madrid-fussballtrikot","13":"product_tag-real-madrid-trikot","14":"product_tag-real-madrid-trikot-2024","15":"product_tag-real-madrid-trikots","17":"first","18":"instock","19":"shipping-taxable","20":"purchasable","21":"product-type-variable"},"_links":{"self":[{"href":"https:\/\/www.billigtrikotde.com\/sl\/wp-json\/wp\/v2\/product\/17139","targetHints":{"allow":["GET"]}}],"collection":[{"href":"https:\/\/www.billigtrikotde.com\/sl\/wp-json\/wp\/v2\/product"}],"about":[{"href":"https:\/\/www.billigtrikotde.com\/sl\/wp-json\/wp\/v2\/types\/product"}],"replies":[{"embeddable":true,"href":"https:\/\/www.billigtrikotde.com\/sl\/wp-json\/wp\/v2\/comments?post=17139"}],"wp:featuredmedia":[{"embeddable":true,"href":"https:\/\/www.billigtrikotde.com\/sl\/wp-json\/wp\/v2\/media\/17181"}],"wp:attachment":[{"href":"https:\/\/www.billigtrikotde.com\/sl\/wp-json\/wp\/v2\/media?parent=17139"}],"wp:term":[{"taxonomy":"product_brand","embeddable":true,"href":"https:\/\/www.billigtrikotde.com\/sl\/wp-json\/wp\/v2\/product_brand?post=17139"},{"taxonomy":"product_cat","embeddable":true,"href":"https:\/\/www.billigtrikotde.com\/sl\/wp-json\/wp\/v2\/product_cat?post=17139"},{"taxonomy":"product_tag","embeddable":true,"href":"https:\/\/www.billigtrikotde.com\/sl\/wp-json\/wp\/v2\/product_tag?post=17139"}],"curies":[{"name":"wp","href":"https:\/\/api.w.org\/{rel}","templated":true}]}}