{"id":17058,"date":"2024-10-24T09:19:20","date_gmt":"2024-10-24T07:19:20","guid":{"rendered":"http:\/\/billigtrikots.com\/?post_type=product&#038;p=17058"},"modified":"2025-06-09T04:41:57","modified_gmt":"2025-06-09T02:41:57","slug":"guenstige-fussballtrikots-arsenal-2023-24-auswaertstrikot-gruen-gelbe-personalisierbar","status":"publish","type":"product","link":"https:\/\/www.billigtrikotde.com\/sl\/guenstige-fussballtrikots-arsenal-2023-24-auswaertstrikot-gruen-gelbe-personalisierbar\/","title":{"rendered":"Poceni Arsenal 2023-24 Away Jersey green-yellow Prilagodljivo"},"content":{"rendered":"<p>Dres Arsenal FC 23-24 ima svetel in sodoben videz. Zdru\u017euje fluo zeleno-rumeno osnovno barvo s \u010drno\/svetlo modro barvo za logotipe in aplikacije. kar dela gostujo\u010di dres Arsenal 23-24 tako poseben, niso le barve, ampak tudi dizajn. Izletni\u0161ki dres Arsenal 23-24 ima edinstven dizajn z debelimi \u010drnimi \u010drtami po celotnem dresu, privla\u010den dres pa krasijo teko\u010de \u010drne \u010drte, ki jih je navdihnil zemljevid Islingtona. Zapletena zasnova simbolizira potovanja, ki jih navija\u010di opravijo, ko zapustijo doma\u010di okraj, da bi podpirali ekipo dale\u010d od doma.<\/p>\n<p>Nasveti za tiskanje: \u010ce sta ime in \u0161tevilka na sliki to\u010dno tak\u0161na, kot ju \u017eelite, ju ni treba ponovno vnesti. \u010ce ni tako, vnesite \u017eeleno ime in \u0161tevilko.<\/p>\n<p>Nasveti za pranje: Priporo\u010dljivo je, da nogometne majice perete ro\u010dno. \u010ce \u017eelite uporabiti pralni stroj, ne pozabite nogometne majice obrniti narobe in jih nato oprati. Stroj napolnite s hladno vodo in uporabite ob\u010dutljiv cikel, da bolje za\u0161\u010ditite barve.<\/p>","protected":false},"excerpt":{"rendered":"<p>Das Arsenal FC 23-24 Ausw\u00e4rtstrikot hat einen hellen und modernen Look. Es kombiniert eine fluo-gr\u00fcn-gelbe Grundfarbe mit Schwarz\/Hellblau f\u00fcr Logos und Applikationen.Was das Arsenal 23-24 Ausw\u00e4rtstrikot so besonders macht, sind nicht nur die Farben, sondern auch das Design. Das Arsenal 23-24 Ausw\u00e4rtstrikot hat ein einzigartiges Design mit dicken, schwarzen Linien auf dem ganzen Trikot.Das auff\u00e4llige [&hellip;]<\/p>","protected":false},"featured_media":17097,"comment_status":"open","ping_status":"closed","template":"","meta":[],"product_brand":[],"product_cat":[55],"product_tag":[584,907,609,610,1007,21,23,24,585,1006],"class_list":{"0":"post-17058","1":"product","2":"type-product","3":"status-publish","4":"has-post-thumbnail","6":"product_cat-arsenal","7":"product_tag-arsenal-2023-24-trikot","8":"product_tag-arsenal-23-24-drittes-trikot","9":"product_tag-arsenal-fussballtrikot","10":"product_tag-arsenal-trikot","11":"product_tag-arsenal-trikot-2024","12":"product_tag-fussballtrikot-fuer-herren","13":"product_tag-fussballtrikot-kurzarm","14":"product_tag-guenstiges-fussballtrikot","15":"product_tag-herren-fussballtrikot","16":"product_tag-trikot-24-25","18":"first","19":"instock","20":"shipping-taxable","21":"purchasable","22":"product-type-variable"},"_links":{"self":[{"href":"https:\/\/www.billigtrikotde.com\/sl\/wp-json\/wp\/v2\/product\/17058","targetHints":{"allow":["GET"]}}],"collection":[{"href":"https:\/\/www.billigtrikotde.com\/sl\/wp-json\/wp\/v2\/product"}],"about":[{"href":"https:\/\/www.billigtrikotde.com\/sl\/wp-json\/wp\/v2\/types\/product"}],"replies":[{"embeddable":true,"href":"https:\/\/www.billigtrikotde.com\/sl\/wp-json\/wp\/v2\/comments?post=17058"}],"wp:featuredmedia":[{"embeddable":true,"href":"https:\/\/www.billigtrikotde.com\/sl\/wp-json\/wp\/v2\/media\/17097"}],"wp:attachment":[{"href":"https:\/\/www.billigtrikotde.com\/sl\/wp-json\/wp\/v2\/media?parent=17058"}],"wp:term":[{"taxonomy":"product_brand","embeddable":true,"href":"https:\/\/www.billigtrikotde.com\/sl\/wp-json\/wp\/v2\/product_brand?post=17058"},{"taxonomy":"product_cat","embeddable":true,"href":"https:\/\/www.billigtrikotde.com\/sl\/wp-json\/wp\/v2\/product_cat?post=17058"},{"taxonomy":"product_tag","embeddable":true,"href":"https:\/\/www.billigtrikotde.com\/sl\/wp-json\/wp\/v2\/product_tag?post=17058"}],"curies":[{"name":"wp","href":"https:\/\/api.w.org\/{rel}","templated":true}]}}