{"id":1665,"date":"2024-10-23T13:40:14","date_gmt":"2024-10-23T11:40:14","guid":{"rendered":"http:\/\/billigtrikots.com\/?post_type=product&#038;p=1665"},"modified":"2025-06-16T16:04:10","modified_gmt":"2025-06-16T14:04:10","slug":"juventus-turin-torwart-schwarz-langarm-kurze-hosen-anpassbare-name-und-nummer","status":"publish","type":"product","link":"https:\/\/www.billigtrikotde.com\/sl\/juventus-turin-torwart-schwarz-langarm-kurze-hosen-anpassbare-name-und-nummer\/","title":{"rendered":"Juventus Goalkeeper Black Dolgi rokavi + kratke hla\u010de Prilagodljivo ime in \u0161tevilka"},"content":{"rendered":"<p>Naredi svojo obrambo kot profesionalci Juventusa in nosi doma\u010do vratarsko majico adidas Juventus 21\/22, ki je osnovana na majici, ki jo nosijo profesionalni vratarji kluba.<\/p>\n<p>Doma\u010da vratarska majica adidas Juventus 21\/22 je izdelana iz lahkega materiala z raztegljivimi stranskimi deli in se premika z tvojim telesom, da omogo\u010di odlo\u010dilne obrambe.<\/p>\n<p>Nasveti za tiskanje: \u010ce sta ime in \u0161tevilka na sliki to\u010dno tak\u0161na, kot ju \u017eelite, ju ni treba ponovno vnesti. \u010ce ni tako, vnesite \u017eeleno ime in \u0161tevilko.<\/p>\n<p>Nasveti za pranje: Priporo\u010dljivo je, da nogometne majice perete ro\u010dno. \u010ce \u017eelite uporabiti pralni stroj, ne pozabite nogometne majice obrniti narobe in jih nato oprati. Stroj napolnite s hladno vodo in uporabite ob\u010dutljiv cikel, da bolje za\u0161\u010ditite barve.<\/p>","protected":false},"excerpt":{"rendered":"<p>Naredi svojo obrambo kot Juvejevi profesionalci in obleci doma\u010de vratarjevo dres adidas Juventus 21\/22, ki temelji na dresu, ki ga nosijo profesionalni vratarji kluba. Dres adidas Juventus 21\/22 vratar doma\u010di je izdelan iz lahkega materiala z raztegljivimi stranskimi deli in se premika z tvojim telesom ter omogo\u010da vratarjeve uspe\u0161ne parade. Nasveti za tiskanje: \u010ce [\u2026]<\/p>","protected":false},"featured_media":1704,"comment_status":"open","ping_status":"closed","template":"","meta":[],"product_brand":[],"product_cat":[59],"product_tag":[20,38,21,24,62,61],"class_list":{"0":"post-1665","1":"product","2":"type-product","3":"status-publish","4":"has-post-thumbnail","6":"product_cat-juventus","7":"product_tag-coole-fussballtrikots","8":"product_tag-fussball-trikot-langarm","9":"product_tag-fussballtrikot-fuer-herren","10":"product_tag-guenstiges-fussballtrikot","11":"product_tag-juventus-torwarttrikot","12":"product_tag-juventus-trikots","14":"first","15":"instock","16":"shipping-taxable","17":"purchasable","18":"product-type-variable"},"_links":{"self":[{"href":"https:\/\/www.billigtrikotde.com\/sl\/wp-json\/wp\/v2\/product\/1665","targetHints":{"allow":["GET"]}}],"collection":[{"href":"https:\/\/www.billigtrikotde.com\/sl\/wp-json\/wp\/v2\/product"}],"about":[{"href":"https:\/\/www.billigtrikotde.com\/sl\/wp-json\/wp\/v2\/types\/product"}],"replies":[{"embeddable":true,"href":"https:\/\/www.billigtrikotde.com\/sl\/wp-json\/wp\/v2\/comments?post=1665"}],"wp:featuredmedia":[{"embeddable":true,"href":"https:\/\/www.billigtrikotde.com\/sl\/wp-json\/wp\/v2\/media\/1704"}],"wp:attachment":[{"href":"https:\/\/www.billigtrikotde.com\/sl\/wp-json\/wp\/v2\/media?parent=1665"}],"wp:term":[{"taxonomy":"product_brand","embeddable":true,"href":"https:\/\/www.billigtrikotde.com\/sl\/wp-json\/wp\/v2\/product_brand?post=1665"},{"taxonomy":"product_cat","embeddable":true,"href":"https:\/\/www.billigtrikotde.com\/sl\/wp-json\/wp\/v2\/product_cat?post=1665"},{"taxonomy":"product_tag","embeddable":true,"href":"https:\/\/www.billigtrikotde.com\/sl\/wp-json\/wp\/v2\/product_tag?post=1665"}],"curies":[{"name":"wp","href":"https:\/\/api.w.org\/{rel}","templated":true}]}}