{"id":16518,"date":"2024-10-24T08:47:58","date_gmt":"2024-10-24T06:47:58","guid":{"rendered":"http:\/\/billigtrikots.com\/?post_type=product&#038;p=16518"},"modified":"2025-05-30T15:26:27","modified_gmt":"2025-05-30T13:26:27","slug":"fussball-trikotsatz-fuer-herren-chelsea-2023-24-weiss-blau-heimtrikot-benoit-badiashile-5","status":"publish","type":"product","link":"https:\/\/www.billigtrikotde.com\/sl\/fussball-trikotsatz-fuer-herren-chelsea-2023-24-weiss-blau-heimtrikot-benoit-badiashile-5\/","title":{"rendered":"Nogometni komplet za mo\u0161ke Chelsea 2023-24 white blue home shirt Benoit Badiashile 5"},"content":{"rendered":"<p>Dres Chelsea 23-24 zdru\u017euje modro osnovno barvo z belimi na\u0161itki in svetle\u010dimi se logotipi.Dres Chelsea FC 23-24 v klasi\u010dno modro barvo vklju\u010duje tudi belo barvo, s \u010dimer se obele\u017euje zmagoslavje ekipe v pokalu pokalnih zmagovalcev UEFA in liga\u0161kem pokalu v sezoni 97-98.Na notranji strani ovratnika je zlata oznaka \"Pride of London\".Dres Chelsea Football Club 2023-2024 je po predlogi nadgrajen s predlogo 23-24. Zaradi belih aplikacij na boku se razlikuje od drugih dresov 2023-2024, medtem ko belo-modre\/zlate man\u0161ete zaokro\u017eujejo videz doma\u010dega dresa Nike Chelsea 23-24.<\/p>\n<p>Nasveti za tiskanje: \u010ce sta ime in \u0161tevilka na sliki to\u010dno tak\u0161na, kot ju \u017eelite, ju ni treba ponovno vnesti. \u010ce ni tako, vnesite \u017eeleno ime in \u0161tevilko.<\/p>\n<p>Nasveti za pranje: Priporo\u010dljivo je, da nogometne majice perete ro\u010dno. \u010ce \u017eelite uporabiti pralni stroj, ne pozabite nogometne majice obrniti narobe in jih nato oprati. Stroj napolnite s hladno vodo in uporabite ob\u010dutljiv cikel, da bolje za\u0161\u010ditite barve.<\/p>","protected":false},"excerpt":{"rendered":"<p>Das Chelsea 23-24 Trikot kombiniert eine blaue Grundfarbe mit wei\u00dfen Applikationen und schimmernden, schillernden Logos.Das Chelsea FC 23-24 Trikot integriert auch Wei\u00df in das klassische Blau und feiert damit den Triumph der Mannschaft im UEFA-Pokal der Pokalsieger und im Ligapokal in der Saison 97-98. Auf der Innenseite des Kragens befindet sich ein goldenes \u201ePride of [&hellip;]<\/p>","protected":false},"featured_media":16558,"comment_status":"open","ping_status":"closed","template":"","meta":[],"product_brand":[],"product_cat":[72],"product_tag":[20,448,73,982,574,21,22,23,24,441],"class_list":{"0":"post-16518","1":"product","2":"type-product","3":"status-publish","4":"has-post-thumbnail","6":"product_cat-chelsea","7":"product_tag-coole-fussballtrikots","8":"product_tag-chelsea-trikot-bestellen","9":"product_tag-chelsea-trikots","10":"product_tag-chelsea-trikots-2024","11":"product_tag-fussballtrikot-deutschland","12":"product_tag-fussballtrikot-fuer-herren","13":"product_tag-fussballtrikot-guenstig-kaufen","14":"product_tag-fussballtrikot-kurzarm","15":"product_tag-guenstiges-fussballtrikot","16":"product_tag-neue-chelsea-trikots","18":"first","19":"instock","20":"shipping-taxable","21":"purchasable","22":"product-type-variable"},"_links":{"self":[{"href":"https:\/\/www.billigtrikotde.com\/sl\/wp-json\/wp\/v2\/product\/16518","targetHints":{"allow":["GET"]}}],"collection":[{"href":"https:\/\/www.billigtrikotde.com\/sl\/wp-json\/wp\/v2\/product"}],"about":[{"href":"https:\/\/www.billigtrikotde.com\/sl\/wp-json\/wp\/v2\/types\/product"}],"replies":[{"embeddable":true,"href":"https:\/\/www.billigtrikotde.com\/sl\/wp-json\/wp\/v2\/comments?post=16518"}],"wp:featuredmedia":[{"embeddable":true,"href":"https:\/\/www.billigtrikotde.com\/sl\/wp-json\/wp\/v2\/media\/16558"}],"wp:attachment":[{"href":"https:\/\/www.billigtrikotde.com\/sl\/wp-json\/wp\/v2\/media?parent=16518"}],"wp:term":[{"taxonomy":"product_brand","embeddable":true,"href":"https:\/\/www.billigtrikotde.com\/sl\/wp-json\/wp\/v2\/product_brand?post=16518"},{"taxonomy":"product_cat","embeddable":true,"href":"https:\/\/www.billigtrikotde.com\/sl\/wp-json\/wp\/v2\/product_cat?post=16518"},{"taxonomy":"product_tag","embeddable":true,"href":"https:\/\/www.billigtrikotde.com\/sl\/wp-json\/wp\/v2\/product_tag?post=16518"}],"curies":[{"name":"wp","href":"https:\/\/api.w.org\/{rel}","templated":true}]}}