{"id":1641,"date":"2024-10-23T13:39:10","date_gmt":"2024-10-23T11:39:10","guid":{"rendered":"http:\/\/billigtrikots.com\/?post_type=product&#038;p=1641"},"modified":"2025-06-16T16:04:12","modified_gmt":"2025-06-16T14:04:12","slug":"danilo-13-juventus-turin-herren-2022-fussball-langarm-kurze-hosen","status":"publish","type":"product","link":"https:\/\/www.billigtrikotde.com\/sl\/danilo-13-juventus-turin-herren-2022-fussball-langarm-kurze-hosen\/","title":{"rendered":"Danilo 13# Juventus Torino Mo\u0161ki 2022 Nogomet z dolgimi rokavi + kratke hla\u010de"},"content":{"rendered":"<p>\u010castitev za njegovo odli\u010dno stadion. Triko adidas Juventus praznuje 10. obletnico kultnega stadiona Allianz. Zvezde, ki prevladujejo v oblikovanju stavbe, se odra\u017eajo v legendarnih \u010drnih \u010drtah in na novo odkrivajo klasi\u010den videz. Triko je bilo zasnovano za zagotavljanje najve\u010djega udobja navija\u010dem. Narejeno je iz mehkega materiala in vklju\u010duje tehnologijo AEROREADY za odvajanje znoja.<\/p>\n<p>Nasveti za tiskanje: \u010ce sta ime in \u0161tevilka na sliki to\u010dno tak\u0161na, kot ju \u017eelite, ju ni treba ponovno vnesti. \u010ce ni tako, vnesite \u017eeleno ime in \u0161tevilko.<\/p>\n<p>Natisnjeni dresi niso predmet vra\u010dila ali menjave. Pri individualno natisnjenih dresih se \u010das dostave podalj\u0161a za 1-2 delovna dneva. Kasnej\u0161e spremembe niso mo\u017ene. Brez originalne folije<\/p>\n<p>Nasveti za pranje: Priporo\u010dljivo je, da nogometne majice perete ro\u010dno. \u010ce \u017eelite uporabiti pralni stroj, ne pozabite nogometne majice obrniti narobe in jih nato oprati. Stroj napolnite s hladno vodo in uporabite ob\u010dutljiv cikel, da bolje za\u0161\u010ditite barve.<\/p>","protected":false},"excerpt":{"rendered":"<p>Eine Hommage an sein gro\u00dfartiges Stadion. Das adidas Juventus-Trikot feiert das 10-j\u00e4hrige Bestehen des kultigen Allianz Stadions. Die Sterne, die das Design des Geb\u00e4udes dominieren, spiegeln sich in den legend\u00e4ren schwarzen Streifen wider und erfinden einen klassischen Look neu. Das Shirt wurde entwickelt, um maximalen Komfort f\u00fcr Fans zu bieten. Es ist aus weichem Stoff [&hellip;]<\/p>","protected":false},"featured_media":1679,"comment_status":"open","ping_status":"closed","template":"","meta":[],"product_brand":[],"product_cat":[59],"product_tag":[20,38,21,24,61],"class_list":{"0":"post-1641","1":"product","2":"type-product","3":"status-publish","4":"has-post-thumbnail","6":"product_cat-juventus","7":"product_tag-coole-fussballtrikots","8":"product_tag-fussball-trikot-langarm","9":"product_tag-fussballtrikot-fuer-herren","10":"product_tag-guenstiges-fussballtrikot","11":"product_tag-juventus-trikots","13":"first","14":"instock","15":"shipping-taxable","16":"purchasable","17":"product-type-variable"},"_links":{"self":[{"href":"https:\/\/www.billigtrikotde.com\/sl\/wp-json\/wp\/v2\/product\/1641","targetHints":{"allow":["GET"]}}],"collection":[{"href":"https:\/\/www.billigtrikotde.com\/sl\/wp-json\/wp\/v2\/product"}],"about":[{"href":"https:\/\/www.billigtrikotde.com\/sl\/wp-json\/wp\/v2\/types\/product"}],"replies":[{"embeddable":true,"href":"https:\/\/www.billigtrikotde.com\/sl\/wp-json\/wp\/v2\/comments?post=1641"}],"wp:featuredmedia":[{"embeddable":true,"href":"https:\/\/www.billigtrikotde.com\/sl\/wp-json\/wp\/v2\/media\/1679"}],"wp:attachment":[{"href":"https:\/\/www.billigtrikotde.com\/sl\/wp-json\/wp\/v2\/media?parent=1641"}],"wp:term":[{"taxonomy":"product_brand","embeddable":true,"href":"https:\/\/www.billigtrikotde.com\/sl\/wp-json\/wp\/v2\/product_brand?post=1641"},{"taxonomy":"product_cat","embeddable":true,"href":"https:\/\/www.billigtrikotde.com\/sl\/wp-json\/wp\/v2\/product_cat?post=1641"},{"taxonomy":"product_tag","embeddable":true,"href":"https:\/\/www.billigtrikotde.com\/sl\/wp-json\/wp\/v2\/product_tag?post=1641"}],"curies":[{"name":"wp","href":"https:\/\/api.w.org\/{rel}","templated":true}]}}