{"id":1627,"date":"2024-10-23T13:38:37","date_gmt":"2024-10-23T11:38:37","guid":{"rendered":"http:\/\/billigtrikots.com\/?post_type=product&#038;p=1627"},"modified":"2025-06-16T16:04:13","modified_gmt":"2025-06-16T14:04:13","slug":"herren-tw-trikot-juventus-turin-goalie-trikot-set-2022-in-gruen","status":"publish","type":"product","link":"https:\/\/www.billigtrikotde.com\/sl\/herren-tw-trikot-juventus-turin-goalie-trikot-set-2022-in-gruen\/","title":{"rendered":"Mo\u0161ki TW Jersey Juventus Turin Komplet vratarskih dresov 2022 v zeleni barvi"},"content":{"rendered":"<p>Z udobnim modelom v zeleno poka\u017ee\u0161 svojo brezpogojno ljubezen do svojega kluba. Adidas \u0161portni top je popolna izbira. V nobeni zbirki navija\u010dev ne sme manjkati ta \u0161portni top FC Juventus Turin. Je zra\u010den, udoben in lahek. Postane pravi poudarek zaradi klubske grbe na prsih. Ne glede na to, kako naporen je trening ali tekma, s tem modelom si vedno odli\u010dno oble\u010den.<\/p>\n<p>Nasveti za tiskanje: \u010ce sta ime in \u0161tevilka na sliki to\u010dno tak\u0161na, kot ju \u017eelite, ju ni treba ponovno vnesti. \u010ce ni tako, vnesite \u017eeleno ime in \u0161tevilko.<\/p>\n<p>Nasveti za pranje: Priporo\u010dljivo je, da nogometne majice perete ro\u010dno. \u010ce \u017eelite uporabiti pralni stroj, ne pozabite nogometne majice obrniti narobe in jih nato oprati. Stroj napolnite s hladno vodo in uporabite ob\u010dutljiv cikel, da bolje za\u0161\u010ditite barve.<\/p>","protected":false},"excerpt":{"rendered":"<p>Mit dem bequemen Modell in Gr\u00fcn zeigst du deine bedingungslose Liebe zu deinem Verein. Das adidas Sporttop ist die perfekte Wahl. In keiner Fan-Sammlung darf dieses FC Juventus Turin-Sporttop fehlen. Es ist atmungsaktiv, bequem und leicht. Zum absoluten Highlight wird es durch das Vereinswappen auf der Brust. Egal, wie hart das Training oder das Spiel [&hellip;]<\/p>","protected":false},"featured_media":1657,"comment_status":"open","ping_status":"closed","template":"","meta":[],"product_brand":[],"product_cat":[59],"product_tag":[20,35,21,23,24,62,61],"class_list":{"0":"post-1627","1":"product","2":"type-product","3":"status-publish","4":"has-post-thumbnail","6":"product_cat-juventus","7":"product_tag-coole-fussballtrikots","8":"product_tag-fussball-torwarttrikots","9":"product_tag-fussballtrikot-fuer-herren","10":"product_tag-fussballtrikot-kurzarm","11":"product_tag-guenstiges-fussballtrikot","12":"product_tag-juventus-torwarttrikot","13":"product_tag-juventus-trikots","15":"first","16":"instock","17":"shipping-taxable","18":"purchasable","19":"product-type-variable"},"_links":{"self":[{"href":"https:\/\/www.billigtrikotde.com\/sl\/wp-json\/wp\/v2\/product\/1627","targetHints":{"allow":["GET"]}}],"collection":[{"href":"https:\/\/www.billigtrikotde.com\/sl\/wp-json\/wp\/v2\/product"}],"about":[{"href":"https:\/\/www.billigtrikotde.com\/sl\/wp-json\/wp\/v2\/types\/product"}],"replies":[{"embeddable":true,"href":"https:\/\/www.billigtrikotde.com\/sl\/wp-json\/wp\/v2\/comments?post=1627"}],"wp:featuredmedia":[{"embeddable":true,"href":"https:\/\/www.billigtrikotde.com\/sl\/wp-json\/wp\/v2\/media\/1657"}],"wp:attachment":[{"href":"https:\/\/www.billigtrikotde.com\/sl\/wp-json\/wp\/v2\/media?parent=1627"}],"wp:term":[{"taxonomy":"product_brand","embeddable":true,"href":"https:\/\/www.billigtrikotde.com\/sl\/wp-json\/wp\/v2\/product_brand?post=1627"},{"taxonomy":"product_cat","embeddable":true,"href":"https:\/\/www.billigtrikotde.com\/sl\/wp-json\/wp\/v2\/product_cat?post=1627"},{"taxonomy":"product_tag","embeddable":true,"href":"https:\/\/www.billigtrikotde.com\/sl\/wp-json\/wp\/v2\/product_tag?post=1627"}],"curies":[{"name":"wp","href":"https:\/\/api.w.org\/{rel}","templated":true}]}}