{"id":16191,"date":"2024-10-24T08:29:13","date_gmt":"2024-10-24T06:29:13","guid":{"rendered":"http:\/\/billigtrikots.com\/?post_type=product&#038;p=16191"},"modified":"2025-05-30T16:14:08","modified_gmt":"2025-05-30T14:14:08","slug":"herren-set-manchester-united-2023-2024-drittes-trikot-mit-aufdruck-reguilon-15","status":"publish","type":"product","link":"https:\/\/www.billigtrikotde.com\/sl\/herren-set-manchester-united-2023-2024-drittes-trikot-mit-aufdruck-reguilon-15\/","title":{"rendered":"Mo\u0161ki komplet Manchester United 2023-2024 Tretji dres s potiskom REGUIL\u00d3N 15"},"content":{"rendered":"<p>Tretja majica Manchester United 2023-2024 je prete\u017eno krem barve z rde\u010dimi poudarki, posebnost tretje majice Manchester United 2023-2024 pa je, da je klubski grb zamenjal ikoni\u010dni znak rde\u010dega hudi\u010da iz grba ManUtd. Ta nepri\u010dakovana sprememba dodaja tretji majici Manchester United 23-24 presenetljiv in zanimiv element.<\/p>\n<p>Nasveti za tiskanje: \u010ce sta ime in \u0161tevilka na sliki to\u010dno tak\u0161na, kot ju \u017eelite, ju ni treba ponovno vnesti. \u010ce ni tako, vnesite \u017eeleno ime in \u0161tevilko.<\/p>\n<p>Nasveti za pranje: Priporo\u010dljivo je, da nogometne majice perete ro\u010dno. \u010ce \u017eelite uporabiti pralni stroj, ne pozabite nogometne majice obrniti narobe in jih nato oprati. Stroj napolnite s hladno vodo in uporabite ob\u010dutljiv cikel, da bolje za\u0161\u010ditite barve.<\/p>","protected":false},"excerpt":{"rendered":"<p>Tretja majica Manchester United 2023-2024 je ve\u010dinoma kremaste barve z rde\u010dimi poudarki. Posebnost tretje Manchester United 2023-2024 majice je v tem, da je klubskemu grbu nadome\u0161\u010deno z ikoni\u010dnim rde\u010dim demonskim globcem grba ManUtd. Ta nepri\u010dakovana sprememba daje tretji majici Manchester United 23-24 presenetljiv in zanimiv element. Nasveti za tiskanje: \u010ce je ime [\u2026]<\/p>","protected":false},"featured_media":16230,"comment_status":"open","ping_status":"closed","template":"","meta":[],"product_brand":[],"product_cat":[50],"product_tag":[20,574,21,23,24,900,672,673],"class_list":{"0":"post-16191","1":"product","2":"type-product","3":"status-publish","4":"has-post-thumbnail","6":"product_cat-manchester-united","7":"product_tag-coole-fussballtrikots","8":"product_tag-fussballtrikot-deutschland","9":"product_tag-fussballtrikot-fuer-herren","10":"product_tag-fussballtrikot-kurzarm","11":"product_tag-guenstiges-fussballtrikot","12":"product_tag-manchester-united-2023-2024-drittes-trikot","13":"product_tag-manchester-united-fussballtrikot","14":"product_tag-manchester-united-trikot","16":"first","17":"instock","18":"shipping-taxable","19":"purchasable","20":"product-type-variable"},"_links":{"self":[{"href":"https:\/\/www.billigtrikotde.com\/sl\/wp-json\/wp\/v2\/product\/16191","targetHints":{"allow":["GET"]}}],"collection":[{"href":"https:\/\/www.billigtrikotde.com\/sl\/wp-json\/wp\/v2\/product"}],"about":[{"href":"https:\/\/www.billigtrikotde.com\/sl\/wp-json\/wp\/v2\/types\/product"}],"replies":[{"embeddable":true,"href":"https:\/\/www.billigtrikotde.com\/sl\/wp-json\/wp\/v2\/comments?post=16191"}],"wp:featuredmedia":[{"embeddable":true,"href":"https:\/\/www.billigtrikotde.com\/sl\/wp-json\/wp\/v2\/media\/16230"}],"wp:attachment":[{"href":"https:\/\/www.billigtrikotde.com\/sl\/wp-json\/wp\/v2\/media?parent=16191"}],"wp:term":[{"taxonomy":"product_brand","embeddable":true,"href":"https:\/\/www.billigtrikotde.com\/sl\/wp-json\/wp\/v2\/product_brand?post=16191"},{"taxonomy":"product_cat","embeddable":true,"href":"https:\/\/www.billigtrikotde.com\/sl\/wp-json\/wp\/v2\/product_cat?post=16191"},{"taxonomy":"product_tag","embeddable":true,"href":"https:\/\/www.billigtrikotde.com\/sl\/wp-json\/wp\/v2\/product_tag?post=16191"}],"curies":[{"name":"wp","href":"https:\/\/api.w.org\/{rel}","templated":true}]}}