{"id":16151,"date":"2024-10-24T08:26:55","date_gmt":"2024-10-24T06:26:55","guid":{"rendered":"http:\/\/billigtrikots.com\/?post_type=product&#038;p=16151"},"modified":"2024-10-24T08:29:37","modified_gmt":"2024-10-24T06:29:37","slug":"herren-set-manchester-united-heimtrikot-2023-24-bestellen-mit-aufdruck-martinez-6","status":"publish","type":"product","link":"https:\/\/www.billigtrikotde.com\/sl\/herren-set-manchester-united-heimtrikot-2023-24-bestellen-mit-aufdruck-martinez-6\/","title":{"rendered":"Manchester United doma\u010da majica 2023-24 s potiskom MARTINEZ 6"},"content":{"rendered":"<p>Dres Manchester United 2023-2024 zdru\u017euje klasi\u010dno rde\u010do glavno barvo s \u010drno za logotipe in tri \u010drte ter bele podrobnosti. Prvi\u010d po sezoni 2019-2020 je \u010drna barva uporabljena kot sekundarna barva. Uradno se rde\u010da barva imenuje \"Team Collage Red\".<\/p>\n<p>Dres Manchester Uniteda za sezono 2023-24 je oblikovno navdihnjen z industrijsko dedi\u0161\u010dino Manchestra. Dres ima ponavljajo\u010di se vzorec, ki zdru\u017euje lancashirsko vrtnico v geometrijskem vzorcu, navdihnjenem z mostom Trafford Road Bridge, ki je bil zgrajen v \u010dasu industrijske revolucije.<\/p>\n<p>Nasveti za tiskanje: \u010ce sta ime in \u0161tevilka na sliki to\u010dno tak\u0161na, kot ju \u017eelite, ju ni treba ponovno vnesti. \u010ce ni tako, vnesite \u017eeleno ime in \u0161tevilko.<\/p>\n<p>Nasveti za pranje: Priporo\u010dljivo je, da nogometne majice perete ro\u010dno. \u010ce \u017eelite uporabiti pralni stroj, ne pozabite nogometne majice obrniti narobe in jih nato oprati. Stroj napolnite s hladno vodo in uporabite ob\u010dutljiv cikel, da bolje za\u0161\u010ditite barve.<\/p>","protected":false},"excerpt":{"rendered":"<p>Manchester United 2023-2024 dres zdru\u017euje klasi\u010dno rde\u010do kot glavno barvo ter \u010drno za logotipe in tri \u010drte ter bele podrobnosti. To je prvi\u010d od sezone 2019-2020, ko se \u010drna uporablja kot sekundarna barva. Uradno se rde\u010da barva imenuje \u201eTeam Collage Red\u201c. Kar se ti\u010de dizajna, je dres 2023-24 Manchesterja [\u2026]<\/p>","protected":false},"featured_media":16192,"comment_status":"open","ping_status":"closed","template":"","meta":[],"product_brand":[],"product_cat":[50],"product_tag":[20,574,21,22,23,24,672,673],"class_list":{"0":"post-16151","1":"product","2":"type-product","3":"status-publish","4":"has-post-thumbnail","6":"product_cat-manchester-united","7":"product_tag-coole-fussballtrikots","8":"product_tag-fussballtrikot-deutschland","9":"product_tag-fussballtrikot-fuer-herren","10":"product_tag-fussballtrikot-guenstig-kaufen","11":"product_tag-fussballtrikot-kurzarm","12":"product_tag-guenstiges-fussballtrikot","13":"product_tag-manchester-united-fussballtrikot","14":"product_tag-manchester-united-trikot","16":"first","17":"instock","18":"shipping-taxable","19":"purchasable","20":"product-type-variable"},"_links":{"self":[{"href":"https:\/\/www.billigtrikotde.com\/sl\/wp-json\/wp\/v2\/product\/16151","targetHints":{"allow":["GET"]}}],"collection":[{"href":"https:\/\/www.billigtrikotde.com\/sl\/wp-json\/wp\/v2\/product"}],"about":[{"href":"https:\/\/www.billigtrikotde.com\/sl\/wp-json\/wp\/v2\/types\/product"}],"replies":[{"embeddable":true,"href":"https:\/\/www.billigtrikotde.com\/sl\/wp-json\/wp\/v2\/comments?post=16151"}],"wp:featuredmedia":[{"embeddable":true,"href":"https:\/\/www.billigtrikotde.com\/sl\/wp-json\/wp\/v2\/media\/16192"}],"wp:attachment":[{"href":"https:\/\/www.billigtrikotde.com\/sl\/wp-json\/wp\/v2\/media?parent=16151"}],"wp:term":[{"taxonomy":"product_brand","embeddable":true,"href":"https:\/\/www.billigtrikotde.com\/sl\/wp-json\/wp\/v2\/product_brand?post=16151"},{"taxonomy":"product_cat","embeddable":true,"href":"https:\/\/www.billigtrikotde.com\/sl\/wp-json\/wp\/v2\/product_cat?post=16151"},{"taxonomy":"product_tag","embeddable":true,"href":"https:\/\/www.billigtrikotde.com\/sl\/wp-json\/wp\/v2\/product_tag?post=16151"}],"curies":[{"name":"wp","href":"https:\/\/api.w.org\/{rel}","templated":true}]}}