{"id":15832,"date":"2024-10-24T08:10:01","date_gmt":"2024-10-24T06:10:01","guid":{"rendered":"http:\/\/billigtrikots.com\/?post_type=product&#038;p=15832"},"modified":"2024-10-24T08:12:23","modified_gmt":"2024-10-24T06:12:23","slug":"herren-fc-barcelona-23-24-drittes-trikot-blau-kurzarm-joao-cancelo-2","status":"publish","type":"product","link":"https:\/\/www.billigtrikotde.com\/sl\/herren-fc-barcelona-23-24-drittes-trikot-blau-kurzarm-joao-cancelo-2\/","title":{"rendered":"Mo\u0161ki dres FC Barcelona 23-24 Third Jersey blue s kratkimi rokavi Joao Cancelo 2"},"content":{"rendered":"<p>Tretja nogometna majica Barcelona 23-24 je prete\u017eno mentolove barve (\"Light Aqua\"), v kombinaciji z Blaugrano kot oblikovnimi elementi in \u010drno barvo logotipa.Kar zadeva predlogo, je tretja nogometna majica Bar\u00e7a 23-24 poenostavljena. Uporablja enako predlogo kot razli\u010dne nacionalne reprezentance za svetovno prvenstvo za \u017eenske 2023 in druge elitne klubske ekipe 23-24 za svoje tretje komplete. dres Barcelona 23-24 izstopa zaradi dveh stvari - tkanine ter \u0161umnikov in grba. barvi Barcelone Blaugrana (modra in rde\u010da) sta vtkani v tkanino dresa Barcelona 23-24, kar mu daje poseben pridih.<\/p>\n<p>Nasveti za tiskanje: \u010ce sta ime in \u0161tevilka na sliki to\u010dno tak\u0161na, kot ju \u017eelite, ju ni treba ponovno vnesti. \u010ce ni tako, vnesite \u017eeleno ime in \u0161tevilko.<\/p>\n<p>Nasveti za pranje: Priporo\u010dljivo je, da nogometne majice perete ro\u010dno. \u010ce \u017eelite uporabiti pralni stroj, ne pozabite nogometne majice obrniti narobe in jih nato oprati. Stroj napolnite s hladno vodo in uporabite ob\u010dutljiv cikel, da bolje za\u0161\u010ditite barve.<\/p>","protected":false},"excerpt":{"rendered":"<p>Das dritte Barcelona 23-24 Fu\u00dfball trikot ist \u00fcberwiegend mint (\u201eLight Aqua\u201c), kombiniert mit Blaugrana als Designelementen und Schwarz als Logofarbe.Was die Template betrifft, so ist das Bar\u00e7a 23-24 dritte Fu\u00dfballtrikot stromlinienf\u00f6rmig. Es verwendet die gleiche Template wie verschiedene Nationalmannschaften f\u00fcr die Frauen-WM 2023 und andere 23-24 Elite-Clubteams f\u00fcr ihre dritten Trikots.Zwei Dinge lassen das Barcelona [&hellip;]<\/p>","protected":false},"featured_media":15875,"comment_status":"open","ping_status":"closed","template":"","meta":[],"product_brand":[],"product_cat":[31],"product_tag":[703,704,20,863,33,574,426,24,820,821,822,823],"class_list":{"0":"post-15832","1":"product","2":"type-product","3":"status-publish","4":"has-post-thumbnail","6":"product_cat-fc-barcelona","7":"product_tag-barcelona-fussballtrikot","8":"product_tag-barcelona-trikot","9":"product_tag-coole-fussballtrikots","10":"product_tag-fc-barcelona-neue-trikots","11":"product_tag-fc-barcelona-trikots","12":"product_tag-fussballtrikot-deutschland","13":"product_tag-fussballtrikots-kurzarm","14":"product_tag-guenstiges-fussballtrikot","15":"product_tag-joao-cancelo-babykleidung","16":"product_tag-joao-cancelo-fussballtrikot","17":"product_tag-joao-cancelo-kleidung-kinder","18":"product_tag-joao-cancelo-trikot-fuer-kinder","20":"first","21":"instock","22":"shipping-taxable","23":"purchasable","24":"product-type-variable"},"_links":{"self":[{"href":"https:\/\/www.billigtrikotde.com\/sl\/wp-json\/wp\/v2\/product\/15832","targetHints":{"allow":["GET"]}}],"collection":[{"href":"https:\/\/www.billigtrikotde.com\/sl\/wp-json\/wp\/v2\/product"}],"about":[{"href":"https:\/\/www.billigtrikotde.com\/sl\/wp-json\/wp\/v2\/types\/product"}],"replies":[{"embeddable":true,"href":"https:\/\/www.billigtrikotde.com\/sl\/wp-json\/wp\/v2\/comments?post=15832"}],"wp:featuredmedia":[{"embeddable":true,"href":"https:\/\/www.billigtrikotde.com\/sl\/wp-json\/wp\/v2\/media\/15875"}],"wp:attachment":[{"href":"https:\/\/www.billigtrikotde.com\/sl\/wp-json\/wp\/v2\/media?parent=15832"}],"wp:term":[{"taxonomy":"product_brand","embeddable":true,"href":"https:\/\/www.billigtrikotde.com\/sl\/wp-json\/wp\/v2\/product_brand?post=15832"},{"taxonomy":"product_cat","embeddable":true,"href":"https:\/\/www.billigtrikotde.com\/sl\/wp-json\/wp\/v2\/product_cat?post=15832"},{"taxonomy":"product_tag","embeddable":true,"href":"https:\/\/www.billigtrikotde.com\/sl\/wp-json\/wp\/v2\/product_tag?post=15832"}],"curies":[{"name":"wp","href":"https:\/\/api.w.org\/{rel}","templated":true}]}}