{"id":1539,"date":"2024-10-23T13:34:51","date_gmt":"2024-10-23T11:34:51","guid":{"rendered":"http:\/\/billigtrikots.com\/?post_type=product&#038;p=1539"},"modified":"2024-10-23T13:36:23","modified_gmt":"2024-10-23T11:36:23","slug":"herren-ausweichtrikot-fc-arsenal-2022-aubameyang-14-blau-kurze-hosen","status":"publish","type":"product","link":"https:\/\/www.billigtrikotde.com\/sl\/herren-ausweichtrikot-fc-arsenal-2022-aubameyang-14-blau-kurze-hosen\/","title":{"rendered":"Mo\u0161ki Arsenal FC 2022 AUBAMEYANG 14# blue + kratke hla\u010de"},"content":{"rendered":"<p>Tukaj prihaja o\u017eivitev dizajna iz 90-ih \u2013 kot strela iz jasnega iz preteklosti. Ta dres FC Arsenal v gosteh praznuje uspe\u0161no desetletje za nogomet in za a-didas. Verzija za navija\u010de zdru\u017euje spro\u0161\u010den videz, navdihnjen z oblikovanjem opreme, z moderno tehnologijo. Mehki material z vpojno tehnologijo AEROREADY te namre\u010d prijetno su\u0161i.<\/p>\n<p>Nasveti za tiskanje: \u010ce sta ime in \u0161tevilka na sliki to\u010dno tak\u0161na, kot ju \u017eelite, ju ni treba ponovno vnesti. \u010ce ni tako, vnesite \u017eeleno ime in \u0161tevilko.<\/p>\n<p>Nasveti za pranje: Priporo\u010dljivo je, da nogometne majice perete ro\u010dno. \u010ce \u017eelite uporabiti pralni stroj, ne pozabite nogometne majice obrniti narobe in jih nato oprati. Stroj napolnite s hladno vodo in uporabite ob\u010dutljiv cikel, da bolje za\u0161\u010ditite barve.<\/p>","protected":false},"excerpt":{"rendered":"<p>Tukaj prihaja o\u017eivitev dizajna iz 90-ih \u2013 kot strela iz jasnega iz preteklosti. Ta dres FC Arsenal v gosteh praznuje uspe\u0161no desetletje za nogomet in za a-didas. Verzija za navija\u010de zdru\u017euje spro\u0161\u010den videz, navdihnjen z oblikovanjem opreme, z moderno tehnologijo. Mehki material z vpojno tehnologijo AEROREADY te namre\u010d prijetno su\u0161i.<\/p>","protected":false},"featured_media":1572,"comment_status":"open","ping_status":"closed","template":"","meta":[],"product_brand":[],"product_cat":[55],"product_tag":[20,57,21,22,23,54,24],"class_list":{"0":"post-1539","1":"product","2":"type-product","3":"status-publish","4":"has-post-thumbnail","6":"product_cat-arsenal","7":"product_tag-coole-fussballtrikots","8":"product_tag-fc-arsenal-trikots","9":"product_tag-fussballtrikot-fuer-herren","10":"product_tag-fussballtrikot-guenstig-kaufen","11":"product_tag-fussballtrikot-kurzarm","12":"product_tag-fussballtrikot-set","13":"product_tag-guenstiges-fussballtrikot","15":"first","16":"instock","17":"shipping-taxable","18":"purchasable","19":"product-type-variable"},"_links":{"self":[{"href":"https:\/\/www.billigtrikotde.com\/sl\/wp-json\/wp\/v2\/product\/1539","targetHints":{"allow":["GET"]}}],"collection":[{"href":"https:\/\/www.billigtrikotde.com\/sl\/wp-json\/wp\/v2\/product"}],"about":[{"href":"https:\/\/www.billigtrikotde.com\/sl\/wp-json\/wp\/v2\/types\/product"}],"replies":[{"embeddable":true,"href":"https:\/\/www.billigtrikotde.com\/sl\/wp-json\/wp\/v2\/comments?post=1539"}],"wp:featuredmedia":[{"embeddable":true,"href":"https:\/\/www.billigtrikotde.com\/sl\/wp-json\/wp\/v2\/media\/1572"}],"wp:attachment":[{"href":"https:\/\/www.billigtrikotde.com\/sl\/wp-json\/wp\/v2\/media?parent=1539"}],"wp:term":[{"taxonomy":"product_brand","embeddable":true,"href":"https:\/\/www.billigtrikotde.com\/sl\/wp-json\/wp\/v2\/product_brand?post=1539"},{"taxonomy":"product_cat","embeddable":true,"href":"https:\/\/www.billigtrikotde.com\/sl\/wp-json\/wp\/v2\/product_cat?post=1539"},{"taxonomy":"product_tag","embeddable":true,"href":"https:\/\/www.billigtrikotde.com\/sl\/wp-json\/wp\/v2\/product_tag?post=1539"}],"curies":[{"name":"wp","href":"https:\/\/api.w.org\/{rel}","templated":true}]}}