{"id":14939,"date":"2024-10-24T07:22:43","date_gmt":"2024-10-24T05:22:43","guid":{"rendered":"http:\/\/billigtrikots.com\/?post_type=product&#038;p=14939"},"modified":"2024-10-24T07:25:20","modified_gmt":"2024-10-24T05:25:20","slug":"herren-heimtrikot-fc-barcelona-2023-2024-neue-trikots-set-mit-namen-gavi-6","status":"publish","type":"product","link":"https:\/\/www.billigtrikotde.com\/sl\/herren-heimtrikot-fc-barcelona-2023-2024-neue-trikots-set-mit-namen-gavi-6\/","title":{"rendered":"Mo\u0161ka doma\u010da majica FC Barcelona 2023-2024 New Jersey Set z imenom GAVI 6"},"content":{"rendered":"<p>Triko FC Barcelona 2023-2024 se vra\u010da k najbolj klasi\u010dnemu dizajnu kluba, ki je bil predstavljen leta 1912 in je bil do 1990-ih let uporabljan bolj ali manj v enakem slogu. Triko FC Barcelona 23-24 ima tri \u0161iroke \u010drte na sprednji strani. Edinstveno je, da imajo klasi\u010dne \u010drte trika ob robovih vzorec v obliki kvadrata. To je navdihnjeno z starim diamantskim logotipom trenutne \u017eenske ekipe Barcelone. Nike uporablja belo za Swoosh in \u0161tevilke, logotip Spotify je prav tako v beli barvi.<\/p>\n<p>Nasveti za tiskanje: \u010ce sta ime in \u0161tevilka na sliki to\u010dno tak\u0161na, kot ju \u017eelite, ju ni treba ponovno vnesti. \u010ce ni tako, vnesite \u017eeleno ime in \u0161tevilko.<\/p>\n<p>Nasveti za pranje: Priporo\u010dljivo je, da nogometne majice perete ro\u010dno. \u010ce \u017eelite uporabiti pralni stroj, ne pozabite nogometne majice obrniti narobe in jih nato oprati. Stroj napolnite s hladno vodo in uporabite ob\u010dutljiv cikel, da bolje za\u0161\u010ditite barve.<\/p>","protected":false},"excerpt":{"rendered":"<p>Das FC Barcelona 2023-2024 Trikot kehrt zum klassischsten Trikotdesign des Vereins zur\u00fcck, das 1912 vorgestellt und bis in die 1990er Jahre mehr oder weniger im gleichen Stil verwendet wurde. Das FC Barcelona 23-24 Trikot hat drei breite Streifen auf der Vorderseite.Einzigartig ist, dass die klassischen Streifen des Trikots an den R\u00e4ndern ein Rautenmuster haben. Dies [&hellip;]<\/p>","protected":false},"featured_media":14981,"comment_status":"open","ping_status":"closed","template":"","meta":[],"product_brand":[],"product_cat":[31],"product_tag":[703,704,20,863,864,33,574,426,24],"class_list":{"0":"post-14939","1":"product","2":"type-product","3":"status-publish","4":"has-post-thumbnail","6":"product_cat-fc-barcelona","7":"product_tag-barcelona-fussballtrikot","8":"product_tag-barcelona-trikot","9":"product_tag-coole-fussballtrikots","10":"product_tag-fc-barcelona-neue-trikots","11":"product_tag-fc-barcelona-trikot-set","12":"product_tag-fc-barcelona-trikots","13":"product_tag-fussballtrikot-deutschland","14":"product_tag-fussballtrikots-kurzarm","15":"product_tag-guenstiges-fussballtrikot","17":"first","18":"instock","19":"shipping-taxable","20":"purchasable","21":"product-type-variable"},"_links":{"self":[{"href":"https:\/\/www.billigtrikotde.com\/sl\/wp-json\/wp\/v2\/product\/14939","targetHints":{"allow":["GET"]}}],"collection":[{"href":"https:\/\/www.billigtrikotde.com\/sl\/wp-json\/wp\/v2\/product"}],"about":[{"href":"https:\/\/www.billigtrikotde.com\/sl\/wp-json\/wp\/v2\/types\/product"}],"replies":[{"embeddable":true,"href":"https:\/\/www.billigtrikotde.com\/sl\/wp-json\/wp\/v2\/comments?post=14939"}],"wp:featuredmedia":[{"embeddable":true,"href":"https:\/\/www.billigtrikotde.com\/sl\/wp-json\/wp\/v2\/media\/14981"}],"wp:attachment":[{"href":"https:\/\/www.billigtrikotde.com\/sl\/wp-json\/wp\/v2\/media?parent=14939"}],"wp:term":[{"taxonomy":"product_brand","embeddable":true,"href":"https:\/\/www.billigtrikotde.com\/sl\/wp-json\/wp\/v2\/product_brand?post=14939"},{"taxonomy":"product_cat","embeddable":true,"href":"https:\/\/www.billigtrikotde.com\/sl\/wp-json\/wp\/v2\/product_cat?post=14939"},{"taxonomy":"product_tag","embeddable":true,"href":"https:\/\/www.billigtrikotde.com\/sl\/wp-json\/wp\/v2\/product_tag?post=14939"}],"curies":[{"name":"wp","href":"https:\/\/api.w.org\/{rel}","templated":true}]}}