{"id":14864,"date":"2024-10-24T07:18:41","date_gmt":"2024-10-24T05:18:41","guid":{"rendered":"http:\/\/billigtrikots.com\/?post_type=product&#038;p=14864"},"modified":"2024-10-24T07:21:25","modified_gmt":"2024-10-24T05:21:25","slug":"kinder-bayern-muenchen-2023-2024-oktoberfest-fussballtrikot-set-personalisierbar","status":"publish","type":"product","link":"https:\/\/www.billigtrikotde.com\/sl\/kinder-bayern-muenchen-2023-2024-oktoberfest-fussballtrikot-set-personalisierbar\/","title":{"rendered":"Otro\u0161ka nogometna majica Bayern M\u00fcnchen 2023-2024 Oktoberfest"},"content":{"rendered":"<p>Trikot Bayern M\u00fcnchen za oktobrski festival 2023-24 pri nogometu kombinira olivno zeleni barvi z belimi\/logotipi. Glavna zasnova je sestavljena iz cvetli\u010dnega vzorca, ki trikotniku daje miren videz. Tako ovratnik kot rokavni robovi trikota Bayern 2023-24 Oktoberfest so zeleni. Morda opazite, da grb kluba ni obi\u010dajen. Je starej\u0161a verzija in bo viden tudi na trikotni 2023-24 Oktoberfest. Na ovratniku so poleg tega \u0161e inicialke kluba, prav tako kot na triku Arsenal 2023-24.<\/p>\n<p>Nasveti za tiskanje: \u010ce sta ime in \u0161tevilka na sliki to\u010dno tak\u0161na, kot ju \u017eelite, ju ni treba ponovno vnesti. \u010ce ni tako, vnesite \u017eeleno ime in \u0161tevilko.<\/p>\n<p>Nasveti za pranje: Priporo\u010dljivo je, da nogometne majice perete ro\u010dno. \u010ce \u017eelite uporabiti pralni stroj, ne pozabite nogometne majice obrniti narobe in jih nato oprati. Stroj napolnite s hladno vodo in uporabite ob\u010dutljiv cikel, da bolje za\u0161\u010ditite barve.<\/p>","protected":false},"excerpt":{"rendered":"<p>Das Bayern M\u00fcnchen 2023-24 Oktoberfest Fu\u00dfballtrikot kombiniert Olivgr\u00fcn mit wei\u00dfen Logos. Das Grunddesign besteht aus einem floralen Muster, das dem Trikot einen friedlichen Look verleiht. Sowohl der Kragen als auch die \u00c4rmelb\u00fcndchen des Adidas Bayern 2023-24 Oktoberfest Trikots sind gr\u00fcn.Vielleicht f\u00e4llt dir auf, dass das Wappen des Vereins nicht das \u00fcbliche ist. Es ist eine [&hellip;]<\/p>","protected":false},"featured_media":14912,"comment_status":"open","ping_status":"closed","template":"","meta":[],"product_brand":[],"product_cat":[135],"product_tag":[861,137,514,515,138,20,574,21,23,24,94],"class_list":{"0":"post-14864","1":"product","2":"type-product","3":"status-publish","4":"has-post-thumbnail","6":"product_cat-bayern-munich-kindertrikot","7":"product_tag-bayern-muenchen-2023-trikots","8":"product_tag-bayern-muenchen-trikots","9":"product_tag-bayern-munich-fussballtrikots-kinder","10":"product_tag-bayern-munich-trikot-fuer-kinder","11":"product_tag-bayern-munich-trikotsatz-fuer-kinder","12":"product_tag-coole-fussballtrikots","13":"product_tag-fussballtrikot-deutschland","14":"product_tag-fussballtrikot-fuer-herren","15":"product_tag-fussballtrikot-kurzarm","16":"product_tag-guenstiges-fussballtrikot","17":"product_tag-kinder-fussball-trikotsatz","19":"first","20":"instock","21":"shipping-taxable","22":"purchasable","23":"product-type-variable"},"_links":{"self":[{"href":"https:\/\/www.billigtrikotde.com\/sl\/wp-json\/wp\/v2\/product\/14864","targetHints":{"allow":["GET"]}}],"collection":[{"href":"https:\/\/www.billigtrikotde.com\/sl\/wp-json\/wp\/v2\/product"}],"about":[{"href":"https:\/\/www.billigtrikotde.com\/sl\/wp-json\/wp\/v2\/types\/product"}],"replies":[{"embeddable":true,"href":"https:\/\/www.billigtrikotde.com\/sl\/wp-json\/wp\/v2\/comments?post=14864"}],"wp:featuredmedia":[{"embeddable":true,"href":"https:\/\/www.billigtrikotde.com\/sl\/wp-json\/wp\/v2\/media\/14912"}],"wp:attachment":[{"href":"https:\/\/www.billigtrikotde.com\/sl\/wp-json\/wp\/v2\/media?parent=14864"}],"wp:term":[{"taxonomy":"product_brand","embeddable":true,"href":"https:\/\/www.billigtrikotde.com\/sl\/wp-json\/wp\/v2\/product_brand?post=14864"},{"taxonomy":"product_cat","embeddable":true,"href":"https:\/\/www.billigtrikotde.com\/sl\/wp-json\/wp\/v2\/product_cat?post=14864"},{"taxonomy":"product_tag","embeddable":true,"href":"https:\/\/www.billigtrikotde.com\/sl\/wp-json\/wp\/v2\/product_tag?post=14864"}],"curies":[{"name":"wp","href":"https:\/\/api.w.org\/{rel}","templated":true}]}}