{"id":1439,"date":"2024-10-23T13:30:29","date_gmt":"2024-10-23T11:30:29","guid":{"rendered":"http:\/\/billigtrikots.com\/?post_type=product&#038;p=1439"},"modified":"2024-10-23T13:32:00","modified_gmt":"2024-10-23T11:32:00","slug":"fc-arsenal-2022-herren-heimtrikot-rot-weiss-mit-aufdruck-torreira-11","status":"publish","type":"product","link":"https:\/\/www.billigtrikotde.com\/sl\/fc-arsenal-2022-herren-heimtrikot-rot-weiss-mit-aufdruck-torreira-11\/","title":{"rendered":"FC Arsenal 2022 mo\u0161ka doma\u010da majica rde\u010de\/bele barve s potiskom Torreira 11"},"content":{"rendered":"<p>Beli vlo\u017eki in mornarsko modri detajli spominjajo na \u010das, ko je Arsenal s svojo mo\u010djo lahko postavil velik rekord. Nogometna majica adidas je bila razvita, da zagotovi najve\u010dji udobje navija\u010dem kluba. Narejena je iz mehke tkanine in ima tehnologijo AEROREADY za odvajanje znoja. Slavno grb na prsih prikazuje, koga podpirate.<\/p>\n<p>Nasveti za tiskanje: \u010ce sta ime in \u0161tevilka na sliki to\u010dno tak\u0161na, kot ju \u017eelite, ju ni treba ponovno vnesti. \u010ce ni tako, vnesite \u017eeleno ime in \u0161tevilko.<\/p>\n<p>Nasveti za pranje: Priporo\u010dljivo je, da nogometne majice perete ro\u010dno. \u010ce \u017eelite uporabiti pralni stroj, ne pozabite nogometne majice obrniti narobe in jih nato oprati. Stroj napolnite s hladno vodo in uporabite ob\u010dutljiv cikel, da bolje za\u0161\u010ditite barve.<\/p>","protected":false},"excerpt":{"rendered":"<p>Beli vlo\u017eki in mornarsko modri detajli spominjajo na \u010das, ko je Arsenal s svojo mo\u010djo lahko postavil velik rekord. Nogometna majica adidas je bila razvita, da zagotovi najve\u010dji udobje navija\u010dem kluba. Narejena je iz mehke tkanine in ima tehnologijo AEROREADY za odvajanje znoja. Slavno grb na prsih prikazuje, koga podpirate.<\/p>","protected":false},"featured_media":1471,"comment_status":"open","ping_status":"closed","template":"","meta":[],"product_brand":[],"product_cat":[55],"product_tag":[20,56,57,21,22,23,24],"class_list":{"0":"post-1439","1":"product","2":"type-product","3":"status-publish","4":"has-post-thumbnail","6":"product_cat-arsenal","7":"product_tag-coole-fussballtrikots","8":"product_tag-fc-arsenal-heimtrikot","9":"product_tag-fc-arsenal-trikots","10":"product_tag-fussballtrikot-fuer-herren","11":"product_tag-fussballtrikot-guenstig-kaufen","12":"product_tag-fussballtrikot-kurzarm","13":"product_tag-guenstiges-fussballtrikot","15":"first","16":"instock","17":"shipping-taxable","18":"purchasable","19":"product-type-variable"},"_links":{"self":[{"href":"https:\/\/www.billigtrikotde.com\/sl\/wp-json\/wp\/v2\/product\/1439","targetHints":{"allow":["GET"]}}],"collection":[{"href":"https:\/\/www.billigtrikotde.com\/sl\/wp-json\/wp\/v2\/product"}],"about":[{"href":"https:\/\/www.billigtrikotde.com\/sl\/wp-json\/wp\/v2\/types\/product"}],"replies":[{"embeddable":true,"href":"https:\/\/www.billigtrikotde.com\/sl\/wp-json\/wp\/v2\/comments?post=1439"}],"wp:featuredmedia":[{"embeddable":true,"href":"https:\/\/www.billigtrikotde.com\/sl\/wp-json\/wp\/v2\/media\/1471"}],"wp:attachment":[{"href":"https:\/\/www.billigtrikotde.com\/sl\/wp-json\/wp\/v2\/media?parent=1439"}],"wp:term":[{"taxonomy":"product_brand","embeddable":true,"href":"https:\/\/www.billigtrikotde.com\/sl\/wp-json\/wp\/v2\/product_brand?post=1439"},{"taxonomy":"product_cat","embeddable":true,"href":"https:\/\/www.billigtrikotde.com\/sl\/wp-json\/wp\/v2\/product_cat?post=1439"},{"taxonomy":"product_tag","embeddable":true,"href":"https:\/\/www.billigtrikotde.com\/sl\/wp-json\/wp\/v2\/product_tag?post=1439"}],"curies":[{"name":"wp","href":"https:\/\/api.w.org\/{rel}","templated":true}]}}