{"id":14341,"date":"2024-10-24T06:50:30","date_gmt":"2024-10-24T04:50:30","guid":{"rendered":"http:\/\/billigtrikots.com\/?post_type=product&#038;p=14341"},"modified":"2025-06-16T16:03:22","modified_gmt":"2025-06-16T14:03:22","slug":"neuen-juventus-3rd-trikot-2023-24-kurzarm-dusan-vlahovic-9","status":"publish","type":"product","link":"https:\/\/www.billigtrikotde.com\/sl\/neuen-juventus-3rd-trikot-2023-24-kurzarm-dusan-vlahovic-9\/","title":{"rendered":"Novi dres Juventusa 2023-24 s kratkimi rokavi Dusan Vlahovi\u0107 9"},"content":{"rendered":"<p>Nasveti za tiskanje: \u010ce sta ime in \u0161tevilka na sliki to\u010dno tak\u0161na, kot ju \u017eelite, ju ni treba ponovno vnesti. \u010ce ni tako, vnesite \u017eeleno ime in \u0161tevilko.<\/p>\n<p>Nasveti za pranje: Priporo\u010dljivo je, da nogometne majice perete ro\u010dno. \u010ce \u017eelite uporabiti pralni stroj, ne pozabite nogometne majice obrniti narobe in jih nato oprati. Stroj napolnite s hladno vodo in uporabite ob\u010dutljiv cikel, da bolje za\u0161\u010ditite barve.<\/p>","protected":false},"excerpt":{"rendered":"<p>Nasveti za tiskanje: \u010ce se ime in \u0161tevilka na sliki natan\u010dno ujemata z va\u0161imi \u017eeljami, ju ni treba znova vna\u0161ati. \u010ce ne, vnesite \u017eeleno ime in \u0161tevilko. Nasveti za pranje: Priporo\u010damo ro\u010dno pranje nogometnih dresov. \u010ce \u017eelite uporabiti pralni stroj, pomnite, da obrnite nogometne dresove na glavo [\u2026]<\/p>","protected":false},"featured_media":14386,"comment_status":"open","ping_status":"closed","template":"","meta":[],"product_brand":[],"product_cat":[59],"product_tag":[20,742,743,744,745,574,21,23,24,617,618,61],"class_list":{"0":"post-14341","1":"product","2":"type-product","3":"status-publish","4":"has-post-thumbnail","6":"product_cat-juventus","7":"product_tag-coole-fussballtrikots","8":"product_tag-dusan-vlahovic-babykleidung","9":"product_tag-dusan-vlahovic-fussballtrikot","10":"product_tag-dusan-vlahovic-kleidung-kinder","11":"product_tag-dusan-vlahovic-trikot-fuer-kinder","12":"product_tag-fussballtrikot-deutschland","13":"product_tag-fussballtrikot-fuer-herren","14":"product_tag-fussballtrikot-kurzarm","15":"product_tag-guenstiges-fussballtrikot","16":"product_tag-juventus-fussballtrikot","17":"product_tag-juventus-trikot","18":"product_tag-juventus-trikots","20":"first","21":"instock","22":"shipping-taxable","23":"purchasable","24":"product-type-variable"},"_links":{"self":[{"href":"https:\/\/www.billigtrikotde.com\/sl\/wp-json\/wp\/v2\/product\/14341","targetHints":{"allow":["GET"]}}],"collection":[{"href":"https:\/\/www.billigtrikotde.com\/sl\/wp-json\/wp\/v2\/product"}],"about":[{"href":"https:\/\/www.billigtrikotde.com\/sl\/wp-json\/wp\/v2\/types\/product"}],"replies":[{"embeddable":true,"href":"https:\/\/www.billigtrikotde.com\/sl\/wp-json\/wp\/v2\/comments?post=14341"}],"wp:featuredmedia":[{"embeddable":true,"href":"https:\/\/www.billigtrikotde.com\/sl\/wp-json\/wp\/v2\/media\/14386"}],"wp:attachment":[{"href":"https:\/\/www.billigtrikotde.com\/sl\/wp-json\/wp\/v2\/media?parent=14341"}],"wp:term":[{"taxonomy":"product_brand","embeddable":true,"href":"https:\/\/www.billigtrikotde.com\/sl\/wp-json\/wp\/v2\/product_brand?post=14341"},{"taxonomy":"product_cat","embeddable":true,"href":"https:\/\/www.billigtrikotde.com\/sl\/wp-json\/wp\/v2\/product_cat?post=14341"},{"taxonomy":"product_tag","embeddable":true,"href":"https:\/\/www.billigtrikotde.com\/sl\/wp-json\/wp\/v2\/product_tag?post=14341"}],"curies":[{"name":"wp","href":"https:\/\/api.w.org\/{rel}","templated":true}]}}