{"id":14287,"date":"2024-10-24T06:47:34","date_gmt":"2024-10-24T04:47:34","guid":{"rendered":"http:\/\/billigtrikots.com\/?post_type=product&#038;p=14287"},"modified":"2024-10-24T06:50:19","modified_gmt":"2024-10-24T04:50:19","slug":"herren-heimtrikot-al-nassr-23-24-trikot-gelb-kurzarm-blaue-kurze-hosen","status":"publish","type":"product","link":"https:\/\/www.billigtrikotde.com\/sl\/herren-heimtrikot-al-nassr-23-24-trikot-gelb-kurzarm-blaue-kurze-hosen\/","title":{"rendered":"Mo\u0161ka doma\u010da majica Al-Nassr 23-24 Jersey Yellow Short Sleeve + Blue Shorts"},"content":{"rendered":"<p>Trikot Al-Nassr 2023-24 temelji na predlogi Park VII in ima klasi\u010dno rumeno barvo kluba. Na sprednji strani potekajo tri modre, vertikalne \u010drte, ki na eni strani prehajajo skozi klubskega grba in Nike Swoosh. Srednji trak je nekoliko tanj\u0161i od zunanjih, vsak ima vzorec.<\/p>\n<p>Nasveti za tiskanje: \u010ce sta ime in \u0161tevilka na sliki to\u010dno tak\u0161na, kot ju \u017eelite, ju ni treba ponovno vnesti. \u010ce ni tako, vnesite \u017eeleno ime in \u0161tevilko.<\/p>\n<p>Nasveti za pranje: Priporo\u010dljivo je, da nogometne majice perete ro\u010dno. \u010ce \u017eelite uporabiti pralni stroj, ne pozabite nogometne majice obrniti narobe in jih nato oprati. Stroj napolnite s hladno vodo in uporabite ob\u010dutljiv cikel, da bolje za\u0161\u010ditite barve.<\/p>","protected":false},"excerpt":{"rendered":"<p>Trikot Al-Nassr 2023-24 temelji na predlogi Park VII in ima klasi\u010dno rumeno barvo kluba. Na sprednji strani potekajo tri modre, vertikalne \u010drte, ki na eni strani prehajajo skozi klubskega grba in Nike Swoosh. Srednji trak je nekoliko tanj\u0161i od zunanjih, vsak ima vzorec.<\/p>","protected":false},"featured_media":14326,"comment_status":"open","ping_status":"closed","template":"","meta":[],"product_brand":[],"product_cat":[433],"product_tag":[777,636,637,461,20,574,21,22,23,24],"class_list":{"0":"post-14287","1":"product","2":"type-product","3":"status-publish","4":"has-post-thumbnail","6":"product_cat-al-nassr-fc","7":"product_tag-al-nassr-23-24-trikot","8":"product_tag-al-nassr-fussballtrikot","9":"product_tag-al-nassr-trikot","10":"product_tag-al-nassr-trikots","11":"product_tag-coole-fussballtrikots","12":"product_tag-fussballtrikot-deutschland","13":"product_tag-fussballtrikot-fuer-herren","14":"product_tag-fussballtrikot-guenstig-kaufen","15":"product_tag-fussballtrikot-kurzarm","16":"product_tag-guenstiges-fussballtrikot","18":"first","19":"instock","20":"shipping-taxable","21":"purchasable","22":"product-type-variable"},"_links":{"self":[{"href":"https:\/\/www.billigtrikotde.com\/sl\/wp-json\/wp\/v2\/product\/14287","targetHints":{"allow":["GET"]}}],"collection":[{"href":"https:\/\/www.billigtrikotde.com\/sl\/wp-json\/wp\/v2\/product"}],"about":[{"href":"https:\/\/www.billigtrikotde.com\/sl\/wp-json\/wp\/v2\/types\/product"}],"replies":[{"embeddable":true,"href":"https:\/\/www.billigtrikotde.com\/sl\/wp-json\/wp\/v2\/comments?post=14287"}],"wp:featuredmedia":[{"embeddable":true,"href":"https:\/\/www.billigtrikotde.com\/sl\/wp-json\/wp\/v2\/media\/14326"}],"wp:attachment":[{"href":"https:\/\/www.billigtrikotde.com\/sl\/wp-json\/wp\/v2\/media?parent=14287"}],"wp:term":[{"taxonomy":"product_brand","embeddable":true,"href":"https:\/\/www.billigtrikotde.com\/sl\/wp-json\/wp\/v2\/product_brand?post=14287"},{"taxonomy":"product_cat","embeddable":true,"href":"https:\/\/www.billigtrikotde.com\/sl\/wp-json\/wp\/v2\/product_cat?post=14287"},{"taxonomy":"product_tag","embeddable":true,"href":"https:\/\/www.billigtrikotde.com\/sl\/wp-json\/wp\/v2\/product_tag?post=14287"}],"curies":[{"name":"wp","href":"https:\/\/api.w.org\/{rel}","templated":true}]}}