{"id":14283,"date":"2024-10-24T06:47:30","date_gmt":"2024-10-24T04:47:30","guid":{"rendered":"http:\/\/billigtrikots.com\/?post_type=product&#038;p=14283"},"modified":"2024-10-24T06:49:47","modified_gmt":"2024-10-24T04:49:47","slug":"blaue-italien-trikots-fuer-herren-italien-heimtrikot-2023-24-personalisierbar","status":"publish","type":"product","link":"https:\/\/www.billigtrikotde.com\/sl\/blaue-italien-trikots-fuer-herren-italien-heimtrikot-2023-24-personalisierbar\/","title":{"rendered":"Modra Italija Majice za mo\u0161ke Italija Home Shirt 2023\/24 Prilagodljivo"},"content":{"rendered":"<p>Do dna dobesedno. Marmor je dragoceno temelj, na katerem sloni italijanska kultura, in ima vlogo v oblikovanju tega izstopajo\u010dega, avtenti\u010dnega nogometnega dresa. Poleg zlatih podrobnosti in znaka \u201eItalia\u201c na zadnji delu vratu se temne mre\u017ee dvigajo nad te znamenite barve Azzurri.<\/p>\n<p>Nasveti za tiskanje: \u010ce sta ime in \u0161tevilka na sliki to\u010dno tak\u0161na, kot ju \u017eelite, ju ni treba ponovno vnesti. \u010ce ni tako, vnesite \u017eeleno ime in \u0161tevilko.<\/p>\n<p>Nasveti za pranje: Priporo\u010dljivo je, da nogometne majice perete ro\u010dno. \u010ce \u017eelite uporabiti pralni stroj, ne pozabite nogometne majice obrniti narobe in jih nato oprati. Stroj napolnite s hladno vodo in uporabite ob\u010dutljiv cikel, da bolje za\u0161\u010ditite barve.<\/p>","protected":false},"excerpt":{"rendered":"<p>V sr\u017ei Italijana. Marmor je dragoceno temelje, na katerem sloni italijanska kultura, in igra osrednjo vlogo v dizajnu tega izstopajo\u010dega, avtenti\u010dnega nogometnega trika. Poleg zlatih podrobnosti in znaka \u201eItalia\u201c na zadnjem delu vratu se temne vloge dvigajo nad temi znanimi barvami Azzurri. Nasveti za tiskanje: Ko je ime in \u0161tevilka na sliki [\u2026]<\/p>","protected":false},"featured_media":14324,"comment_status":"open","ping_status":"closed","template":"","meta":[],"product_brand":[],"product_cat":[316],"product_tag":[20,574,21,22,23,24,317,318,776],"class_list":{"0":"post-14283","1":"product","2":"type-product","3":"status-publish","4":"has-post-thumbnail","6":"product_cat-italien-trikots","7":"product_tag-coole-fussballtrikots","8":"product_tag-fussballtrikot-deutschland","9":"product_tag-fussballtrikot-fuer-herren","10":"product_tag-fussballtrikot-guenstig-kaufen","11":"product_tag-fussballtrikot-kurzarm","12":"product_tag-guenstiges-fussballtrikot","13":"product_tag-italien-heimtrikot","14":"product_tag-italien-trikots","15":"product_tag-italien-trikots-2023-24","17":"first","18":"instock","19":"shipping-taxable","20":"purchasable","21":"product-type-variable"},"_links":{"self":[{"href":"https:\/\/www.billigtrikotde.com\/sl\/wp-json\/wp\/v2\/product\/14283","targetHints":{"allow":["GET"]}}],"collection":[{"href":"https:\/\/www.billigtrikotde.com\/sl\/wp-json\/wp\/v2\/product"}],"about":[{"href":"https:\/\/www.billigtrikotde.com\/sl\/wp-json\/wp\/v2\/types\/product"}],"replies":[{"embeddable":true,"href":"https:\/\/www.billigtrikotde.com\/sl\/wp-json\/wp\/v2\/comments?post=14283"}],"wp:featuredmedia":[{"embeddable":true,"href":"https:\/\/www.billigtrikotde.com\/sl\/wp-json\/wp\/v2\/media\/14324"}],"wp:attachment":[{"href":"https:\/\/www.billigtrikotde.com\/sl\/wp-json\/wp\/v2\/media?parent=14283"}],"wp:term":[{"taxonomy":"product_brand","embeddable":true,"href":"https:\/\/www.billigtrikotde.com\/sl\/wp-json\/wp\/v2\/product_brand?post=14283"},{"taxonomy":"product_cat","embeddable":true,"href":"https:\/\/www.billigtrikotde.com\/sl\/wp-json\/wp\/v2\/product_cat?post=14283"},{"taxonomy":"product_tag","embeddable":true,"href":"https:\/\/www.billigtrikotde.com\/sl\/wp-json\/wp\/v2\/product_tag?post=14283"}],"curies":[{"name":"wp","href":"https:\/\/api.w.org\/{rel}","templated":true}]}}