{"id":14064,"date":"2024-10-24T06:36:29","date_gmt":"2024-10-24T04:36:29","guid":{"rendered":"http:\/\/billigtrikots.com\/?post_type=product&#038;p=14064"},"modified":"2024-10-24T06:39:09","modified_gmt":"2024-10-24T04:39:09","slug":"guenstig-fussballtrikot-liverpool-auswaertstrikot-2023-24-kurzarm-herren-virgil-van-dijk-4","status":"publish","type":"product","link":"https:\/\/www.billigtrikotde.com\/sl\/guenstig-fussballtrikot-liverpool-auswaertstrikot-2023-24-kurzarm-herren-virgil-van-dijk-4\/","title":{"rendered":"Poceni nogometna majica Liverpool Away Shirt 2023-24 kratkimi rokavi Mo\u0161ki Virgil van Dijk 4"},"content":{"rendered":"<p>Liverpool Football Club 2023-24 zunanji dres kombinira belo in zeleno z \u010drnimi logotipi. Uradno so barve \u00bbBela \/ Zeleno iskrico \/ \u010crna\u00ab.<\/p>\n<p>Edinstvenost gostujo\u010de majice Liverpool 23-24 je v njeni zasnovi. Majica Nike Liverpool 23-24 ima vzorec v slogu 90. let v beli barvi in razli\u010dnih odtenkih zelene.<\/p>\n<p>Nasveti za tiskanje: \u010ce sta ime in \u0161tevilka na sliki to\u010dno tak\u0161na, kot ju \u017eelite, ju ni treba ponovno vnesti. \u010ce ni tako, vnesite \u017eeleno ime in \u0161tevilko.<\/p>\n<p>Nasveti za pranje: Priporo\u010dljivo je, da nogometne majice perete ro\u010dno. \u010ce \u017eelite uporabiti pralni stroj, ne pozabite nogometne majice obrniti narobe in jih nato oprati. Stroj napolnite s hladno vodo in uporabite ob\u010dutljiv cikel, da bolje za\u0161\u010ditite barve.<\/p>","protected":false},"excerpt":{"rendered":"<p>Nike Liverpool Football Club 2023-24 gostujo\u010da majica zdru\u017euje belo in zeleno z \u010drnimi logotipi. Uradno so barve \u00bbBela \/ Zelen iskre \/ \u010crna\u00ab. Kaj naredi Liverpoolovo gostujo\u010do majico 23-24 edinstveno, je zasnova. Liverpoolova gostujo\u010da majica 23-24 ima vzorec v slogu 90-ih let v beli ter razli\u010dnih odtenkih zelene. Nasveti za tiskanje: Ko je ime in \u2026<\/p>","protected":false},"featured_media":14114,"comment_status":"open","ping_status":"closed","template":"","meta":[],"product_brand":[],"product_cat":[176],"product_tag":[22,479,601,602,735,736,608,737,738],"class_list":{"0":"post-14064","1":"product","2":"type-product","3":"status-publish","4":"has-post-thumbnail","6":"product_cat-liverpool-fc","7":"product_tag-fussballtrikot-guenstig-kaufen","8":"product_tag-fussballtrikots-kaufen","9":"product_tag-liverpool-fussballtrikot","10":"product_tag-liverpool-trikot","11":"product_tag-trikots-2023-24","12":"product_tag-virgil-van-dijk-babykleidung","13":"product_tag-virgil-van-dijk-fussballtrikot","14":"product_tag-virgil-van-dijk-kleidung-kinder","15":"product_tag-virgil-van-dijk-trikot-fuer-kinder","17":"first","18":"instock","19":"shipping-taxable","20":"purchasable","21":"product-type-variable"},"_links":{"self":[{"href":"https:\/\/www.billigtrikotde.com\/sl\/wp-json\/wp\/v2\/product\/14064","targetHints":{"allow":["GET"]}}],"collection":[{"href":"https:\/\/www.billigtrikotde.com\/sl\/wp-json\/wp\/v2\/product"}],"about":[{"href":"https:\/\/www.billigtrikotde.com\/sl\/wp-json\/wp\/v2\/types\/product"}],"replies":[{"embeddable":true,"href":"https:\/\/www.billigtrikotde.com\/sl\/wp-json\/wp\/v2\/comments?post=14064"}],"wp:featuredmedia":[{"embeddable":true,"href":"https:\/\/www.billigtrikotde.com\/sl\/wp-json\/wp\/v2\/media\/14114"}],"wp:attachment":[{"href":"https:\/\/www.billigtrikotde.com\/sl\/wp-json\/wp\/v2\/media?parent=14064"}],"wp:term":[{"taxonomy":"product_brand","embeddable":true,"href":"https:\/\/www.billigtrikotde.com\/sl\/wp-json\/wp\/v2\/product_brand?post=14064"},{"taxonomy":"product_cat","embeddable":true,"href":"https:\/\/www.billigtrikotde.com\/sl\/wp-json\/wp\/v2\/product_cat?post=14064"},{"taxonomy":"product_tag","embeddable":true,"href":"https:\/\/www.billigtrikotde.com\/sl\/wp-json\/wp\/v2\/product_tag?post=14064"}],"curies":[{"name":"wp","href":"https:\/\/api.w.org\/{rel}","templated":true}]}}