{"id":14038,"date":"2024-10-24T06:35:16","date_gmt":"2024-10-24T04:35:16","guid":{"rendered":"http:\/\/billigtrikots.com\/?post_type=product&#038;p=14038"},"modified":"2024-10-24T06:38:00","modified_gmt":"2024-10-24T04:38:00","slug":"billige-fussballtrikots-atletico-madrid-auswaertstrikot-2023-24-kurzarm-fuer-herren","status":"publish","type":"product","link":"https:\/\/www.billigtrikotde.com\/sl\/billige-fussballtrikots-atletico-madrid-auswaertstrikot-2023-24-kurzarm-fuer-herren\/","title":{"rendered":"Poceni nogometne majice Atletico Madrid Away Shirt 2023-24 kratkimi rokavi za mo\u0161ke"},"content":{"rendered":"<p>Atletico Madrid 2023-2024 zunanji dres je \u010dast prvemu nogometnemu dresu kluba, ki je imel pol- in-pol dizajn. Kombinira kraljevsko modro na desni strani in belo na levi strani z modrimi raglan rokavi. Namesto trenutnega grba Atletico Madrid uporablja prvi logotip kluba. Popolnoma je druga\u010den od trenutnega grba in vseh kasnej\u0161ih logotipov Atleti.<\/p>\n<p>Nasveti za tiskanje: \u010ce sta ime in \u0161tevilka na sliki to\u010dno tak\u0161na, kot ju \u017eelite, ju ni treba ponovno vnesti. \u010ce ni tako, vnesite \u017eeleno ime in \u0161tevilko.<\/p>\n<p>Nasveti za pranje: Priporo\u010dljivo je, da nogometne majice perete ro\u010dno. \u010ce \u017eelite uporabiti pralni stroj, ne pozabite nogometne majice obrniti narobe in jih nato oprati. Stroj napolnite s hladno vodo in uporabite ob\u010dutljiv cikel, da bolje za\u0161\u010ditite barve.<\/p>","protected":false},"excerpt":{"rendered":"<p>Atletico Madrid 2023-2024 zunanji dres je \u010dast prvemu nogometnemu dresu kluba, ki je imel pol- in-pol dizajn. Kombinira kraljevsko modro na desni strani in belo na levi strani z modrimi raglan rokavi. Namesto trenutnega grba Atletico Madrid uporablja prvi logotip kluba. Popolnoma je druga\u010den od trenutnega grba in vseh kasnej\u0161ih logotipov Atleti.<\/p>","protected":false},"featured_media":14080,"comment_status":"open","ping_status":"closed","template":"","meta":[],"product_brand":[],"product_cat":[88],"product_tag":[487,488,90,20,21,22,23,24],"class_list":{"0":"post-14038","1":"product","2":"type-product","3":"status-publish","4":"has-post-thumbnail","6":"product_cat-atletico-madrid","7":"product_tag-atletico-madrid-fussballtrikot","8":"product_tag-atletico-madrid-trikot","9":"product_tag-atletico-madrid-trikots","10":"product_tag-coole-fussballtrikots","11":"product_tag-fussballtrikot-fuer-herren","12":"product_tag-fussballtrikot-guenstig-kaufen","13":"product_tag-fussballtrikot-kurzarm","14":"product_tag-guenstiges-fussballtrikot","16":"first","17":"instock","18":"shipping-taxable","19":"purchasable","20":"product-type-variable"},"_links":{"self":[{"href":"https:\/\/www.billigtrikotde.com\/sl\/wp-json\/wp\/v2\/product\/14038","targetHints":{"allow":["GET"]}}],"collection":[{"href":"https:\/\/www.billigtrikotde.com\/sl\/wp-json\/wp\/v2\/product"}],"about":[{"href":"https:\/\/www.billigtrikotde.com\/sl\/wp-json\/wp\/v2\/types\/product"}],"replies":[{"embeddable":true,"href":"https:\/\/www.billigtrikotde.com\/sl\/wp-json\/wp\/v2\/comments?post=14038"}],"wp:featuredmedia":[{"embeddable":true,"href":"https:\/\/www.billigtrikotde.com\/sl\/wp-json\/wp\/v2\/media\/14080"}],"wp:attachment":[{"href":"https:\/\/www.billigtrikotde.com\/sl\/wp-json\/wp\/v2\/media?parent=14038"}],"wp:term":[{"taxonomy":"product_brand","embeddable":true,"href":"https:\/\/www.billigtrikotde.com\/sl\/wp-json\/wp\/v2\/product_brand?post=14038"},{"taxonomy":"product_cat","embeddable":true,"href":"https:\/\/www.billigtrikotde.com\/sl\/wp-json\/wp\/v2\/product_cat?post=14038"},{"taxonomy":"product_tag","embeddable":true,"href":"https:\/\/www.billigtrikotde.com\/sl\/wp-json\/wp\/v2\/product_tag?post=14038"}],"curies":[{"name":"wp","href":"https:\/\/api.w.org\/{rel}","templated":true}]}}