{"id":14028,"date":"2024-10-24T06:34:44","date_gmt":"2024-10-24T04:34:44","guid":{"rendered":"http:\/\/billigtrikots.com\/?post_type=product&#038;p=14028"},"modified":"2024-10-24T06:37:29","modified_gmt":"2024-10-24T04:37:29","slug":"herren-fussballtrikots-atletico-madrid-heimtrikot-2023-24-kurzarm-axel-witsel-20","status":"publish","type":"product","link":"https:\/\/www.billigtrikotde.com\/sl\/herren-fussballtrikots-atletico-madrid-heimtrikot-2023-24-kurzarm-axel-witsel-20\/","title":{"rendered":"Mo\u0161ke nogometne majice Atletico Madrid Home Shirt 2023-24 kratkimi rokavi Axel Witsel 20"},"content":{"rendered":"<p>Novi dres Atletico 23-24 je bil izdan pod sloganom \"Puro Atleti\" (\u010cisti Atl\u00e9tico). Prvi\u010d po \u0161tirih letih so na njem klasi\u010dne klubske \u010drte, ne da bi jih spremenili, z dresom Atletico Madrid 2023-24 pa se klub vra\u010da h klasi\u010dnim \u010drtam in se odpoveduje leto\u0161nji valoviti zasnovi. dres Atletico 2023-2024 ima \u0161tiri bele in tri rde\u010de \u010drte. Rokavi, ovratnik in hrbtna stran doma\u010dega dresa Atl\u00e9tico Madrid 23-24 so ve\u010dinoma rde\u010di.<br \/>\nRde\u010de \u010drte na doma\u010di majici Atl\u00e9tico 23-24 imajo subtilen u\u010dinek gradienta. Od svetlej\u0161ega odtenka rde\u010de barve na vrhu do temnej\u0161e rde\u010de barve na sredini in na dnu. Barvni gradient ustvarjajo majhni pravokotniki.<\/p>\n<p>Nasveti za tiskanje: \u010ce sta ime in \u0161tevilka na sliki to\u010dno tak\u0161na, kot ju \u017eelite, ju ni treba ponovno vnesti. \u010ce ni tako, vnesite \u017eeleno ime in \u0161tevilko.<\/p>\n<p>Nasveti za pranje: Priporo\u010dljivo je, da nogometne majice perete ro\u010dno. \u010ce \u017eelite uporabiti pralni stroj, ne pozabite nogometne majice obrniti narobe in jih nato oprati. Stroj napolnite s hladno vodo in uporabite ob\u010dutljiv cikel, da bolje za\u0161\u010ditite barve.<\/p>","protected":false},"excerpt":{"rendered":"<p>Das neue Atletico 23-24 Trikot wurde unter dem Slogan &#8222;Puro Atleti&#8220; (Reines Atl\u00e9tico) ver\u00f6ffentlicht. Zum ersten Mal seit vier Jahren zeigt es die klassischen Streifen des Vereins, ohne sie zu ver\u00e4ndern.Mit dem Atletico Madrid 2023-24 Trikot kehrt der Verein zu den klassischen Streifen zur\u00fcck und verzichtet auf das gewellte Design von diesem Jahr.Atleticos Trikot 2023-2024 [&hellip;]<\/p>","protected":false},"featured_media":14068,"comment_status":"open","ping_status":"closed","template":"","meta":[],"product_brand":[],"product_cat":[88],"product_tag":[487,488,90,719,720,721,20,21,22,23,24],"class_list":{"0":"post-14028","1":"product","2":"type-product","3":"status-publish","4":"has-post-thumbnail","6":"product_cat-atletico-madrid","7":"product_tag-atletico-madrid-fussballtrikot","8":"product_tag-atletico-madrid-trikot","9":"product_tag-atletico-madrid-trikots","10":"product_tag-axel-witsel-babykleidung","11":"product_tag-axel-witsel-fussballtrikot","12":"product_tag-axel-witsel-kleidung-kinder","13":"product_tag-coole-fussballtrikots","14":"product_tag-fussballtrikot-fuer-herren","15":"product_tag-fussballtrikot-guenstig-kaufen","16":"product_tag-fussballtrikot-kurzarm","17":"product_tag-guenstiges-fussballtrikot","19":"first","20":"instock","21":"shipping-taxable","22":"purchasable","23":"product-type-variable"},"_links":{"self":[{"href":"https:\/\/www.billigtrikotde.com\/sl\/wp-json\/wp\/v2\/product\/14028","targetHints":{"allow":["GET"]}}],"collection":[{"href":"https:\/\/www.billigtrikotde.com\/sl\/wp-json\/wp\/v2\/product"}],"about":[{"href":"https:\/\/www.billigtrikotde.com\/sl\/wp-json\/wp\/v2\/types\/product"}],"replies":[{"embeddable":true,"href":"https:\/\/www.billigtrikotde.com\/sl\/wp-json\/wp\/v2\/comments?post=14028"}],"wp:featuredmedia":[{"embeddable":true,"href":"https:\/\/www.billigtrikotde.com\/sl\/wp-json\/wp\/v2\/media\/14068"}],"wp:attachment":[{"href":"https:\/\/www.billigtrikotde.com\/sl\/wp-json\/wp\/v2\/media?parent=14028"}],"wp:term":[{"taxonomy":"product_brand","embeddable":true,"href":"https:\/\/www.billigtrikotde.com\/sl\/wp-json\/wp\/v2\/product_brand?post=14028"},{"taxonomy":"product_cat","embeddable":true,"href":"https:\/\/www.billigtrikotde.com\/sl\/wp-json\/wp\/v2\/product_cat?post=14028"},{"taxonomy":"product_tag","embeddable":true,"href":"https:\/\/www.billigtrikotde.com\/sl\/wp-json\/wp\/v2\/product_tag?post=14028"}],"curies":[{"name":"wp","href":"https:\/\/api.w.org\/{rel}","templated":true}]}}