{"id":14013,"date":"2024-10-24T06:34:07","date_gmt":"2024-10-24T04:34:07","guid":{"rendered":"http:\/\/billigtrikots.com\/?post_type=product&#038;p=14013"},"modified":"2024-10-24T06:36:19","modified_gmt":"2024-10-24T04:36:19","slug":"herren-fc-barcelona-heimtrikot-2023-24-kurzarm-fussball-trikot-outlet","status":"publish","type":"product","link":"https:\/\/www.billigtrikotde.com\/sl\/herren-fc-barcelona-heimtrikot-2023-24-kurzarm-fussball-trikot-outlet\/","title":{"rendered":"Mo\u0161ki FC Barcelona Home Shirt 2023-24 kratkimi rokavi Football Shirt Outlet"},"content":{"rendered":"<p>Triko FC Barcelona 2023-2024 se vra\u010da k najbolj klasi\u010dnemu oblikovanju dresa kluba, ki je bilo predstavljeno leta 1912 in je bilo do 1990-ih let uporabljeno bolj ali manj v enakem slogu. Triko Nike FC Barcelona 23-24 ima dve \u0161iroki rde\u010di \u010drti na sprednji strani. Rokavi so rde\u010di.<br \/>\nEdinstveno je, da imajo klasi\u010dne \u010drte dresa ob robovih vzorec v obliki mre\u017ee. To je navdihnjeno z starim rombastim logotipom trenutne \u017eenske ekipe Barcelone.<\/p>\n<p>Nasveti za tiskanje: \u010ce sta ime in \u0161tevilka na sliki to\u010dno tak\u0161na, kot ju \u017eelite, ju ni treba ponovno vnesti. \u010ce ni tako, vnesite \u017eeleno ime in \u0161tevilko.<\/p>\n<p>Nasveti za pranje: Priporo\u010dljivo je, da nogometne majice perete ro\u010dno. \u010ce \u017eelite uporabiti pralni stroj, ne pozabite nogometne majice obrniti narobe in jih nato oprati. Stroj napolnite s hladno vodo in uporabite ob\u010dutljiv cikel, da bolje za\u0161\u010ditite barve.<\/p>","protected":false},"excerpt":{"rendered":"<p>Das FC Barcelona 2023-2024 Trikot kehrt zum klassischsten Trikotdesign des Vereins zur\u00fcck, das 1912 vorgestellt und bis in die 1990er Jahre mehr oder weniger im gleichen Stil verwendet wurde. Das Nike FC Barcelona 23-24 Trikot hat zwei breite rote Streifen auf der Vorderseite. Die \u00c4rmel sind rot. Einzigartig ist, dass die klassischen Streifen des Trikots [&hellip;]<\/p>","protected":false},"featured_media":14044,"comment_status":"open","ping_status":"closed","template":"","meta":[],"product_brand":[],"product_cat":[31],"product_tag":[703,704,20,33,574,426,24,705,706],"class_list":{"0":"post-14013","1":"product","2":"type-product","3":"status-publish","4":"has-post-thumbnail","6":"product_cat-fc-barcelona","7":"product_tag-barcelona-fussballtrikot","8":"product_tag-barcelona-trikot","9":"product_tag-coole-fussballtrikots","10":"product_tag-fc-barcelona-trikots","11":"product_tag-fussballtrikot-deutschland","12":"product_tag-fussballtrikots-kurzarm","13":"product_tag-guenstiges-fussballtrikot","14":"product_tag-ousmane-dembele-fussballtrikot","15":"product_tag-ousmane-dembele-trikot-fuer-kinder","17":"first","18":"instock","19":"shipping-taxable","20":"purchasable","21":"product-type-variable"},"_links":{"self":[{"href":"https:\/\/www.billigtrikotde.com\/sl\/wp-json\/wp\/v2\/product\/14013","targetHints":{"allow":["GET"]}}],"collection":[{"href":"https:\/\/www.billigtrikotde.com\/sl\/wp-json\/wp\/v2\/product"}],"about":[{"href":"https:\/\/www.billigtrikotde.com\/sl\/wp-json\/wp\/v2\/types\/product"}],"replies":[{"embeddable":true,"href":"https:\/\/www.billigtrikotde.com\/sl\/wp-json\/wp\/v2\/comments?post=14013"}],"wp:featuredmedia":[{"embeddable":true,"href":"https:\/\/www.billigtrikotde.com\/sl\/wp-json\/wp\/v2\/media\/14044"}],"wp:attachment":[{"href":"https:\/\/www.billigtrikotde.com\/sl\/wp-json\/wp\/v2\/media?parent=14013"}],"wp:term":[{"taxonomy":"product_brand","embeddable":true,"href":"https:\/\/www.billigtrikotde.com\/sl\/wp-json\/wp\/v2\/product_brand?post=14013"},{"taxonomy":"product_cat","embeddable":true,"href":"https:\/\/www.billigtrikotde.com\/sl\/wp-json\/wp\/v2\/product_cat?post=14013"},{"taxonomy":"product_tag","embeddable":true,"href":"https:\/\/www.billigtrikotde.com\/sl\/wp-json\/wp\/v2\/product_tag?post=14013"}],"curies":[{"name":"wp","href":"https:\/\/api.w.org\/{rel}","templated":true}]}}