{"id":13859,"date":"2024-10-24T06:25:53","date_gmt":"2024-10-24T04:25:53","guid":{"rendered":"http:\/\/billigtrikots.com\/?post_type=product&#038;p=13859"},"modified":"2024-10-24T06:28:30","modified_gmt":"2024-10-24T04:28:30","slug":"kinder-liverpool-2023-24-auswaertstrikot-fussballtrikots-set-mohamed-salah-11","status":"publish","type":"product","link":"https:\/\/www.billigtrikotde.com\/sl\/kinder-liverpool-2023-24-auswaertstrikot-fussballtrikots-set-mohamed-salah-11\/","title":{"rendered":"Otro\u0161ka nogometna majica Liverpool 2023-24 Away Mohamed Salah 11"},"content":{"rendered":"<p>Nike Liverpool Football Club 2023-24 gostujo\u010da majica zdru\u017euje belo in zeleno z \u010drnimi logotipi. Uradno so barve \u00bbBela \/ Zeleno iskrico \/ \u010crna\u00ab. Kaj naredi Liverpool 23-24 gostujo\u010do majico edinstveno, je njen dizajn. Nike Liverpool 23-24 gostujo\u010da majica ima vzorec, podoben 90-ih letom, v beli in razli\u010dnih odtenkih zelene.<\/p>\n<p>Nasveti za tiskanje: \u010ce sta ime in \u0161tevilka na sliki to\u010dno tak\u0161na, kot ju \u017eelite, ju ni treba ponovno vnesti. \u010ce ni tako, vnesite \u017eeleno ime in \u0161tevilko.<\/p>\n<p>Nasveti za pranje: Priporo\u010dljivo je, da nogometne majice perete ro\u010dno. \u010ce \u017eelite uporabiti pralni stroj, ne pozabite nogometne majice obrniti narobe in jih nato oprati. Stroj napolnite s hladno vodo in uporabite ob\u010dutljiv cikel, da bolje za\u0161\u010ditite barve.<\/p>","protected":false},"excerpt":{"rendered":"<p>Nike Liverpool Football Club 2023-24 gostujo\u010da majica zdru\u017euje belo in zeleno z \u010drnimi logotipi. Uradno so barve \u00bbBela \/ Zelen iskre \/ \u010crna\u00ab. Kaj naredi Liverpoolovo gostujo\u010do majico 23-24 edinstveno, je zasnova. Liverpoolova gostujo\u010da majica 23-24 ima vzorec v slogu 90-ih let v beli ter razli\u010dnih odtenkih zelene. Nasveti za tiskanje: Ko je ime in \u2026<\/p>","protected":false},"featured_media":13901,"comment_status":"open","ping_status":"closed","template":"","meta":[],"product_brand":[],"product_cat":[151],"product_tag":[20,574,21,24,94,665,277,153,154],"class_list":{"0":"post-13859","1":"product","2":"type-product","3":"status-publish","4":"has-post-thumbnail","6":"product_cat-liverpool-kindertrikot","7":"product_tag-coole-fussballtrikots","8":"product_tag-fussballtrikot-deutschland","9":"product_tag-fussballtrikot-fuer-herren","10":"product_tag-guenstiges-fussballtrikot","11":"product_tag-kinder-fussball-trikotsatz","12":"product_tag-liverpool-23-24-auswaertstrikot","13":"product_tag-liverpool-kinder-trikot-set","14":"product_tag-liverpool-trikots","15":"product_tag-liverpool-trikotsatz-fuer-kinder","17":"first","18":"instock","19":"shipping-taxable","20":"purchasable","21":"product-type-variable"},"_links":{"self":[{"href":"https:\/\/www.billigtrikotde.com\/sl\/wp-json\/wp\/v2\/product\/13859","targetHints":{"allow":["GET"]}}],"collection":[{"href":"https:\/\/www.billigtrikotde.com\/sl\/wp-json\/wp\/v2\/product"}],"about":[{"href":"https:\/\/www.billigtrikotde.com\/sl\/wp-json\/wp\/v2\/types\/product"}],"replies":[{"embeddable":true,"href":"https:\/\/www.billigtrikotde.com\/sl\/wp-json\/wp\/v2\/comments?post=13859"}],"wp:featuredmedia":[{"embeddable":true,"href":"https:\/\/www.billigtrikotde.com\/sl\/wp-json\/wp\/v2\/media\/13901"}],"wp:attachment":[{"href":"https:\/\/www.billigtrikotde.com\/sl\/wp-json\/wp\/v2\/media?parent=13859"}],"wp:term":[{"taxonomy":"product_brand","embeddable":true,"href":"https:\/\/www.billigtrikotde.com\/sl\/wp-json\/wp\/v2\/product_brand?post=13859"},{"taxonomy":"product_cat","embeddable":true,"href":"https:\/\/www.billigtrikotde.com\/sl\/wp-json\/wp\/v2\/product_cat?post=13859"},{"taxonomy":"product_tag","embeddable":true,"href":"https:\/\/www.billigtrikotde.com\/sl\/wp-json\/wp\/v2\/product_tag?post=13859"}],"curies":[{"name":"wp","href":"https:\/\/api.w.org\/{rel}","templated":true}]}}