{"id":13848,"date":"2024-10-24T06:25:20","date_gmt":"2024-10-24T04:25:20","guid":{"rendered":"http:\/\/billigtrikots.com\/?post_type=product&#038;p=13848"},"modified":"2024-10-24T06:27:55","modified_gmt":"2024-10-24T04:27:55","slug":"herren-fussballtrikots-bayern-muenchen-23-24-auswaertstrikot-kurzarm-kurze-hosen","status":"publish","type":"product","link":"https:\/\/www.billigtrikotde.com\/sl\/herren-fussballtrikots-bayern-muenchen-23-24-auswaertstrikot-kurzarm-kurze-hosen\/","title":{"rendered":"Mo\u0161ke nogometne majice Bayern M\u00fcnchen 23-24 Away Shirt s kratkimi rokavi + kratke hla\u010de"},"content":{"rendered":"<p>Bayern M\u00fcnchen Audi 2023 Sommertour je del prizadevanj Bayerna, da prek spleta ostane v stiku z navija\u010di po vsem svetu in raz\u0161iri svojo navija\u0161ko bazo v Aziji. Bayern bodo v Tokiu odigrali dve tekmi, eno proti Manchester City in eno proti \u0161e nepredkazanemu nasprotniku.<\/p>\n<p>Izvenelektro Adidas Bayern M\u00fcnchen 23-24 doma\u010de majice ima nenavadno barvno kombinacijo za bavarski klub \u2013 zdru\u017euje \u010drno osnovno barvo z zeleno in lila. Trije trakovi so lila, logotipi na sprednji strani pa svetlo zelene barve. Tudi imena in \u0161tevilke so lila. Moder vzorec v lila in zeleno, ki izhaja iz tradicionalnih kvadrti klubova, dopolnjuje sodoben videz.<\/p>\n<p>Nasveti za tiskanje: \u010ce sta ime in \u0161tevilka na sliki to\u010dno tak\u0161na, kot ju \u017eelite, ju ni treba ponovno vnesti. \u010ce ni tako, vnesite \u017eeleno ime in \u0161tevilko.<\/p>\n<p>Nasveti za pranje: Priporo\u010dljivo je, da nogometne majice perete ro\u010dno. \u010ce \u017eelite uporabiti pralni stroj, ne pozabite nogometne majice obrniti narobe in jih nato oprati. Stroj napolnite s hladno vodo in uporabite ob\u010dutljiv cikel, da bolje za\u0161\u010ditite barve.<\/p>","protected":false},"excerpt":{"rendered":"<p>Die Bayern M\u00fcnchen Audi 2023 Sommertour ist Teil der Bem\u00fchungen der Bayern, mit den Fans auf der ganzen Welt in Kontakt zu treten und ihre Fangemeinde in Asien zu vergr\u00f6\u00dfern. Die Bayern werden in Tokio zwei Spiele bestreiten, eines gegen Manchester City und eines gegen einen noch nicht angek\u00fcndigten Gegner. Das Adidas Bayern M\u00fcnchen 23-24 [&hellip;]<\/p>","protected":false},"featured_media":13889,"comment_status":"open","ping_status":"closed","template":"","meta":[],"product_brand":[],"product_cat":[175],"product_tag":[137,604,605,20,574,21,23,24],"class_list":{"0":"post-13848","1":"product","2":"type-product","3":"status-publish","4":"has-post-thumbnail","6":"product_cat-bayern-munich","7":"product_tag-bayern-muenchen-trikots","8":"product_tag-bayern-munich-fussballtrikot","9":"product_tag-bayern-munich-trikot","10":"product_tag-coole-fussballtrikots","11":"product_tag-fussballtrikot-deutschland","12":"product_tag-fussballtrikot-fuer-herren","13":"product_tag-fussballtrikot-kurzarm","14":"product_tag-guenstiges-fussballtrikot","16":"first","17":"instock","18":"shipping-taxable","19":"purchasable","20":"product-type-variable"},"_links":{"self":[{"href":"https:\/\/www.billigtrikotde.com\/sl\/wp-json\/wp\/v2\/product\/13848","targetHints":{"allow":["GET"]}}],"collection":[{"href":"https:\/\/www.billigtrikotde.com\/sl\/wp-json\/wp\/v2\/product"}],"about":[{"href":"https:\/\/www.billigtrikotde.com\/sl\/wp-json\/wp\/v2\/types\/product"}],"replies":[{"embeddable":true,"href":"https:\/\/www.billigtrikotde.com\/sl\/wp-json\/wp\/v2\/comments?post=13848"}],"wp:featuredmedia":[{"embeddable":true,"href":"https:\/\/www.billigtrikotde.com\/sl\/wp-json\/wp\/v2\/media\/13889"}],"wp:attachment":[{"href":"https:\/\/www.billigtrikotde.com\/sl\/wp-json\/wp\/v2\/media?parent=13848"}],"wp:term":[{"taxonomy":"product_brand","embeddable":true,"href":"https:\/\/www.billigtrikotde.com\/sl\/wp-json\/wp\/v2\/product_brand?post=13848"},{"taxonomy":"product_cat","embeddable":true,"href":"https:\/\/www.billigtrikotde.com\/sl\/wp-json\/wp\/v2\/product_cat?post=13848"},{"taxonomy":"product_tag","embeddable":true,"href":"https:\/\/www.billigtrikotde.com\/sl\/wp-json\/wp\/v2\/product_tag?post=13848"}],"curies":[{"name":"wp","href":"https:\/\/api.w.org\/{rel}","templated":true}]}}