{"id":13779,"date":"2024-10-24T06:21:20","date_gmt":"2024-10-24T04:21:20","guid":{"rendered":"http:\/\/billigtrikots.com\/?post_type=product&#038;p=13779"},"modified":"2024-10-24T06:24:11","modified_gmt":"2024-10-24T04:24:11","slug":"kinder-guenstig-fussballtrikots-manchester-united-23-24-trikot-personalisierbar","status":"publish","type":"product","link":"https:\/\/www.billigtrikotde.com\/sl\/kinder-guenstig-fussballtrikots-manchester-united-23-24-trikot-personalisierbar\/","title":{"rendered":"Otro\u0161ke poceni nogometne majice Manchester United 23-24 majica prilagodljiva"},"content":{"rendered":"<p>Majica Man United 2023-2024 zdru\u017euje klasi\u010dno rde\u010do glavno barvo s \u010drno za logotipe in tri \u010drte ter belimi detajli. To je prvi\u010d od sezone 2019-2020, da je \u010drna uporabljena kot sekundarna barva. Uradno se rde\u010da barva imenuje \u201eTeam Collage Red\u201c. Glavni sponzor, imena in \u0161tevilke ter logotipi sponzorjev na rokavih DXC Technology so beli. Logotip sponzorja TeamViewer je bil v primerjavi s preteklostjo posodobljen.<br \/>\nKar zadeva dizajn, je majica Manchester United 2023-24 navdihnjena z industrijsko dedi\u0161\u010dino mesta Manchester. Majica prikazuje ponavljajo\u010di se vzorec, ki zdru\u017euje Lancashire ro\u017eo v geometrijskem vzorcu, ki je navdihnjen s Trafford Road Bridge, zgrajeno v \u010dasu industrijske revolucije. Lancashire ro\u017ea je heraldi\u010dni simbol, ki predstavlja zgodovinsko pokrajino Lancashire v severozahodni Angliji. Gre za rde\u010do ro\u017eo z zlatim sredinskim delom in se \u017ee stoletja uporablja kot simbol za pokrajino. Lancashire ro\u017ea se \u0161e danes uporablja v razli\u010dnih oblikah, na primer na zastavi pokrajine in na zna\u010dkah kriketnih ter ragbi ekip Lancashire.<\/p>\n<p>Nasveti za tiskanje: \u010ce sta ime in \u0161tevilka na sliki to\u010dno tak\u0161na, kot ju \u017eelite, ju ni treba ponovno vnesti. \u010ce ni tako, vnesite \u017eeleno ime in \u0161tevilko.<\/p>\n<p>Nasveti za pranje: Priporo\u010dljivo je, da nogometne majice perete ro\u010dno. \u010ce \u017eelite uporabiti pralni stroj, ne pozabite nogometne majice obrniti narobe in jih nato oprati. Stroj napolnite s hladno vodo in uporabite ob\u010dutljiv cikel, da bolje za\u0161\u010ditite barve.<\/p>","protected":false},"excerpt":{"rendered":"<p>Das Man United 2023-2024 Trikot kombiniert eine klassische rote Hauptfarbe mit Schwarz f\u00fcr Logos und die Drei Streifen sowie wei\u00dfen Details. Es ist das erste Mal seit der Saison 2019-2020, dass Schwarz als Sekund\u00e4rfarbe verwendet. Offiziell wird die rote Farbe &#8222;Team Collage Red&#8220; genannt.Der Hauptsponsor, die Namen und Nummern sowie die Logos der \u00c4rmelsponsoren von [&hellip;]<\/p>","protected":false},"featured_media":13827,"comment_status":"open","ping_status":"closed","template":"","meta":[],"product_brand":[],"product_cat":[140],"product_tag":[20,574,21,22,664,228,24,141,52,142],"class_list":{"0":"post-13779","1":"product","2":"type-product","3":"status-publish","4":"has-post-thumbnail","6":"product_cat-manchester-united-kindertrikot","7":"product_tag-coole-fussballtrikots","8":"product_tag-fussballtrikot-deutschland","9":"product_tag-fussballtrikot-fuer-herren","10":"product_tag-fussballtrikot-guenstig-kaufen","11":"product_tag-fussballtrikot-trikotsatz","12":"product_tag-guenstige-fussballtrikot","13":"product_tag-guenstiges-fussballtrikot","14":"product_tag-manchester-united-heimtrikot","15":"product_tag-manchester-united-trikots","16":"product_tag-manchester-united-trikotsatz-fuer-kinder","18":"first","19":"instock","20":"shipping-taxable","21":"purchasable","22":"product-type-variable"},"_links":{"self":[{"href":"https:\/\/www.billigtrikotde.com\/sl\/wp-json\/wp\/v2\/product\/13779","targetHints":{"allow":["GET"]}}],"collection":[{"href":"https:\/\/www.billigtrikotde.com\/sl\/wp-json\/wp\/v2\/product"}],"about":[{"href":"https:\/\/www.billigtrikotde.com\/sl\/wp-json\/wp\/v2\/types\/product"}],"replies":[{"embeddable":true,"href":"https:\/\/www.billigtrikotde.com\/sl\/wp-json\/wp\/v2\/comments?post=13779"}],"wp:featuredmedia":[{"embeddable":true,"href":"https:\/\/www.billigtrikotde.com\/sl\/wp-json\/wp\/v2\/media\/13827"}],"wp:attachment":[{"href":"https:\/\/www.billigtrikotde.com\/sl\/wp-json\/wp\/v2\/media?parent=13779"}],"wp:term":[{"taxonomy":"product_brand","embeddable":true,"href":"https:\/\/www.billigtrikotde.com\/sl\/wp-json\/wp\/v2\/product_brand?post=13779"},{"taxonomy":"product_cat","embeddable":true,"href":"https:\/\/www.billigtrikotde.com\/sl\/wp-json\/wp\/v2\/product_cat?post=13779"},{"taxonomy":"product_tag","embeddable":true,"href":"https:\/\/www.billigtrikotde.com\/sl\/wp-json\/wp\/v2\/product_tag?post=13779"}],"curies":[{"name":"wp","href":"https:\/\/api.w.org\/{rel}","templated":true}]}}