{"id":13669,"date":"2024-10-24T06:14:58","date_gmt":"2024-10-24T04:14:58","guid":{"rendered":"http:\/\/billigtrikots.com\/?post_type=product&#038;p=13669"},"modified":"2024-10-24T06:18:13","modified_gmt":"2024-10-24T04:18:13","slug":"kinderheim-trikot-fc-barcelona-23-24-trikot-kurzarm-kurze-hosen","status":"publish","type":"product","link":"https:\/\/www.billigtrikotde.com\/sl\/kinderheim-trikot-fc-barcelona-23-24-trikot-kurzarm-kurze-hosen\/","title":{"rendered":"Otro\u0161ka doma\u010da majica FC Barcelona 23-24 majica s kratkimi rokavi + kratke hla\u010de"},"content":{"rendered":"<p>Po \u0161tevilnih uhajanjih je bil kon\u010dno razkrit dres Barcelone 2023-2024. \u010crte imajo vzorec mre\u017ee na robovih, logotip pa ima skriti sijo\u010di diamant \u2013 oboje je \u010dast \u017eenskemu mo\u0161tvu.<\/p>\n<p>Dres FC Barcelona 2023-2024 se vra\u010da k najklasi\u010dnej\u0161emu dizajnu dresa kluba, ki je bil predstavljen leta 1912 in ga je do 1990-ih uporabljali bolj ali manj v enakem slogu. Dres Nike FC Barcelona 23-24 ima na sprednji strani dve \u0161iroki rde\u010di \u010drti. Rokavi so rde\u010di. Edinstveno je, da imajo klasi\u010dne \u010drte dresa na robovih vzorec mre\u017ee. To je navdihnjeno z starim rombi\u010dastim logotipom trenutne \u017eenske ekipe Barcelone.<\/p>\n<p>Nasveti za tiskanje: \u010ce sta ime in \u0161tevilka na sliki to\u010dno tak\u0161na, kot ju \u017eelite, ju ni treba ponovno vnesti. \u010ce ni tako, vnesite \u017eeleno ime in \u0161tevilko.<\/p>\n<p>Nasveti za pranje: Priporo\u010dljivo je, da nogometne majice perete ro\u010dno. \u010ce \u017eelite uporabiti pralni stroj, ne pozabite nogometne majice obrniti narobe in jih nato oprati. Stroj napolnite s hladno vodo in uporabite ob\u010dutljiv cikel, da bolje za\u0161\u010ditite barve.<\/p>","protected":false},"excerpt":{"rendered":"<p>Po \u0161tevilnih uhajanih informacijah je bila majica Barcelone za sezono 2023-2024 kon\u010dno razkrita. Vrstice imajo na robovih mre\u017eo kvadratov, logo pa skriva sijo\u010d diamant \u2013 oboje je posve\u010deno \u017eenski ekipi. Majica FC Barcelona 2023-2024 se vra\u010da k najklasi\u010dnej\u0161i zasnovi majice kluba, ki je bila predstavljena leta 1912 in prisotna vse do 1990-ih [\u2026]<\/p>","protected":false},"featured_media":13708,"comment_status":"open","ping_status":"closed","template":"","meta":[],"product_brand":[],"product_cat":[146],"product_tag":[147,20,460,33,574,21,22,24,94],"class_list":{"0":"post-13669","1":"product","2":"type-product","3":"status-publish","4":"has-post-thumbnail","6":"product_cat-barcelona-kindertrikot","7":"product_tag-barcelona-trikotsatz-fuer-kinder","8":"product_tag-coole-fussballtrikots","9":"product_tag-deutschland-fussballtrikots","10":"product_tag-fc-barcelona-trikots","11":"product_tag-fussballtrikot-deutschland","12":"product_tag-fussballtrikot-fuer-herren","13":"product_tag-fussballtrikot-guenstig-kaufen","14":"product_tag-guenstiges-fussballtrikot","15":"product_tag-kinder-fussball-trikotsatz","17":"first","18":"instock","19":"shipping-taxable","20":"purchasable","21":"product-type-variable"},"_links":{"self":[{"href":"https:\/\/www.billigtrikotde.com\/sl\/wp-json\/wp\/v2\/product\/13669","targetHints":{"allow":["GET"]}}],"collection":[{"href":"https:\/\/www.billigtrikotde.com\/sl\/wp-json\/wp\/v2\/product"}],"about":[{"href":"https:\/\/www.billigtrikotde.com\/sl\/wp-json\/wp\/v2\/types\/product"}],"replies":[{"embeddable":true,"href":"https:\/\/www.billigtrikotde.com\/sl\/wp-json\/wp\/v2\/comments?post=13669"}],"wp:featuredmedia":[{"embeddable":true,"href":"https:\/\/www.billigtrikotde.com\/sl\/wp-json\/wp\/v2\/media\/13708"}],"wp:attachment":[{"href":"https:\/\/www.billigtrikotde.com\/sl\/wp-json\/wp\/v2\/media?parent=13669"}],"wp:term":[{"taxonomy":"product_brand","embeddable":true,"href":"https:\/\/www.billigtrikotde.com\/sl\/wp-json\/wp\/v2\/product_brand?post=13669"},{"taxonomy":"product_cat","embeddable":true,"href":"https:\/\/www.billigtrikotde.com\/sl\/wp-json\/wp\/v2\/product_cat?post=13669"},{"taxonomy":"product_tag","embeddable":true,"href":"https:\/\/www.billigtrikotde.com\/sl\/wp-json\/wp\/v2\/product_tag?post=13669"}],"curies":[{"name":"wp","href":"https:\/\/api.w.org\/{rel}","templated":true}]}}