{"id":13628,"date":"2024-10-24T06:12:41","date_gmt":"2024-10-24T04:12:41","guid":{"rendered":"http:\/\/billigtrikots.com\/?post_type=product&#038;p=13628"},"modified":"2025-10-16T16:03:16","modified_gmt":"2025-10-16T14:03:16","slug":"kinder-fussballtrikots-trikotsatz-real-madrid-23-24-heim-trikot-hazard-7","status":"publish","type":"product","link":"https:\/\/www.billigtrikotde.com\/sl\/kinder-fussballtrikots-trikotsatz-real-madrid-23-24-heim-trikot-hazard-7\/","title":{"rendered":"Otro\u0161ke nogometne majice Real Madrid 23-24 Home Shirt HAZARD 7"},"content":{"rendered":"<p>Doma\u010di dres Real Madrid 23-24 ima moder in preprost dizajn. \u0160e posebej zanimiva je barvna kombinacija: bela je zdru\u017eena z temno mornarsko modro (\u201eLegend Ink\u201c) in zlato-oran\u017eno barvo. Zlato-oran\u017ena ni popolnoma rumena niti kovinsko zlata, temve\u010d je nekje vmes. Mornarsko modra in zlato-oran\u017ena sta enaki barvi, ki se uporabljata tudi za gostujo\u010di dres 23-24 Real Madrid.<br \/>\nPrvi\u010d v zgodovini kluba nosi dres Real Madrid 23-24 slogan \u201e\u00a1Hala Madrid!\u201c na ovratniku. Za ovratnik Adidas kombinira barve \u201eZlato-oran\u017ena\u201c, bela in legendarna v trikoloro. Tudi rokavni robovi so v trikolori. Kot vsi ostali nogometni dresi Adidas 23-24 je tudi novi dres Real Madrid 23-24 opremljen z novo Adidasovo logotipom. Na strani in na hrbtu so mornarsko modri paneli, podobno kot pri nekaterih Adidasovih dresih za svetovno prvenstvo 2022.<\/p>\n<p>Nasveti za tiskanje: \u010ce sta ime in \u0161tevilka na sliki to\u010dno tak\u0161na, kot ju \u017eelite, ju ni treba ponovno vnesti. \u010ce ni tako, vnesite \u017eeleno ime in \u0161tevilko.<\/p>\n<p>Nasveti za pranje: Priporo\u010dljivo je, da nogometne majice perete ro\u010dno. \u010ce \u017eelite uporabiti pralni stroj, ne pozabite nogometne majice obrniti narobe in jih nato oprati. Stroj napolnite s hladno vodo in uporabite ob\u010dutljiv cikel, da bolje za\u0161\u010ditite barve.<\/p>","protected":false},"excerpt":{"rendered":"<p>Das Real Madrid 23-24 Heim trikot hat ein modernes und einfaches Design. Besonders interessant ist die Farbgebung: Wei\u00df wird mit einem dunklen Marineblau (&#8222;Legend Ink&#8220;) und einem goldfarbenen Orange kombiniert.Das goldige Orange ist weder reines Gelb noch metallisches Gold, sondern liegt irgendwo dazwischen. Marineblau und Goldorange sind die gleichen Farben, die auch f\u00fcr das Ausw\u00e4rtstrikot [&hellip;]<\/p>","protected":false},"featured_media":13670,"comment_status":"open","ping_status":"closed","template":"","meta":[],"product_brand":[],"product_cat":[165],"product_tag":[20,574,21,22,24,94,651,47,166],"class_list":{"0":"post-13628","1":"product","2":"type-product","3":"status-publish","4":"has-post-thumbnail","6":"product_cat-real-madrid-kindertrikot","7":"product_tag-coole-fussballtrikots","8":"product_tag-fussballtrikot-deutschland","9":"product_tag-fussballtrikot-fuer-herren","10":"product_tag-fussballtrikot-guenstig-kaufen","11":"product_tag-guenstiges-fussballtrikot","12":"product_tag-kinder-fussball-trikotsatz","13":"product_tag-real-madrid-heim-trikot","14":"product_tag-real-madrid-trikots","15":"product_tag-real-madrid-trikotsatz-fuer-kinder","17":"first","18":"instock","19":"shipping-taxable","20":"purchasable","21":"product-type-variable"},"_links":{"self":[{"href":"https:\/\/www.billigtrikotde.com\/sl\/wp-json\/wp\/v2\/product\/13628","targetHints":{"allow":["GET"]}}],"collection":[{"href":"https:\/\/www.billigtrikotde.com\/sl\/wp-json\/wp\/v2\/product"}],"about":[{"href":"https:\/\/www.billigtrikotde.com\/sl\/wp-json\/wp\/v2\/types\/product"}],"replies":[{"embeddable":true,"href":"https:\/\/www.billigtrikotde.com\/sl\/wp-json\/wp\/v2\/comments?post=13628"}],"wp:featuredmedia":[{"embeddable":true,"href":"https:\/\/www.billigtrikotde.com\/sl\/wp-json\/wp\/v2\/media\/13670"}],"wp:attachment":[{"href":"https:\/\/www.billigtrikotde.com\/sl\/wp-json\/wp\/v2\/media?parent=13628"}],"wp:term":[{"taxonomy":"product_brand","embeddable":true,"href":"https:\/\/www.billigtrikotde.com\/sl\/wp-json\/wp\/v2\/product_brand?post=13628"},{"taxonomy":"product_cat","embeddable":true,"href":"https:\/\/www.billigtrikotde.com\/sl\/wp-json\/wp\/v2\/product_cat?post=13628"},{"taxonomy":"product_tag","embeddable":true,"href":"https:\/\/www.billigtrikotde.com\/sl\/wp-json\/wp\/v2\/product_tag?post=13628"}],"curies":[{"name":"wp","href":"https:\/\/api.w.org\/{rel}","templated":true}]}}