{"id":1335,"date":"2024-10-23T13:25:48","date_gmt":"2024-10-23T11:25:48","guid":{"rendered":"http:\/\/billigtrikots.com\/?post_type=product&#038;p=1335"},"modified":"2024-10-23T13:27:43","modified_gmt":"2024-10-23T11:27:43","slug":"personalisierbar-trikotsatz-fc-arsenal-heimtrikot-2022-langarm-weiss-rot-martines-26","status":"publish","type":"product","link":"https:\/\/www.billigtrikotde.com\/sl\/personalisierbar-trikotsatz-fc-arsenal-heimtrikot-2022-langarm-weiss-rot-martines-26\/","title":{"rendered":"Prilagodljiv FC Arsenal doma\u010di komplet 2022 z dolgimi rokavi bela\/rde\u010da MARTINES 26"},"content":{"rendered":"<p>Arsenal in adidas \u2013 uspeh je na dosegu roke. S tem nogometnim dresom obnavljamo klasiko, s katero je klub s severa Londona dosegal velike zmage. Poleg tega je verzija za navija\u010de iz prijetno mehkega, vlagi odvajajo\u010dega materiala in nekoliko \u0161ir\u0161e krojena kot model, ki ga nosijo profesionalni igralci na tekmah. Slavni klubovski logotip na prsih dokon\u010da dizajn. Ta razli\u010dica je nekoliko \u0161ir\u0161e krojena kot uradna igralna oprema. Raztegljiv V-izrez. Dolgi rokavi z rebrastim robom. Prijeten, mehak, lahek material. Material z aktivnim odvodom vlage Climalite. Tkan klubovski logotip FC Arsenala. Ta dres je bil proizveden iz recikliranega poliestra, da prihranimo vire in zmanj\u0161amo izpust \u0161kodljivih snovi. Material: 100% poliester.<\/p>\n<p>Nasveti za tiskanje: \u010ce sta ime in \u0161tevilka na sliki to\u010dno tak\u0161na, kot ju \u017eelite, ju ni treba ponovno vnesti. \u010ce ni tako, vnesite \u017eeleno ime in \u0161tevilko.<\/p>\n<p>Nasveti za pranje: Priporo\u010dljivo je, da nogometne majice perete ro\u010dno. \u010ce \u017eelite uporabiti pralni stroj, ne pozabite nogometne majice obrniti narobe in jih nato oprati. Stroj napolnite s hladno vodo in uporabite ob\u010dutljiv cikel, da bolje za\u0161\u010ditite barve.<\/p>","protected":false},"excerpt":{"rendered":"<p>Arsenal und adidas \u2013 da ist Erfolg vorprogrammiert. Mit diesem Fu\u00dfballtrikot legen wir einen Klassiker, mit dem der Club aus dem Norden Londons gro\u00dfe Siege verbuchen konnte, neu auf. Au\u00dferdem ist die Fan-Version aus angenehm weichem, feuchtigkeitsableitendem Material und etwas weiter geschnitten als das Modell, das die Profi-Kicker an Spieltagen tragen. Das ber\u00fchmte Vereinslogo auf [&hellip;]<\/p>","protected":false},"featured_media":1373,"comment_status":"open","ping_status":"closed","template":"","meta":[],"product_brand":[],"product_cat":[55],"product_tag":[20,56,57,38,21,22,24],"class_list":{"0":"post-1335","1":"product","2":"type-product","3":"status-publish","4":"has-post-thumbnail","6":"product_cat-arsenal","7":"product_tag-coole-fussballtrikots","8":"product_tag-fc-arsenal-heimtrikot","9":"product_tag-fc-arsenal-trikots","10":"product_tag-fussball-trikot-langarm","11":"product_tag-fussballtrikot-fuer-herren","12":"product_tag-fussballtrikot-guenstig-kaufen","13":"product_tag-guenstiges-fussballtrikot","15":"first","16":"instock","17":"shipping-taxable","18":"purchasable","19":"product-type-variable"},"_links":{"self":[{"href":"https:\/\/www.billigtrikotde.com\/sl\/wp-json\/wp\/v2\/product\/1335","targetHints":{"allow":["GET"]}}],"collection":[{"href":"https:\/\/www.billigtrikotde.com\/sl\/wp-json\/wp\/v2\/product"}],"about":[{"href":"https:\/\/www.billigtrikotde.com\/sl\/wp-json\/wp\/v2\/types\/product"}],"replies":[{"embeddable":true,"href":"https:\/\/www.billigtrikotde.com\/sl\/wp-json\/wp\/v2\/comments?post=1335"}],"wp:featuredmedia":[{"embeddable":true,"href":"https:\/\/www.billigtrikotde.com\/sl\/wp-json\/wp\/v2\/media\/1373"}],"wp:attachment":[{"href":"https:\/\/www.billigtrikotde.com\/sl\/wp-json\/wp\/v2\/media?parent=1335"}],"wp:term":[{"taxonomy":"product_brand","embeddable":true,"href":"https:\/\/www.billigtrikotde.com\/sl\/wp-json\/wp\/v2\/product_brand?post=1335"},{"taxonomy":"product_cat","embeddable":true,"href":"https:\/\/www.billigtrikotde.com\/sl\/wp-json\/wp\/v2\/product_cat?post=1335"},{"taxonomy":"product_tag","embeddable":true,"href":"https:\/\/www.billigtrikotde.com\/sl\/wp-json\/wp\/v2\/product_tag?post=1335"}],"curies":[{"name":"wp","href":"https:\/\/api.w.org\/{rel}","templated":true}]}}