{"id":13157,"date":"2024-10-24T05:48:26","date_gmt":"2024-10-24T03:48:26","guid":{"rendered":"http:\/\/billigtrikots.com\/?post_type=product&#038;p=13157"},"modified":"2024-10-24T05:50:40","modified_gmt":"2024-10-24T03:50:40","slug":"frauen-fussballtrikot-paris-saint-germain-psg-heimtrikot-psg-23-24-trikot-lionel-messi-30","status":"publish","type":"product","link":"https:\/\/www.billigtrikotde.com\/sl\/frauen-fussballtrikot-paris-saint-germain-psg-heimtrikot-psg-23-24-trikot-lionel-messi-30\/","title":{"rendered":"\u017denska nogometna majica Paris Saint-Germain PSG Doma\u010da majica PSG 23-24 Majica Lionel Messi 30"},"content":{"rendered":"<p>Dres Nike PSG 2023-24 je mornarsko modre barve z rde\u010do \u010drto na levi strani, ki se proti dnu dresa zmanj\u0161uje. Na levi in desni strani rde\u010dega dresa je tudi bela \u010drta, ki je navdihnjena s klasi\u010dnim dizajnom ekipe Hechter, vzorec bledenja pa je navdihnjen s pari\u0161ko panoramo, ki se izgublja v no\u010dno nebo. Zanimivo je, da je napis swoosh rde\u010d in ne bel. Vsi drugi logotipi sponzorjev so beli.<\/p>\n<p>Nasveti za tiskanje: \u010ce sta ime in \u0161tevilka na sliki to\u010dno tak\u0161na, kot ju \u017eelite, ju ni treba ponovno vnesti. \u010ce ni tako, vnesite \u017eeleno ime in \u0161tevilko.<\/p>\n<p>Nasveti za pranje: Priporo\u010dljivo je, da nogometne majice perete ro\u010dno. \u010ce \u017eelite uporabiti pralni stroj, ne pozabite nogometne majice obrniti narobe in jih nato oprati. Stroj napolnite s hladno vodo in uporabite ob\u010dutljiv cikel, da bolje za\u0161\u010ditite barve.<\/p>","protected":false},"excerpt":{"rendered":"<p>Das Nike PSG 2023-24 Trikot ist marineblau mit einem roten Streifen auf der linken Seite, der zum unteren Teil des Trikots hin verblasst. Links und rechts des roten Trikots befindet sich au\u00dferdem ein wei\u00dfer Streifen, der vom klassischen Hechter-Design der Mannschaft inspiriert ist.Das verblassende Design ist davon inspiriert, wie die Pariser Skyline im Nachthimmel verblasst. [&hellip;]<\/p>","protected":false},"featured_media":13200,"comment_status":"open","ping_status":"closed","template":"","meta":[],"product_brand":[],"product_cat":[536],"product_tag":[20,518,535,531,574,537,538,575,540,541],"class_list":{"0":"post-13157","1":"product","2":"type-product","3":"status-publish","4":"has-post-thumbnail","6":"product_cat-paris-saint-germain-psg-damen-trikot","7":"product_tag-coole-fussballtrikots","8":"product_tag-damen-fussballtrikot","9":"product_tag-deutschland-trikot","10":"product_tag-frauen-fussball-kurzarm","11":"product_tag-fussballtrikot-deutschland","12":"product_tag-paris-saint-germain-psg-fussballtrikots-damen","13":"product_tag-paris-saint-germain-psg-trikot-fuer-damen","14":"product_tag-psg-23-24-trikot","15":"product_tag-psg-fussballtrikots-damen","16":"product_tag-psg-trikot-fuer-damen","18":"first","19":"instock","20":"shipping-taxable","21":"purchasable","22":"product-type-variable"},"_links":{"self":[{"href":"https:\/\/www.billigtrikotde.com\/sl\/wp-json\/wp\/v2\/product\/13157","targetHints":{"allow":["GET"]}}],"collection":[{"href":"https:\/\/www.billigtrikotde.com\/sl\/wp-json\/wp\/v2\/product"}],"about":[{"href":"https:\/\/www.billigtrikotde.com\/sl\/wp-json\/wp\/v2\/types\/product"}],"replies":[{"embeddable":true,"href":"https:\/\/www.billigtrikotde.com\/sl\/wp-json\/wp\/v2\/comments?post=13157"}],"wp:featuredmedia":[{"embeddable":true,"href":"https:\/\/www.billigtrikotde.com\/sl\/wp-json\/wp\/v2\/media\/13200"}],"wp:attachment":[{"href":"https:\/\/www.billigtrikotde.com\/sl\/wp-json\/wp\/v2\/media?parent=13157"}],"wp:term":[{"taxonomy":"product_brand","embeddable":true,"href":"https:\/\/www.billigtrikotde.com\/sl\/wp-json\/wp\/v2\/product_brand?post=13157"},{"taxonomy":"product_cat","embeddable":true,"href":"https:\/\/www.billigtrikotde.com\/sl\/wp-json\/wp\/v2\/product_cat?post=13157"},{"taxonomy":"product_tag","embeddable":true,"href":"https:\/\/www.billigtrikotde.com\/sl\/wp-json\/wp\/v2\/product_tag?post=13157"}],"curies":[{"name":"wp","href":"https:\/\/api.w.org\/{rel}","templated":true}]}}