{"id":1311,"date":"2024-10-23T13:24:46","date_gmt":"2024-10-23T11:24:46","guid":{"rendered":"http:\/\/billigtrikots.com\/?post_type=product&#038;p=1311"},"modified":"2024-10-23T13:26:40","modified_gmt":"2024-10-23T11:26:40","slug":"home-langarmtrikot-arsenal-2022-in-rot-mit-aufdruck-koscielny-6","status":"publish","type":"product","link":"https:\/\/www.billigtrikotde.com\/sl\/home-langarmtrikot-arsenal-2022-in-rot-mit-aufdruck-koscielny-6\/","title":{"rendered":"Doma\u010da majica z dolgimi rokavi Arsenal 2022 v rde\u010di barvi s potiskom KOSCIELNY 6"},"content":{"rendered":"<p>Die wei\u00dfen Eins\u00e4tze und die marineblauen Details erinnern an eine \u00c4ra, in der Arsenal mit seiner St\u00e4rke eine herausragende Erfolgsbilanz vorweisen konnte. Das adidas Langarm-Fu\u00dfballtrikot wurde entwickelt, um den Fans des Vereins maximalen Komfort zu bieten. Es ist aus weichem Stoff gefertigt und verf\u00fcgt \u00fcber die schwei\u00dfableitende AEROREADY-Technologie. Dieses Produkt wird mit Primegreen hergestellt, einer Serie von Hochleistungs-Recycling-Materialien.<\/p>\n<p>Nasveti za tiskanje: \u010ce sta ime in \u0161tevilka na sliki to\u010dno tak\u0161na, kot ju \u017eelite, ju ni treba ponovno vnesti. \u010ce ni tako, vnesite \u017eeleno ime in \u0161tevilko.<\/p>\n<p>Nasveti za pranje: Priporo\u010dljivo je, da nogometne majice perete ro\u010dno. \u010ce \u017eelite uporabiti pralni stroj, ne pozabite nogometne majice obrniti narobe in jih nato oprati. Stroj napolnite s hladno vodo in uporabite ob\u010dutljiv cikel, da bolje za\u0161\u010ditite barve.<\/p>","protected":false},"excerpt":{"rendered":"<p>Bele vlo\u017eke in mornarsko modre podrobnosti spominjajo na obdobje, ko je Arsenal s svojo mo\u010djo lahko izkazal izjemen uspeh. Ta adidas majica za nogomet z dolgimi rokavi je bila zasnovana za zagotavljanje najve\u010djega udobja navija\u010dem kluba. Narejena je iz mehkega materiala in ima tehnologijo AEROREADY za odvajanje znoja. Ta izdelek je izdelan z uporabo Primegreen, [\u2026]<\/p>","protected":false},"featured_media":1350,"comment_status":"open","ping_status":"closed","template":"","meta":[],"product_brand":[],"product_cat":[50],"product_tag":[20,56,57,38,21,22,24],"class_list":{"0":"post-1311","1":"product","2":"type-product","3":"status-publish","4":"has-post-thumbnail","6":"product_cat-manchester-united","7":"product_tag-coole-fussballtrikots","8":"product_tag-fc-arsenal-heimtrikot","9":"product_tag-fc-arsenal-trikots","10":"product_tag-fussball-trikot-langarm","11":"product_tag-fussballtrikot-fuer-herren","12":"product_tag-fussballtrikot-guenstig-kaufen","13":"product_tag-guenstiges-fussballtrikot","15":"first","16":"instock","17":"shipping-taxable","18":"purchasable","19":"product-type-variable"},"_links":{"self":[{"href":"https:\/\/www.billigtrikotde.com\/sl\/wp-json\/wp\/v2\/product\/1311","targetHints":{"allow":["GET"]}}],"collection":[{"href":"https:\/\/www.billigtrikotde.com\/sl\/wp-json\/wp\/v2\/product"}],"about":[{"href":"https:\/\/www.billigtrikotde.com\/sl\/wp-json\/wp\/v2\/types\/product"}],"replies":[{"embeddable":true,"href":"https:\/\/www.billigtrikotde.com\/sl\/wp-json\/wp\/v2\/comments?post=1311"}],"wp:featuredmedia":[{"embeddable":true,"href":"https:\/\/www.billigtrikotde.com\/sl\/wp-json\/wp\/v2\/media\/1350"}],"wp:attachment":[{"href":"https:\/\/www.billigtrikotde.com\/sl\/wp-json\/wp\/v2\/media?parent=1311"}],"wp:term":[{"taxonomy":"product_brand","embeddable":true,"href":"https:\/\/www.billigtrikotde.com\/sl\/wp-json\/wp\/v2\/product_brand?post=1311"},{"taxonomy":"product_cat","embeddable":true,"href":"https:\/\/www.billigtrikotde.com\/sl\/wp-json\/wp\/v2\/product_cat?post=1311"},{"taxonomy":"product_tag","embeddable":true,"href":"https:\/\/www.billigtrikotde.com\/sl\/wp-json\/wp\/v2\/product_tag?post=1311"}],"curies":[{"name":"wp","href":"https:\/\/api.w.org\/{rel}","templated":true}]}}