{"id":12944,"date":"2024-10-24T05:37:15","date_gmt":"2024-10-24T03:37:15","guid":{"rendered":"http:\/\/billigtrikots.com\/?post_type=product&#038;p=12944"},"modified":"2024-10-24T05:39:56","modified_gmt":"2024-10-24T03:39:56","slug":"inter-miami-cf-auswaertstrikot-2023-24-schwarz-rosa-kurzarm-fussballtrikots-fuer-herren","status":"publish","type":"product","link":"https:\/\/www.billigtrikotde.com\/sl\/inter-miami-cf-auswaertstrikot-2023-24-schwarz-rosa-kurzarm-fussballtrikots-fuer-herren\/","title":{"rendered":"Inter Miami CF Away Shirt 2023-24 black pink nogometne majice s kratkimi rokavi za mo\u0161ke"},"content":{"rendered":"<p>Majica Adidas Miami 2023 je prete\u017eno \u010drne barve, vse druge podrobnosti in logotipi pa so izklju\u010dno ro\u017enati. Na podlagi enega od Adidasovih dizajnov za svetovno prvenstvo 2022 je roza \u010drta, ki poteka po obeh straneh in se zdru\u017ei na zadnjem robu.<br \/>\nNa \u010drnem ozadju je zanimiva, subtilna grafika valov, ki jo prekinjajo ponavljajo\u010de se \u010drne vodoravne \u010drte, na hrbtni strani ovratnika pa je napis \"Freedom to Dream\". Ta napis je bil v prej\u0161njih letih \u017ee uporabljen kot moto kluba.<\/p>\n<p>Nasveti za tiskanje: \u010ce sta ime in \u0161tevilka na sliki to\u010dno tak\u0161na, kot ju \u017eelite, ju ni treba ponovno vnesti. \u010ce ni tako, vnesite \u017eeleno ime in \u0161tevilko.<\/p>\n<p>Nasveti za pranje: Priporo\u010dljivo je, da nogometne majice perete ro\u010dno. \u010ce \u017eelite uporabiti pralni stroj, ne pozabite nogometne majice obrniti narobe in jih nato oprati. Stroj napolnite s hladno vodo in uporabite ob\u010dutljiv cikel, da bolje za\u0161\u010ditite barve.<\/p>","protected":false},"excerpt":{"rendered":"<p>Das Adidas Miami 2023 Ausw\u00e4rtstrikot ist \u00fcberwiegend schwarz, alle anderen Details und Logos sind ausschlie\u00dflich in Rosa gehalten. Nach einer der Vorlagen von Adidas f\u00fcr die WM 2022 gibt es einen rosafarbenen Streifen, der auf beiden Seiten verl\u00e4uft und hinten am Saum zusammenl\u00e4uft. Auf dem schwarzen Untergrund ist eine interessante, subtile Wellengrafik angebracht, die von [&hellip;]<\/p>","protected":false},"featured_media":12989,"comment_status":"open","ping_status":"closed","template":"","meta":[],"product_brand":[],"product_cat":[557],"product_tag":[20,548,21,22,23,24,562,558,559,560,561],"class_list":{"0":"post-12944","1":"product","2":"type-product","3":"status-publish","4":"has-post-thumbnail","6":"product_cat-inter-miami","7":"product_tag-coole-fussballtrikots","8":"product_tag-fussball-trikot-frauen","9":"product_tag-fussballtrikot-fuer-herren","10":"product_tag-fussballtrikot-guenstig-kaufen","11":"product_tag-fussballtrikot-kurzarm","12":"product_tag-guenstiges-fussballtrikot","13":"product_tag-inter-miami-2023-auswaertstrikot","14":"product_tag-inter-miami-2023-heimtrikot","15":"product_tag-inter-miami-cf-fussballtrikots-herren","16":"product_tag-inter-miami-trikot-fuer-herren","17":"product_tag-trikot-2023-24","19":"first","20":"instock","21":"shipping-taxable","22":"purchasable","23":"product-type-variable"},"_links":{"self":[{"href":"https:\/\/www.billigtrikotde.com\/sl\/wp-json\/wp\/v2\/product\/12944","targetHints":{"allow":["GET"]}}],"collection":[{"href":"https:\/\/www.billigtrikotde.com\/sl\/wp-json\/wp\/v2\/product"}],"about":[{"href":"https:\/\/www.billigtrikotde.com\/sl\/wp-json\/wp\/v2\/types\/product"}],"replies":[{"embeddable":true,"href":"https:\/\/www.billigtrikotde.com\/sl\/wp-json\/wp\/v2\/comments?post=12944"}],"wp:featuredmedia":[{"embeddable":true,"href":"https:\/\/www.billigtrikotde.com\/sl\/wp-json\/wp\/v2\/media\/12989"}],"wp:attachment":[{"href":"https:\/\/www.billigtrikotde.com\/sl\/wp-json\/wp\/v2\/media?parent=12944"}],"wp:term":[{"taxonomy":"product_brand","embeddable":true,"href":"https:\/\/www.billigtrikotde.com\/sl\/wp-json\/wp\/v2\/product_brand?post=12944"},{"taxonomy":"product_cat","embeddable":true,"href":"https:\/\/www.billigtrikotde.com\/sl\/wp-json\/wp\/v2\/product_cat?post=12944"},{"taxonomy":"product_tag","embeddable":true,"href":"https:\/\/www.billigtrikotde.com\/sl\/wp-json\/wp\/v2\/product_tag?post=12944"}],"curies":[{"name":"wp","href":"https:\/\/api.w.org\/{rel}","templated":true}]}}