{"id":12498,"date":"2024-10-24T05:14:43","date_gmt":"2024-10-24T03:14:43","guid":{"rendered":"http:\/\/billigtrikots.com\/?post_type=product&#038;p=12498"},"modified":"2025-10-16T16:03:18","modified_gmt":"2025-10-16T14:03:18","slug":"herren-real-madrid-heimtrikot-2022-23-kurzarm-online-kaufen-eder-militao-3","status":"publish","type":"product","link":"https:\/\/www.billigtrikotde.com\/sl\/herren-real-madrid-heimtrikot-2022-23-kurzarm-online-kaufen-eder-militao-3\/","title":{"rendered":"Mo\u0161ki Real Madrid Home Shirt 2022-23 kratkimi rokavi Nakup na spletu Eder Militao 3"},"content":{"rendered":"<p>Po ve\u010d kot desetletju brez doma\u010dih dresov Adidas Real Madrid 2022-23 zdru\u017euje ikoni\u010dno belo barvo kluba s \u010drno in vijoli\u010dno. Za sezono 2022-2023 se je Adidas odlo\u010dil za svetlo vijoli\u010dno poudarjeno barvo. Logotip Adidas in logotip sponzorja sta \u010drna, tri \u010drte pa svetlo vijoli\u010dne.<br \/>\nDres Real Madrid 22-23 ima gumbast ovratnik. Nekaj diskretnih grbov Real Madrid je vtisnjenih v tkanino.<\/p>\n<p>Za dopolnitev elegantnega videza je klasi\u010den polo ovratnik doma\u010dega dresa Real Madrid 2022-2023 opremljen z vijoli\u010dastim in \u010drnim obrobljenjem.<\/p>\n<p>Nasveti za tiskanje: \u010ce sta ime in \u0161tevilka na sliki to\u010dno tak\u0161na, kot ju \u017eelite, ju ni treba ponovno vnesti. \u010ce ni tako, vnesite \u017eeleno ime in \u0161tevilko.<\/p>\n<p>Nasveti za pranje: Priporo\u010dljivo je, da nogometne majice perete ro\u010dno. \u010ce \u017eelite uporabiti pralni stroj, ne pozabite nogometne majice obrniti narobe in jih nato oprati. Stroj napolnite s hladno vodo in uporabite ob\u010dutljiv cikel, da bolje za\u0161\u010ditite barve.<\/p>","protected":false},"excerpt":{"rendered":"<p>Nach mehr als einem Jahrzehnt ohne Heimtrikots kombiniert das Adidas Real Madrid 2022-23 Trikot die ikonische wei\u00dfe Farbe des Vereins mit Schwarz und Lila.F\u00fcr die Saison 2022-2023 hat sich Adidas f\u00fcr eine blasslila Akzentfarbe entschieden. Das Adidas-Logo und das Sponsorenlogo sind schwarz, die drei Streifen helllila. Das Real Madrid 22-23 Trikot hat einen gekn\u00f6pften Kragen. [&hellip;]<\/p>","protected":false},"featured_media":12541,"comment_status":"open","ping_status":"closed","template":"","meta":[],"product_brand":[],"product_cat":[45],"product_tag":[20,21,22,23,228,24,489,490,271,47,268],"class_list":{"0":"post-12498","1":"product","2":"type-product","3":"status-publish","4":"has-post-thumbnail","6":"product_cat-real-madrid","7":"product_tag-coole-fussballtrikots","8":"product_tag-fussballtrikot-fuer-herren","9":"product_tag-fussballtrikot-guenstig-kaufen","10":"product_tag-fussballtrikot-kurzarm","11":"product_tag-guenstige-fussballtrikot","12":"product_tag-guenstiges-fussballtrikot","13":"product_tag-real-madrid-fussballtrikot","14":"product_tag-real-madrid-trikot","15":"product_tag-real-madrid-trikot-herren-guenstig","16":"product_tag-real-madrid-trikots","17":"product_tag-real-madrid-trikots-22-23","19":"first","20":"instock","21":"shipping-taxable","22":"purchasable","23":"product-type-variable"},"_links":{"self":[{"href":"https:\/\/www.billigtrikotde.com\/sl\/wp-json\/wp\/v2\/product\/12498","targetHints":{"allow":["GET"]}}],"collection":[{"href":"https:\/\/www.billigtrikotde.com\/sl\/wp-json\/wp\/v2\/product"}],"about":[{"href":"https:\/\/www.billigtrikotde.com\/sl\/wp-json\/wp\/v2\/types\/product"}],"replies":[{"embeddable":true,"href":"https:\/\/www.billigtrikotde.com\/sl\/wp-json\/wp\/v2\/comments?post=12498"}],"wp:featuredmedia":[{"embeddable":true,"href":"https:\/\/www.billigtrikotde.com\/sl\/wp-json\/wp\/v2\/media\/12541"}],"wp:attachment":[{"href":"https:\/\/www.billigtrikotde.com\/sl\/wp-json\/wp\/v2\/media?parent=12498"}],"wp:term":[{"taxonomy":"product_brand","embeddable":true,"href":"https:\/\/www.billigtrikotde.com\/sl\/wp-json\/wp\/v2\/product_brand?post=12498"},{"taxonomy":"product_cat","embeddable":true,"href":"https:\/\/www.billigtrikotde.com\/sl\/wp-json\/wp\/v2\/product_cat?post=12498"},{"taxonomy":"product_tag","embeddable":true,"href":"https:\/\/www.billigtrikotde.com\/sl\/wp-json\/wp\/v2\/product_tag?post=12498"}],"curies":[{"name":"wp","href":"https:\/\/api.w.org\/{rel}","templated":true}]}}