{"id":12466,"date":"2024-10-24T05:13:01","date_gmt":"2024-10-24T03:13:01","guid":{"rendered":"http:\/\/billigtrikots.com\/?post_type=product&#038;p=12466"},"modified":"2024-10-24T05:15:41","modified_gmt":"2024-10-24T03:15:41","slug":"fussballtrikots-guenstig-atletico-madrid-2022-23-drittes-trikot-kurzarm-stefan-savic-15","status":"publish","type":"product","link":"https:\/\/www.billigtrikotde.com\/sl\/fussballtrikots-guenstig-atletico-madrid-2022-23-drittes-trikot-kurzarm-stefan-savic-15\/","title":{"rendered":"Nogometne majice Poceni Atl\u00e9tico Madrid 2022-23 Tretja majica s kratkimi rokavi Stefan Savic 15"},"content":{"rendered":"<p>Tretja nogometna majica Nike Atl\u00e9tico Madrid 2022-23 zdru\u017euje razli\u010dne odtenke oran\u017ene in rde\u010de barve s \u010drnim napisom swoosh. To je zelo zanimiva in sve\u017ea barvna kombinacija za klub, ki jo navdihujejo plodovi jagodnega drevesa, ki je v klubskem grbu.<br \/>\nNova tretja majica Atl\u00e9tica je oblikovno precej preprosta. Je preprosto oran\u017ene barve, le na man\u0161etah je majhen rde\u010d poudarek. Logotipi so \u010drni, vklju\u010dno z enobarvnim klubskim grbom na levem prsnem delu tretjega dresa Atl\u00e9tico Madrid 2022-23.<\/p>\n<p>Nasveti za tiskanje: \u010ce sta ime in \u0161tevilka na sliki to\u010dno tak\u0161na, kot ju \u017eelite, ju ni treba ponovno vnesti. \u010ce ni tako, vnesite \u017eeleno ime in \u0161tevilko.<\/p>\n<p>Nasveti za pranje: Priporo\u010dljivo je, da nogometne majice perete ro\u010dno. \u010ce \u017eelite uporabiti pralni stroj, ne pozabite nogometne majice obrniti narobe in jih nato oprati. Stroj napolnite s hladno vodo in uporabite ob\u010dutljiv cikel, da bolje za\u0161\u010ditite barve.<\/p>","protected":false},"excerpt":{"rendered":"<p>Tretja nogometna majica Nike Atl\u00e9tico Madrid za sezono 2022-23 kombinira razli\u010dne odtenke oran\u017ene in rde\u010de z \u010drno za swoosh. To je zelo zanimiva in sve\u017ea barvna kombinacija za klub, ki je navdihnjena z sade\u017ei jagodi\u010devja, ki jih najdemo v grbu kluba. Kar zadeva oblikovanje, je nova tretja Atl\u00e9tico majica bolj obi\u010dajna. Je enobarvna [\u2026]<\/p>","protected":false},"featured_media":12509,"comment_status":"open","ping_status":"closed","template":"","meta":[],"product_brand":[],"product_cat":[88],"product_tag":[486,487,89,488,90,20,21,22,23,24],"class_list":{"0":"post-12466","1":"product","2":"type-product","3":"status-publish","4":"has-post-thumbnail","6":"product_cat-atletico-madrid","7":"product_tag-atletico-madrid-2022-23","8":"product_tag-atletico-madrid-fussballtrikot","9":"product_tag-atletico-madrid-heimtrikot","10":"product_tag-atletico-madrid-trikot","11":"product_tag-atletico-madrid-trikots","12":"product_tag-coole-fussballtrikots","13":"product_tag-fussballtrikot-fuer-herren","14":"product_tag-fussballtrikot-guenstig-kaufen","15":"product_tag-fussballtrikot-kurzarm","16":"product_tag-guenstiges-fussballtrikot","18":"first","19":"instock","20":"shipping-taxable","21":"purchasable","22":"product-type-variable"},"_links":{"self":[{"href":"https:\/\/www.billigtrikotde.com\/sl\/wp-json\/wp\/v2\/product\/12466","targetHints":{"allow":["GET"]}}],"collection":[{"href":"https:\/\/www.billigtrikotde.com\/sl\/wp-json\/wp\/v2\/product"}],"about":[{"href":"https:\/\/www.billigtrikotde.com\/sl\/wp-json\/wp\/v2\/types\/product"}],"replies":[{"embeddable":true,"href":"https:\/\/www.billigtrikotde.com\/sl\/wp-json\/wp\/v2\/comments?post=12466"}],"wp:featuredmedia":[{"embeddable":true,"href":"https:\/\/www.billigtrikotde.com\/sl\/wp-json\/wp\/v2\/media\/12509"}],"wp:attachment":[{"href":"https:\/\/www.billigtrikotde.com\/sl\/wp-json\/wp\/v2\/media?parent=12466"}],"wp:term":[{"taxonomy":"product_brand","embeddable":true,"href":"https:\/\/www.billigtrikotde.com\/sl\/wp-json\/wp\/v2\/product_brand?post=12466"},{"taxonomy":"product_cat","embeddable":true,"href":"https:\/\/www.billigtrikotde.com\/sl\/wp-json\/wp\/v2\/product_cat?post=12466"},{"taxonomy":"product_tag","embeddable":true,"href":"https:\/\/www.billigtrikotde.com\/sl\/wp-json\/wp\/v2\/product_tag?post=12466"}],"curies":[{"name":"wp","href":"https:\/\/api.w.org\/{rel}","templated":true}]}}