{"id":12326,"date":"2024-10-24T05:05:24","date_gmt":"2024-10-24T03:05:24","guid":{"rendered":"http:\/\/billigtrikots.com\/?post_type=product&#038;p=12326"},"modified":"2024-10-24T05:08:01","modified_gmt":"2024-10-24T03:08:01","slug":"personalisierte-fussballtrikots-as-roma-22-23-heimtrikot-trikotsatz-kit-j-jesus-5","status":"publish","type":"product","link":"https:\/\/www.billigtrikotde.com\/sl\/personalisierte-fussballtrikots-as-roma-22-23-heimtrikot-trikotsatz-kit-j-jesus-5\/","title":{"rendered":"Personalizirane nogometne majice AS Roma 22-23 Home Shirt Kit J.JESUS 5"},"content":{"rendered":"<p>Dres New Balance AS Roma 2022-23 ima subtilno polkro\u017eno zasnovo v rde\u010di barvi z rumenimi logotipi.Polkro\u017eno zasnovo sestavlja zapleten vzorec z vdelanimi okroglimi klubskimi zna\u010dkami iz 30. let prej\u0161njega stoletja. Videz dopolnjuje Henleyjev ovratnik z rumenimi obrobami, ki se ujemajo s podobnim detajlom na man\u0161etah. Na zgornjem delu hrbtne strani tik pod ovratnikom je natisnjen napis \"Figli di Roma\" (\"Sinovi Rima\").<\/p>\n<p>Nasveti za tiskanje: \u010ce sta ime in \u0161tevilka na sliki to\u010dno tak\u0161na, kot ju \u017eelite, ju ni treba ponovno vnesti. \u010ce ni tako, vnesite \u017eeleno ime in \u0161tevilko.<\/p>\n<p>Nasveti za pranje: Priporo\u010dljivo je, da nogometne majice perete ro\u010dno. \u010ce \u017eelite uporabiti pralni stroj, ne pozabite nogometne majice obrniti narobe in jih nato oprati. Stroj napolnite s hladno vodo in uporabite ob\u010dutljiv cikel, da bolje za\u0161\u010ditite barve.<\/p>","protected":false},"excerpt":{"rendered":"<p>Das New Balance AS Roma 2022-23 Trikot hat ein dezentes Halb-und-Halb-Design in Rot mit gelben Logos.Das Halbe-Halbe-Design besteht aus einem komplizierten Muster mit eingebetteten runden Vereinsabzeichen aus den 1930er Jahren. Der Henley-Kragen mit gelben Paspeln, die mit einem \u00e4hnlichen Detail an den \u00c4rmelb\u00fcndchen \u00fcbereinstimmen, rundet den Look ab. \u201eFigli di Roma\u201c (\u201eS\u00f6hne Roms\u201c) ist auf [&hellip;]<\/p>","protected":false},"featured_media":12363,"comment_status":"open","ping_status":"closed","template":"","meta":[],"product_brand":[],"product_cat":[85],"product_tag":[477,86,87,20,21,22,23,479,24,478],"class_list":{"0":"post-12326","1":"product","2":"type-product","3":"status-publish","4":"has-post-thumbnail","6":"product_cat-as-roma","7":"product_tag-as-roma-2022-23-trikot","8":"product_tag-as-roma-heimtrikot","9":"product_tag-as-roma-trikots","10":"product_tag-coole-fussballtrikots","11":"product_tag-fussballtrikot-fuer-herren","12":"product_tag-fussballtrikot-guenstig-kaufen","13":"product_tag-fussballtrikot-kurzarm","14":"product_tag-fussballtrikots-kaufen","15":"product_tag-guenstiges-fussballtrikot","16":"product_tag-herren-fussballtrikots","18":"first","19":"instock","20":"shipping-taxable","21":"purchasable","22":"product-type-variable"},"_links":{"self":[{"href":"https:\/\/www.billigtrikotde.com\/sl\/wp-json\/wp\/v2\/product\/12326","targetHints":{"allow":["GET"]}}],"collection":[{"href":"https:\/\/www.billigtrikotde.com\/sl\/wp-json\/wp\/v2\/product"}],"about":[{"href":"https:\/\/www.billigtrikotde.com\/sl\/wp-json\/wp\/v2\/types\/product"}],"replies":[{"embeddable":true,"href":"https:\/\/www.billigtrikotde.com\/sl\/wp-json\/wp\/v2\/comments?post=12326"}],"wp:featuredmedia":[{"embeddable":true,"href":"https:\/\/www.billigtrikotde.com\/sl\/wp-json\/wp\/v2\/media\/12363"}],"wp:attachment":[{"href":"https:\/\/www.billigtrikotde.com\/sl\/wp-json\/wp\/v2\/media?parent=12326"}],"wp:term":[{"taxonomy":"product_brand","embeddable":true,"href":"https:\/\/www.billigtrikotde.com\/sl\/wp-json\/wp\/v2\/product_brand?post=12326"},{"taxonomy":"product_cat","embeddable":true,"href":"https:\/\/www.billigtrikotde.com\/sl\/wp-json\/wp\/v2\/product_cat?post=12326"},{"taxonomy":"product_tag","embeddable":true,"href":"https:\/\/www.billigtrikotde.com\/sl\/wp-json\/wp\/v2\/product_tag?post=12326"}],"curies":[{"name":"wp","href":"https:\/\/api.w.org\/{rel}","templated":true}]}}