{"id":12235,"date":"2024-10-24T05:00:14","date_gmt":"2024-10-24T03:00:14","guid":{"rendered":"http:\/\/billigtrikots.com\/?post_type=product&#038;p=12235"},"modified":"2024-10-24T05:02:58","modified_gmt":"2024-10-24T03:02:58","slug":"neuen-fussballtrikots-portugal-heimtrikot-wm-2022-kurzarm-mit-aufdruck-r-leao-15","status":"publish","type":"product","link":"https:\/\/www.billigtrikotde.com\/sl\/neuen-fussballtrikots-portugal-heimtrikot-wm-2022-kurzarm-mit-aufdruck-r-leao-15\/","title":{"rendered":"Nove nogometne majice Portugalska Doma\u010da majica Svetovni pokal 2022 Kratek rokav s tiskom R.LEAO 15"},"content":{"rendered":"<p>Sve\u017e, a klasi\u010den videz Portugalske: majica Nike Portugal 2022 za gostujo\u010de tekme zdru\u017euje kremasto bel osnovni vzorec z mornarsko modrim znakom Swoosh. Uradno sta barvi \"Sail\/Obsidian\", medtem ko je \"Pepper Red\" tretja barva, po besedah podjetja Nike pa je bila nekoliko temnej\u0161a barva izbrana, da bi Portugalci \"izstopali v morju svetlo belih dresov\".<\/p>\n<p>Nasveti za tiskanje: \u010ce sta ime in \u0161tevilka na sliki to\u010dno tak\u0161na, kot ju \u017eelite, ju ni treba ponovno vnesti. \u010ce ni tako, vnesite \u017eeleno ime in \u0161tevilko.<\/p>\n<p>Nasveti za pranje: Priporo\u010dljivo je, da nogometne majice perete ro\u010dno. \u010ce \u017eelite uporabiti pralni stroj, ne pozabite nogometne majice obrniti narobe in jih nato oprati. Stroj napolnite s hladno vodo in uporabite ob\u010dutljiv cikel, da bolje za\u0161\u010ditite barve.<\/p>","protected":false},"excerpt":{"rendered":"<p>Sve\u017e, a klasi\u010den videz Portugalske: majica Nike Portugal 2022 za gostujo\u010de tekme zdru\u017euje kremasto bel osnovni vzorec z mornarsko modrim znakom Swoosh. Uradno sta barvi \"Sail\/Obsidian\", medtem ko je \"Pepper Red\" tretja barva, po besedah podjetja Nike pa je bila nekoliko temnej\u0161a barva izbrana, da bi Portugalci \"izstopali v morju svetlo belih dresov\".<\/p>","protected":false},"featured_media":12272,"comment_status":"open","ping_status":"closed","template":"","meta":[],"product_brand":[],"product_cat":[239],"product_tag":[20,222,21,23,24,470,473,474,471,347,472],"class_list":{"0":"post-12235","1":"product","2":"type-product","3":"status-publish","4":"has-post-thumbnail","6":"product_cat-portugal-trikots","7":"product_tag-coole-fussballtrikots","8":"product_tag-fussball-wm-2022-trikots","9":"product_tag-fussballtrikot-fuer-herren","10":"product_tag-fussballtrikot-kurzarm","11":"product_tag-guenstiges-fussballtrikot","12":"product_tag-herren-fussball-kurzarm","13":"product_tag-portugal-fussballtrikot","14":"product_tag-portugal-nationaltrikot","15":"product_tag-portugal-trikot","16":"product_tag-portugal-trikots","17":"product_tag-portugal-wm-2022-trikot","19":"first","20":"instock","21":"shipping-taxable","22":"purchasable","23":"product-type-variable"},"_links":{"self":[{"href":"https:\/\/www.billigtrikotde.com\/sl\/wp-json\/wp\/v2\/product\/12235","targetHints":{"allow":["GET"]}}],"collection":[{"href":"https:\/\/www.billigtrikotde.com\/sl\/wp-json\/wp\/v2\/product"}],"about":[{"href":"https:\/\/www.billigtrikotde.com\/sl\/wp-json\/wp\/v2\/types\/product"}],"replies":[{"embeddable":true,"href":"https:\/\/www.billigtrikotde.com\/sl\/wp-json\/wp\/v2\/comments?post=12235"}],"wp:featuredmedia":[{"embeddable":true,"href":"https:\/\/www.billigtrikotde.com\/sl\/wp-json\/wp\/v2\/media\/12272"}],"wp:attachment":[{"href":"https:\/\/www.billigtrikotde.com\/sl\/wp-json\/wp\/v2\/media?parent=12235"}],"wp:term":[{"taxonomy":"product_brand","embeddable":true,"href":"https:\/\/www.billigtrikotde.com\/sl\/wp-json\/wp\/v2\/product_brand?post=12235"},{"taxonomy":"product_cat","embeddable":true,"href":"https:\/\/www.billigtrikotde.com\/sl\/wp-json\/wp\/v2\/product_cat?post=12235"},{"taxonomy":"product_tag","embeddable":true,"href":"https:\/\/www.billigtrikotde.com\/sl\/wp-json\/wp\/v2\/product_tag?post=12235"}],"curies":[{"name":"wp","href":"https:\/\/api.w.org\/{rel}","templated":true}]}}