{"id":12153,"date":"2024-10-24T04:55:20","date_gmt":"2024-10-24T02:55:20","guid":{"rendered":"http:\/\/billigtrikots.com\/?post_type=product&#038;p=12153"},"modified":"2024-10-24T04:58:22","modified_gmt":"2024-10-24T02:58:22","slug":"personalisierbar-fussballtrikot-portugal-wm-2022-auswaertstrikot-online-bestellen","status":"publish","type":"product","link":"https:\/\/www.billigtrikotde.com\/sl\/personalisierbar-fussballtrikot-portugal-wm-2022-auswaertstrikot-online-bestellen\/","title":{"rendered":"Personalizabilna nogometna majica Portugalska SP 2022 Zunanja majica na naro\u010dilnico"},"content":{"rendered":"<p>Sve\u017e in hkrati klasi\u010den videz za Portugal: Nike Portugal 2022 zunanji dres zdru\u017euje kremno belo osnovno vzor\u010denje z mornarsko modrim Swooshom. Uradno so barve \u00bbSail\/Obsidian\u00ab, medtem ko je \u00bbPepper Red\u00ab tretja barva. Po Nikeju je bila izbrana nekoliko temnej\u0161a barva, da bi Portugalci \u00bbizstopali v morju svetle\u010dih belih dresov\u00ab. Nasveti za tiskanje: \u010ce [\u2026]<\/p>\n<p>Nasveti za tiskanje: \u010ce sta ime in \u0161tevilka na sliki to\u010dno tak\u0161na, kot ju \u017eelite, ju ni treba ponovno vnesti. \u010ce ni tako, vnesite \u017eeleno ime in \u0161tevilko.<\/p>\n<p>Nasveti za pranje: Priporo\u010dljivo je, da nogometne majice perete ro\u010dno. \u010ce \u017eelite uporabiti pralni stroj, ne pozabite nogometne majice obrniti narobe in jih nato oprati. Stroj napolnite s hladno vodo in uporabite ob\u010dutljiv cikel, da bolje za\u0161\u010ditite barve.<\/p>","protected":false},"excerpt":{"rendered":"<p>Sve\u017e in hkrati klasi\u010den videz za Portugal: Nike Portugal 2022 zunanji dres zdru\u017euje kremno belo osnovno vzor\u010denje z mornarsko modrim Swooshom. Uradno so barve \u00bbSail\/Obsidian\u00ab, medtem ko je \u00bbPepper Red\u00ab tretja barva. Po Nikeju je bila izbrana nekoliko temnej\u0161a barva, da bi Portugalci \u00bbizstopali v morju svetle\u010dih belih dresov\u00ab. Nasveti za tiskanje: \u010ce [\u2026]<\/p>","protected":false},"featured_media":12192,"comment_status":"open","ping_status":"closed","template":"","meta":[],"product_brand":[],"product_cat":[239],"product_tag":[20,222,21,23,24,470,471,347,472],"class_list":{"0":"post-12153","1":"product","2":"type-product","3":"status-publish","4":"has-post-thumbnail","6":"product_cat-portugal-trikots","7":"product_tag-coole-fussballtrikots","8":"product_tag-fussball-wm-2022-trikots","9":"product_tag-fussballtrikot-fuer-herren","10":"product_tag-fussballtrikot-kurzarm","11":"product_tag-guenstiges-fussballtrikot","12":"product_tag-herren-fussball-kurzarm","13":"product_tag-portugal-trikot","14":"product_tag-portugal-trikots","15":"product_tag-portugal-wm-2022-trikot","17":"first","18":"instock","19":"shipping-taxable","20":"purchasable","21":"product-type-variable"},"_links":{"self":[{"href":"https:\/\/www.billigtrikotde.com\/sl\/wp-json\/wp\/v2\/product\/12153","targetHints":{"allow":["GET"]}}],"collection":[{"href":"https:\/\/www.billigtrikotde.com\/sl\/wp-json\/wp\/v2\/product"}],"about":[{"href":"https:\/\/www.billigtrikotde.com\/sl\/wp-json\/wp\/v2\/types\/product"}],"replies":[{"embeddable":true,"href":"https:\/\/www.billigtrikotde.com\/sl\/wp-json\/wp\/v2\/comments?post=12153"}],"wp:featuredmedia":[{"embeddable":true,"href":"https:\/\/www.billigtrikotde.com\/sl\/wp-json\/wp\/v2\/media\/12192"}],"wp:attachment":[{"href":"https:\/\/www.billigtrikotde.com\/sl\/wp-json\/wp\/v2\/media?parent=12153"}],"wp:term":[{"taxonomy":"product_brand","embeddable":true,"href":"https:\/\/www.billigtrikotde.com\/sl\/wp-json\/wp\/v2\/product_brand?post=12153"},{"taxonomy":"product_cat","embeddable":true,"href":"https:\/\/www.billigtrikotde.com\/sl\/wp-json\/wp\/v2\/product_cat?post=12153"},{"taxonomy":"product_tag","embeddable":true,"href":"https:\/\/www.billigtrikotde.com\/sl\/wp-json\/wp\/v2\/product_tag?post=12153"}],"curies":[{"name":"wp","href":"https:\/\/api.w.org\/{rel}","templated":true}]}}