{"id":12151,"date":"2024-10-24T04:55:18","date_gmt":"2024-10-24T02:55:18","guid":{"rendered":"http:\/\/billigtrikots.com\/?post_type=product&#038;p=12151"},"modified":"2024-10-24T04:57:53","modified_gmt":"2024-10-24T02:57:53","slug":"portugal-wm-2022-trikot-kurzarm-fussballtrikot-herren-sale","status":"publish","type":"product","link":"https:\/\/www.billigtrikotde.com\/sl\/portugal-wm-2022-trikot-kurzarm-fussballtrikot-herren-sale\/","title":{"rendered":"Portugalska SP 2022 Majica Kratke roke Nogometna majica za mo\u0161ke na voljo"},"content":{"rendered":"<p>Izjemen videz in novost v zgodovini ekipe: Majica za svetovno prvenstvo 2022 v Portugalski ima diagonalno zeleno grafiko na sprednji in zadnji strani. Ta se celo nadaljuje na desnem rokavu. Ta videz naj bi posnemal zastavo, ki se ovije okoli telesa, pravi uradno sporo\u010dilo za javnost. Tako kot na Euro 2020 Nike kombinira majico Nike Portugal 2022 z zelenimi hla\u010dami. Nogavice za doma\u010do majico Portugal 2022 so rde\u010de, z zelenim robom in zlatimi logotipi.<\/p>\n<p>Nasveti za tiskanje: \u010ce sta ime in \u0161tevilka na sliki to\u010dno tak\u0161na, kot ju \u017eelite, ju ni treba ponovno vnesti. \u010ce ni tako, vnesite \u017eeleno ime in \u0161tevilko.<\/p>\n<p>Nasveti za pranje: Priporo\u010dljivo je, da nogometne majice perete ro\u010dno. \u010ce \u017eelite uporabiti pralni stroj, ne pozabite nogometne majice obrniti narobe in jih nato oprati. Stroj napolnite s hladno vodo in uporabite ob\u010dutljiv cikel, da bolje za\u0161\u010ditite barve.<\/p>","protected":false},"excerpt":{"rendered":"<p>Izjemen videz in novost v zgodovini ekipe: majica za svetovno prvenstvo v nogometu 2022 v Sloveniji ima diagonalo zeleno grafiko na sprednji in zadnji strani. Ta se celo nadaljuje na desnem rokavu. Ta videz naj bi posnemal zastavo, ki je ovita okoli telesa, pravi uradno sporo\u010dilo za javnost.<\/p>","protected":false},"featured_media":12191,"comment_status":"open","ping_status":"closed","template":"","meta":[],"product_brand":[],"product_cat":[239],"product_tag":[20,222,21,23,24,470,471,347,472],"class_list":{"0":"post-12151","1":"product","2":"type-product","3":"status-publish","4":"has-post-thumbnail","6":"product_cat-portugal-trikots","7":"product_tag-coole-fussballtrikots","8":"product_tag-fussball-wm-2022-trikots","9":"product_tag-fussballtrikot-fuer-herren","10":"product_tag-fussballtrikot-kurzarm","11":"product_tag-guenstiges-fussballtrikot","12":"product_tag-herren-fussball-kurzarm","13":"product_tag-portugal-trikot","14":"product_tag-portugal-trikots","15":"product_tag-portugal-wm-2022-trikot","17":"first","18":"instock","19":"shipping-taxable","20":"purchasable","21":"product-type-variable"},"_links":{"self":[{"href":"https:\/\/www.billigtrikotde.com\/sl\/wp-json\/wp\/v2\/product\/12151","targetHints":{"allow":["GET"]}}],"collection":[{"href":"https:\/\/www.billigtrikotde.com\/sl\/wp-json\/wp\/v2\/product"}],"about":[{"href":"https:\/\/www.billigtrikotde.com\/sl\/wp-json\/wp\/v2\/types\/product"}],"replies":[{"embeddable":true,"href":"https:\/\/www.billigtrikotde.com\/sl\/wp-json\/wp\/v2\/comments?post=12151"}],"wp:featuredmedia":[{"embeddable":true,"href":"https:\/\/www.billigtrikotde.com\/sl\/wp-json\/wp\/v2\/media\/12191"}],"wp:attachment":[{"href":"https:\/\/www.billigtrikotde.com\/sl\/wp-json\/wp\/v2\/media?parent=12151"}],"wp:term":[{"taxonomy":"product_brand","embeddable":true,"href":"https:\/\/www.billigtrikotde.com\/sl\/wp-json\/wp\/v2\/product_brand?post=12151"},{"taxonomy":"product_cat","embeddable":true,"href":"https:\/\/www.billigtrikotde.com\/sl\/wp-json\/wp\/v2\/product_cat?post=12151"},{"taxonomy":"product_tag","embeddable":true,"href":"https:\/\/www.billigtrikotde.com\/sl\/wp-json\/wp\/v2\/product_tag?post=12151"}],"curies":[{"name":"wp","href":"https:\/\/api.w.org\/{rel}","templated":true}]}}