{"id":11968,"date":"2024-10-24T04:44:14","date_gmt":"2024-10-24T02:44:14","guid":{"rendered":"http:\/\/billigtrikots.com\/?post_type=product&#038;p=11968"},"modified":"2025-10-16T16:03:39","modified_gmt":"2025-10-16T14:03:39","slug":"herren-real-madrid-2022-2023-auswaertstrikots-bestellen-mit-aufdruck-camavinga-25","status":"publish","type":"product","link":"https:\/\/www.billigtrikotde.com\/sl\/herren-real-madrid-2022-2023-auswaertstrikots-bestellen-mit-aufdruck-camavinga-25\/","title":{"rendered":"Naro\u010dite mo\u0161ke drese Real Madrid 2022-2023 s potiskom CAMAVINGA 25"},"content":{"rendered":"<p>Dres Adidas Real Madrid 2022-23 je vijoli\u010dne barve. Uradna barva je \"svetlo vijoli\u010dna\", ki jo lahko vidimo tudi na dresu 22-23.<\/p>\n<p>Na sprednji strani in rokavih gostujo\u010de majice Real Madrid 2022-2023 je subtilen geometrijski potisk, sestavljen iz diagonalnih plo\u0161\u010dic.<\/p>\n<p>Adidas zdru\u017euje svetlo glavno barvo gostujo\u010dega dresa Real Madrid 22-23 z \"no\u010dno mornarico\", zelo temno mornari\u0161ko modro barvo. Ta barva je uporabljena za ovratnik, man\u0161ete in vse blagovne znamke, vklju\u010dno z novo oblikovanim klubskim grbom na levi strani prsi.<\/p>\n<p>Nasveti za tiskanje: \u010ce sta ime in \u0161tevilka na sliki to\u010dno tak\u0161na, kot ju \u017eelite, ju ni treba ponovno vnesti. \u010ce ni tako, vnesite \u017eeleno ime in \u0161tevilko.<\/p>\n<p>Nasveti za pranje: Priporo\u010dljivo je, da nogometne majice perete ro\u010dno. \u010ce \u017eelite uporabiti pralni stroj, ne pozabite nogometne majice obrniti narobe in jih nato oprati. Stroj napolnite s hladno vodo in uporabite ob\u010dutljiv cikel, da bolje za\u0161\u010ditite barve.<\/p>","protected":false},"excerpt":{"rendered":"<p>Majica Adidas Real Madrid 2022-23 je vijoli\u010dna. Uradna barva je \u00bbLight Purple\u00ab, ki je vidna tudi na majici 22-23. Na sprednji strani in na rokavih zunanje majice Real Madrid 2022-2023 je diskreten geometrijski tisk, sestavljen iz diagonalnih kvadratov. Adidas kombinira svetlo glavno barvo zunanje majice Real Madrid 22-23 [...]<\/p>","protected":false},"featured_media":12011,"comment_status":"open","ping_status":"closed","template":"","meta":[],"product_brand":[],"product_cat":[45],"product_tag":[20,38,21,22,23,228,24,291,49,271,47,268],"class_list":{"0":"post-11968","1":"product","2":"type-product","3":"status-publish","4":"has-post-thumbnail","6":"product_cat-real-madrid","7":"product_tag-coole-fussballtrikots","8":"product_tag-fussball-trikot-langarm","9":"product_tag-fussballtrikot-fuer-herren","10":"product_tag-fussballtrikot-guenstig-kaufen","11":"product_tag-fussballtrikot-kurzarm","12":"product_tag-guenstige-fussballtrikot","13":"product_tag-guenstiges-fussballtrikot","14":"product_tag-real-madrid-2022-2023-auswaertstrikots","15":"product_tag-real-madrid-auswaertstrikot","16":"product_tag-real-madrid-trikot-herren-guenstig","17":"product_tag-real-madrid-trikots","18":"product_tag-real-madrid-trikots-22-23","20":"first","21":"instock","22":"shipping-taxable","23":"purchasable","24":"product-type-variable"},"_links":{"self":[{"href":"https:\/\/www.billigtrikotde.com\/sl\/wp-json\/wp\/v2\/product\/11968","targetHints":{"allow":["GET"]}}],"collection":[{"href":"https:\/\/www.billigtrikotde.com\/sl\/wp-json\/wp\/v2\/product"}],"about":[{"href":"https:\/\/www.billigtrikotde.com\/sl\/wp-json\/wp\/v2\/types\/product"}],"replies":[{"embeddable":true,"href":"https:\/\/www.billigtrikotde.com\/sl\/wp-json\/wp\/v2\/comments?post=11968"}],"wp:featuredmedia":[{"embeddable":true,"href":"https:\/\/www.billigtrikotde.com\/sl\/wp-json\/wp\/v2\/media\/12011"}],"wp:attachment":[{"href":"https:\/\/www.billigtrikotde.com\/sl\/wp-json\/wp\/v2\/media?parent=11968"}],"wp:term":[{"taxonomy":"product_brand","embeddable":true,"href":"https:\/\/www.billigtrikotde.com\/sl\/wp-json\/wp\/v2\/product_brand?post=11968"},{"taxonomy":"product_cat","embeddable":true,"href":"https:\/\/www.billigtrikotde.com\/sl\/wp-json\/wp\/v2\/product_cat?post=11968"},{"taxonomy":"product_tag","embeddable":true,"href":"https:\/\/www.billigtrikotde.com\/sl\/wp-json\/wp\/v2\/product_tag?post=11968"}],"curies":[{"name":"wp","href":"https:\/\/api.w.org\/{rel}","templated":true}]}}