{"id":11949,"date":"2024-10-24T04:43:05","date_gmt":"2024-10-24T02:43:05","guid":{"rendered":"http:\/\/billigtrikots.com\/?post_type=product&#038;p=11949"},"modified":"2024-10-24T04:45:50","modified_gmt":"2024-10-24T02:45:50","slug":"kinder-fc-barcelona-22-23-viertes-trikot-kurzarm-kurze-hosen-on-sale","status":"publish","type":"product","link":"https:\/\/www.billigtrikotde.com\/sl\/kinder-fc-barcelona-22-23-viertes-trikot-kurzarm-kurze-hosen-on-sale\/","title":{"rendered":"Otroci FC Barcelona 22-23 \u010cetrta majica s kratkimi rokavi + kratke hla\u010de v prodaji"},"content":{"rendered":"<p>Nova \u010detrta majica FC Barcelona za sezono 22-23 je bila predstavljena pod sloganom \u201c+ Catalunya + Bar\u00e7a\u201c. Izvablja duh Bar\u00e7e in ponos, da prihajamo iz Barcelone in Katalonije. Majica je navdihnjena z vodno kapoce in bo prvi\u010d v slu\u017ebeni tekmi proti FC Gironi v Montilivi v prihajajo\u010do soboto.<br \/>\nNike Barcelona 22-23 \u010detrta majica zdru\u017euje barve Senyere, rumene in rde\u010de, s plavo. Grb Barcelone in logotip Spotify sta postavljena na sredino, medtem ko je na vsakem rokavu prisoten Swoosh. Najopaznej\u0161i element \u010detrte Barcelonine majice je zastava Senyere (\u010detrti rde\u010di prstan na rumeni podlagi) na zgornji sprednji strani. To je ista, ki je vidna tudi na kapiticni vezici. Modrookolrcni elasti\u010dni rokavi dajejo Nike Bar\u00e7a 22-23 4th majici \u0161e eno noto. \u010cetrta majica Barcelone 22-23 ima podoben vzorec kot majica ZDA za svetovno prvenstvo 2022.<\/p>\n<p>Nasveti za tiskanje: \u010ce sta ime in \u0161tevilka na sliki to\u010dno tak\u0161na, kot ju \u017eelite, ju ni treba ponovno vnesti. \u010ce ni tako, vnesite \u017eeleno ime in \u0161tevilko.<\/p>\n<p>Nasveti za pranje: Priporo\u010dljivo je, da nogometne majice perete ro\u010dno. \u010ce \u017eelite uporabiti pralni stroj, ne pozabite nogometne majice obrniti narobe in jih nato oprati. Stroj napolnite s hladno vodo in uporabite ob\u010dutljiv cikel, da bolje za\u0161\u010ditite barve.<\/p>","protected":false},"excerpt":{"rendered":"<p>Das neue vierte Trikot des FC Barcelona f\u00fcr die Saison 22-23 wurde unter dem Slogan \u201c + Catalunya + Bar\u00e7a\u201c vorgestellt. Es vermittelt den Geist von Bar\u00e7a und den Stolz, aus Barcelona und Katalonien zu stammen. Das Trikot ist von der Kapit\u00e4nsbinde inspiriert und wird zum ersten Mal in einem Pflichtspiel gegen den FC Girona [&hellip;]<\/p>","protected":false},"featured_media":11992,"comment_status":"open","ping_status":"closed","template":"","meta":[],"product_brand":[],"product_cat":[146],"product_tag":[147,459,20,460,33,21,22,23,24,94],"class_list":{"0":"post-11949","1":"product","2":"type-product","3":"status-publish","4":"has-post-thumbnail","6":"product_cat-barcelona-kindertrikot","7":"product_tag-barcelona-trikotsatz-fuer-kinder","8":"product_tag-barcelona-viertes-trikot","9":"product_tag-coole-fussballtrikots","10":"product_tag-deutschland-fussballtrikots","11":"product_tag-fc-barcelona-trikots","12":"product_tag-fussballtrikot-fuer-herren","13":"product_tag-fussballtrikot-guenstig-kaufen","14":"product_tag-fussballtrikot-kurzarm","15":"product_tag-guenstiges-fussballtrikot","16":"product_tag-kinder-fussball-trikotsatz","18":"first","19":"instock","20":"shipping-taxable","21":"purchasable","22":"product-type-variable"},"_links":{"self":[{"href":"https:\/\/www.billigtrikotde.com\/sl\/wp-json\/wp\/v2\/product\/11949","targetHints":{"allow":["GET"]}}],"collection":[{"href":"https:\/\/www.billigtrikotde.com\/sl\/wp-json\/wp\/v2\/product"}],"about":[{"href":"https:\/\/www.billigtrikotde.com\/sl\/wp-json\/wp\/v2\/types\/product"}],"replies":[{"embeddable":true,"href":"https:\/\/www.billigtrikotde.com\/sl\/wp-json\/wp\/v2\/comments?post=11949"}],"wp:featuredmedia":[{"embeddable":true,"href":"https:\/\/www.billigtrikotde.com\/sl\/wp-json\/wp\/v2\/media\/11992"}],"wp:attachment":[{"href":"https:\/\/www.billigtrikotde.com\/sl\/wp-json\/wp\/v2\/media?parent=11949"}],"wp:term":[{"taxonomy":"product_brand","embeddable":true,"href":"https:\/\/www.billigtrikotde.com\/sl\/wp-json\/wp\/v2\/product_brand?post=11949"},{"taxonomy":"product_cat","embeddable":true,"href":"https:\/\/www.billigtrikotde.com\/sl\/wp-json\/wp\/v2\/product_cat?post=11949"},{"taxonomy":"product_tag","embeddable":true,"href":"https:\/\/www.billigtrikotde.com\/sl\/wp-json\/wp\/v2\/product_tag?post=11949"}],"curies":[{"name":"wp","href":"https:\/\/api.w.org\/{rel}","templated":true}]}}