{"id":11889,"date":"2024-10-24T04:40:00","date_gmt":"2024-10-24T02:40:00","guid":{"rendered":"http:\/\/billigtrikots.com\/?post_type=product&#038;p=11889"},"modified":"2024-10-24T04:42:13","modified_gmt":"2024-10-24T02:42:13","slug":"herren-inter-mailand-2022-23-drittes-trikot-gelbe-fussballtrikots-trikotsatz-online-bestellen","status":"publish","type":"product","link":"https:\/\/www.billigtrikotde.com\/sl\/herren-inter-mailand-2022-23-drittes-trikot-gelbe-fussballtrikots-trikotsatz-online-bestellen\/","title":{"rendered":"Mo\u0161ki Inter Milan 2022-23 Third Jersey rumena nogometne majice kompleti online order"},"content":{"rendered":"<p>Tretja majica Nike Football Club Internazionale Milano 2022-23 zdru\u017euje svetlo rumeno glavno barvo z \u010drnimi logotipi. Uradno so barve \u201eDynamic Yellow \/ Black\u201c. Svetlo modra poudari enostaven videz v obliki zaklju\u010dkov na ovratnikih rokavov in na ovratniku. Skupaj je to zelo enostaven, \u017eivahen videz brez izstopajo\u010dih grafi\u010dnih vzorcev.<\/p>\n<p>Nasveti za tiskanje: \u010ce sta ime in \u0161tevilka na sliki to\u010dno tak\u0161na, kot ju \u017eelite, ju ni treba ponovno vnesti. \u010ce ni tako, vnesite \u017eeleno ime in \u0161tevilko.<\/p>\n<p>Nasveti za pranje: Priporo\u010dljivo je, da nogometne majice perete ro\u010dno. \u010ce \u017eelite uporabiti pralni stroj, ne pozabite nogometne majice obrniti narobe in jih nato oprati. Stroj napolnite s hladno vodo in uporabite ob\u010dutljiv cikel, da bolje za\u0161\u010ditite barve.<\/p>","protected":false},"excerpt":{"rendered":"<p>Tretja majica Nike Football Club Internazionale Milano 2022-23 zdru\u017euje svetlo rumeno glavno barvo z \u010drnimi logotipi. Uradno so barve \u201eDynamic Yellow \/ Black\u201c. Svetlo modra poudari enostaven videz v obliki zaklju\u010dkov na ovratnikih rokavov in na ovratniku. Skupaj je to zelo enostaven, \u017eivahen videz brez izstopajo\u010dih grafi\u010dnih vzorcev.<\/p>","protected":false},"featured_media":11928,"comment_status":"open","ping_status":"closed","template":"","meta":[],"product_brand":[],"product_cat":[77],"product_tag":[20,21,22,23,24,449,78],"class_list":{"0":"post-11889","1":"product","2":"type-product","3":"status-publish","4":"has-post-thumbnail","6":"product_cat-inter-milan","7":"product_tag-coole-fussballtrikots","8":"product_tag-fussballtrikot-fuer-herren","9":"product_tag-fussballtrikot-guenstig-kaufen","10":"product_tag-fussballtrikot-kurzarm","11":"product_tag-guenstiges-fussballtrikot","12":"product_tag-inter-mailand-2022-23-drittes-trikot","13":"product_tag-inter-milan-trikots","15":"first","16":"instock","17":"shipping-taxable","18":"purchasable","19":"product-type-variable"},"_links":{"self":[{"href":"https:\/\/www.billigtrikotde.com\/sl\/wp-json\/wp\/v2\/product\/11889","targetHints":{"allow":["GET"]}}],"collection":[{"href":"https:\/\/www.billigtrikotde.com\/sl\/wp-json\/wp\/v2\/product"}],"about":[{"href":"https:\/\/www.billigtrikotde.com\/sl\/wp-json\/wp\/v2\/types\/product"}],"replies":[{"embeddable":true,"href":"https:\/\/www.billigtrikotde.com\/sl\/wp-json\/wp\/v2\/comments?post=11889"}],"wp:featuredmedia":[{"embeddable":true,"href":"https:\/\/www.billigtrikotde.com\/sl\/wp-json\/wp\/v2\/media\/11928"}],"wp:attachment":[{"href":"https:\/\/www.billigtrikotde.com\/sl\/wp-json\/wp\/v2\/media?parent=11889"}],"wp:term":[{"taxonomy":"product_brand","embeddable":true,"href":"https:\/\/www.billigtrikotde.com\/sl\/wp-json\/wp\/v2\/product_brand?post=11889"},{"taxonomy":"product_cat","embeddable":true,"href":"https:\/\/www.billigtrikotde.com\/sl\/wp-json\/wp\/v2\/product_cat?post=11889"},{"taxonomy":"product_tag","embeddable":true,"href":"https:\/\/www.billigtrikotde.com\/sl\/wp-json\/wp\/v2\/product_tag?post=11889"}],"curies":[{"name":"wp","href":"https:\/\/api.w.org\/{rel}","templated":true}]}}