{"id":11759,"date":"2024-10-24T04:32:22","date_gmt":"2024-10-24T02:32:22","guid":{"rendered":"http:\/\/billigtrikots.com\/?post_type=product&#038;p=11759"},"modified":"2024-10-24T04:34:55","modified_gmt":"2024-10-24T02:34:55","slug":"herren-lafc-los-angeles-fc-2022-heimtrikot-schwarz-golden-mit-aufdruck-wright-phillips-66","status":"publish","type":"product","link":"https:\/\/www.billigtrikotde.com\/sl\/herren-lafc-los-angeles-fc-2022-heimtrikot-schwarz-golden-mit-aufdruck-wright-phillips-66\/","title":{"rendered":"Mo\u0161ka doma\u010da majica LAFC Los Angeles FC 2022 \u010drno-zlata s potiskom WRIGHT-PHILLIPS 66"},"content":{"rendered":"<p>Kot je bilo pri\u010dakovano, je majica Adidas LAFC 2022 predvsem \u010drna z zlatimi logotipi in \u010drtami Adidas. Logotip Adidas in klubskih grb sta postavljena na sredino prsi, logotip Adidas je nad njima. Glavna zna\u010dilnost doma\u010de majice Los Angeles FC 2022 je prilagojen vzorec Art D\u00e9co, ki se razteza \u010dez sprednjo stran in rokave. Prav tako lahko vidimo, da je Target, sponzor rokavov LAFC, ponovno prijazno dovolil, da je njegov logotip prebarvan v \u010drno in zlato.<\/p>\n<p>Nasveti za tiskanje: \u010ce sta ime in \u0161tevilka na sliki to\u010dno tak\u0161na, kot ju \u017eelite, ju ni treba ponovno vnesti. \u010ce ni tako, vnesite \u017eeleno ime in \u0161tevilko.<\/p>\n<p>Nasveti za pranje: Priporo\u010dljivo je, da nogometne majice perete ro\u010dno. \u010ce \u017eelite uporabiti pralni stroj, ne pozabite nogometne majice obrniti narobe in jih nato oprati. Stroj napolnite s hladno vodo in uporabite ob\u010dutljiv cikel, da bolje za\u0161\u010ditite barve.<\/p>","protected":false},"excerpt":{"rendered":"<p>Wie erwartet ist das Adidas LAFC 2022 Trikot haupts\u00e4chlich schwarz mit goldenen Logos und Adidas-Streifen. Das Adidas-Logo und das Vereinswappen werden beide in der Mitte des Brustbereichs platziert, das Adidas-Logo liegt dar\u00fcber.Das Hauptmerkmal des Los Angeles FC 2022 Heimtrikots ist ein ma\u00dfgeschneidertes Art-D\u00e9co-Muster, das sich \u00fcber die Vorderseite und die \u00c4rmel zieht.Wir k\u00f6nnen auch sehen, [&hellip;]<\/p>","protected":false},"featured_media":11801,"comment_status":"open","ping_status":"closed","template":"","meta":[],"product_brand":[],"product_cat":[196],"product_tag":[20,21,22,23,24,446,447],"class_list":{"0":"post-11759","1":"product","2":"type-product","3":"status-publish","4":"has-post-thumbnail","6":"product_cat-los-angeles-fc","7":"product_tag-coole-fussballtrikots","8":"product_tag-fussballtrikot-fuer-herren","9":"product_tag-fussballtrikot-guenstig-kaufen","10":"product_tag-fussballtrikot-kurzarm","11":"product_tag-guenstiges-fussballtrikot","12":"product_tag-lafc-2022-trikot","13":"product_tag-lafc-away-jersey-2023","15":"first","16":"instock","17":"shipping-taxable","18":"purchasable","19":"product-type-variable"},"_links":{"self":[{"href":"https:\/\/www.billigtrikotde.com\/sl\/wp-json\/wp\/v2\/product\/11759","targetHints":{"allow":["GET"]}}],"collection":[{"href":"https:\/\/www.billigtrikotde.com\/sl\/wp-json\/wp\/v2\/product"}],"about":[{"href":"https:\/\/www.billigtrikotde.com\/sl\/wp-json\/wp\/v2\/types\/product"}],"replies":[{"embeddable":true,"href":"https:\/\/www.billigtrikotde.com\/sl\/wp-json\/wp\/v2\/comments?post=11759"}],"wp:featuredmedia":[{"embeddable":true,"href":"https:\/\/www.billigtrikotde.com\/sl\/wp-json\/wp\/v2\/media\/11801"}],"wp:attachment":[{"href":"https:\/\/www.billigtrikotde.com\/sl\/wp-json\/wp\/v2\/media?parent=11759"}],"wp:term":[{"taxonomy":"product_brand","embeddable":true,"href":"https:\/\/www.billigtrikotde.com\/sl\/wp-json\/wp\/v2\/product_brand?post=11759"},{"taxonomy":"product_cat","embeddable":true,"href":"https:\/\/www.billigtrikotde.com\/sl\/wp-json\/wp\/v2\/product_cat?post=11759"},{"taxonomy":"product_tag","embeddable":true,"href":"https:\/\/www.billigtrikotde.com\/sl\/wp-json\/wp\/v2\/product_tag?post=11759"}],"curies":[{"name":"wp","href":"https:\/\/api.w.org\/{rel}","templated":true}]}}