{"id":1170,"date":"2024-10-23T13:19:03","date_gmt":"2024-10-23T11:19:03","guid":{"rendered":"http:\/\/billigtrikots.com\/?post_type=product&#038;p=1170"},"modified":"2024-10-23T13:21:24","modified_gmt":"2024-10-23T11:21:24","slug":"manchester-united-ausweichtrikot-2022-blau-mit-aufdruck-lingard-14","status":"publish","type":"product","link":"https:\/\/www.billigtrikotde.com\/sl\/manchester-united-ausweichtrikot-2022-blau-mit-aufdruck-lingard-14\/","title":{"rendered":"Manchester United majica 2022 modra s tiskom Lingard 14"},"content":{"rendered":"<p>V\u017egite rde\u010de s pomo\u010djo a-didas Manchester United 21\/22 zamenjave dresa, ki je opremljen z vezenimi podrobnostmi kluba za tradicionalen videz.<br \/>\nadidas Manchester United 21\/22 zamenjavni dres ponovno interpretira klasiko zgodnjih 90-ih in je navdihnjen z gostujo\u010dim dresom, ki ga je nosila talentirana mlada ekipa United, ko je za\u010dela vznemirljivo novo obdobje.<\/p>\n<p>Njegov sodoben dizajn zajema modro, \u010drno in rumeno barvo izvirnika ter nadome\u0161\u010da \u010drte z geometrijskim vzorcem, ki subtilno vklju\u010duje tudi Manchester \u201eM\u201c.<\/p>\n<p>Razli\u010dica dresa za navija\u010de je zasnovana za spro\u0161\u010den udobje in ima nekoliko ohlapnej\u0161o prileganje ter vezeno blagovno znamko za trajni slog na igri\u0161\u010du in ob njem.<\/p>\n<p>Nasveti za tiskanje: \u010ce sta ime in \u0161tevilka na sliki to\u010dno tak\u0161na, kot ju \u017eelite, ju ni treba ponovno vnesti. \u010ce ni tako, vnesite \u017eeleno ime in \u0161tevilko.<\/p>\n<p>Nasveti za pranje: Priporo\u010dljivo je, da nogometne majice perete ro\u010dno. \u010ce \u017eelite uporabiti pralni stroj, ne pozabite nogometne majice obrniti narobe in jih nato oprati. Stroj napolnite s hladno vodo in uporabite ob\u010dutljiv cikel, da bolje za\u0161\u010ditite barve.<\/p>","protected":false},"excerpt":{"rendered":"<p>Feuere die Reds mit dem a-didas Manchester United 21\/22 Ausweichtrikot an, das mit gewebten Vereinsdetails f\u00fcr einen traditionellen Look ausgestattet ist. Das adidas Manchester United 21\/22 Ausweichtrikot interpretiert einen Klassiker der fr\u00fchen 90er neu und l\u00e4sst sich von dem Ausw\u00e4rtstrikot inspirieren, das Uniteds talentierte junge Mannschaft trug, als sie eine aufregende neue \u00c4ra begann. Sein [&hellip;]<\/p>","protected":false},"featured_media":1214,"comment_status":"open","ping_status":"closed","template":"","meta":[],"product_brand":[],"product_cat":[50],"product_tag":[20,21,22,23,24,53,52],"class_list":{"0":"post-1170","1":"product","2":"type-product","3":"status-publish","4":"has-post-thumbnail","6":"product_cat-manchester-united","7":"product_tag-coole-fussballtrikots","8":"product_tag-fussballtrikot-fuer-herren","9":"product_tag-fussballtrikot-guenstig-kaufen","10":"product_tag-fussballtrikot-kurzarm","11":"product_tag-guenstiges-fussballtrikot","12":"product_tag-manchester-united-ausweichtrikot","13":"product_tag-manchester-united-trikots","15":"first","16":"instock","17":"shipping-taxable","18":"purchasable","19":"product-type-variable"},"_links":{"self":[{"href":"https:\/\/www.billigtrikotde.com\/sl\/wp-json\/wp\/v2\/product\/1170","targetHints":{"allow":["GET"]}}],"collection":[{"href":"https:\/\/www.billigtrikotde.com\/sl\/wp-json\/wp\/v2\/product"}],"about":[{"href":"https:\/\/www.billigtrikotde.com\/sl\/wp-json\/wp\/v2\/types\/product"}],"replies":[{"embeddable":true,"href":"https:\/\/www.billigtrikotde.com\/sl\/wp-json\/wp\/v2\/comments?post=1170"}],"wp:featuredmedia":[{"embeddable":true,"href":"https:\/\/www.billigtrikotde.com\/sl\/wp-json\/wp\/v2\/media\/1214"}],"wp:attachment":[{"href":"https:\/\/www.billigtrikotde.com\/sl\/wp-json\/wp\/v2\/media?parent=1170"}],"wp:term":[{"taxonomy":"product_brand","embeddable":true,"href":"https:\/\/www.billigtrikotde.com\/sl\/wp-json\/wp\/v2\/product_brand?post=1170"},{"taxonomy":"product_cat","embeddable":true,"href":"https:\/\/www.billigtrikotde.com\/sl\/wp-json\/wp\/v2\/product_cat?post=1170"},{"taxonomy":"product_tag","embeddable":true,"href":"https:\/\/www.billigtrikotde.com\/sl\/wp-json\/wp\/v2\/product_tag?post=1170"}],"curies":[{"name":"wp","href":"https:\/\/api.w.org\/{rel}","templated":true}]}}