{"id":11690,"date":"2024-10-24T04:28:29","date_gmt":"2024-10-24T02:28:29","guid":{"rendered":"http:\/\/billigtrikots.com\/?post_type=product&#038;p=11690"},"modified":"2024-10-24T04:30:42","modified_gmt":"2024-10-24T02:30:42","slug":"fussballtrikot-herren-heimtrikot-sale-atletico-madrid-22-23-trikot-kurzarm-kurze-hosen","status":"publish","type":"product","link":"https:\/\/www.billigtrikotde.com\/sl\/fussballtrikot-herren-heimtrikot-sale-atletico-madrid-22-23-trikot-kurzarm-kurze-hosen\/","title":{"rendered":"Nogometna srajca Mo\u0161ki Domov srajca Prodaja Atl\u00e9tico Madrid 22-23 Srajca s kratkimi rokavi + kratke hla\u010de"},"content":{"rendered":"<p>Dres Nike Atl\u00e9tico 2022-2023 prikazuje novo interpretacijo tradicionalnih belih in rde\u010dih \u010drt kluba. Dres Nike Atl\u00e9tico Madrid 22-23 se pona\u0161a z zamahnjenimi \u010drtami.Zadaj je nov dres Atl\u00e9tico 22-23 ve\u010dinoma rde\u010d z mornarsko modro \u010drto na ovratniku\/zgoraj. \u0160panska zastava je odtisnjena pod ovratnikom.Glede predloge je dres Nike Atletico Madrid 2022-2023 osnovan na novi Nike 22-23 predlogi dresov, ki se uporablja za vse velike ekipe v sezoni 2022-23.<\/p>\n<p>Nasveti za tiskanje: \u010ce sta ime in \u0161tevilka na sliki to\u010dno tak\u0161na, kot ju \u017eelite, ju ni treba ponovno vnesti. \u010ce ni tako, vnesite \u017eeleno ime in \u0161tevilko.<\/p>\n<p>Nasveti za pranje: Priporo\u010dljivo je, da nogometne majice perete ro\u010dno. \u010ce \u017eelite uporabiti pralni stroj, ne pozabite nogometne majice obrniti narobe in jih nato oprati. Stroj napolnite s hladno vodo in uporabite ob\u010dutljiv cikel, da bolje za\u0161\u010ditite barve.<\/p>","protected":false},"excerpt":{"rendered":"<p>Das Nike Atl\u00e9tico 2022-2023 Trikot zeigt eine neue Interpretation der traditionellen wei\u00df-roten Streifen des Vereins. Das Nike Atl\u00e9tico Madrid 22-23 Trikot kommt mit winkenden Streifen.Die R\u00fcckseite des neuen Atl\u00e9tico 22-23 Trikots ist haupts\u00e4chlich rot mit einem marineblauen Streifen im Kragenbereich\/oben. Die spanische Flagge ist unterhalb des Kragens aufgedruckt.Von der Template her basiert das Nike Atletico [&hellip;]<\/p>","protected":false},"featured_media":11729,"comment_status":"open","ping_status":"closed","template":"","meta":[],"product_brand":[],"product_cat":[88],"product_tag":[89,90,20,21,22,23,24],"class_list":{"0":"post-11690","1":"product","2":"type-product","3":"status-publish","4":"has-post-thumbnail","6":"product_cat-atletico-madrid","7":"product_tag-atletico-madrid-heimtrikot","8":"product_tag-atletico-madrid-trikots","9":"product_tag-coole-fussballtrikots","10":"product_tag-fussballtrikot-fuer-herren","11":"product_tag-fussballtrikot-guenstig-kaufen","12":"product_tag-fussballtrikot-kurzarm","13":"product_tag-guenstiges-fussballtrikot","15":"first","16":"instock","17":"shipping-taxable","18":"purchasable","19":"product-type-variable"},"_links":{"self":[{"href":"https:\/\/www.billigtrikotde.com\/sl\/wp-json\/wp\/v2\/product\/11690","targetHints":{"allow":["GET"]}}],"collection":[{"href":"https:\/\/www.billigtrikotde.com\/sl\/wp-json\/wp\/v2\/product"}],"about":[{"href":"https:\/\/www.billigtrikotde.com\/sl\/wp-json\/wp\/v2\/types\/product"}],"replies":[{"embeddable":true,"href":"https:\/\/www.billigtrikotde.com\/sl\/wp-json\/wp\/v2\/comments?post=11690"}],"wp:featuredmedia":[{"embeddable":true,"href":"https:\/\/www.billigtrikotde.com\/sl\/wp-json\/wp\/v2\/media\/11729"}],"wp:attachment":[{"href":"https:\/\/www.billigtrikotde.com\/sl\/wp-json\/wp\/v2\/media?parent=11690"}],"wp:term":[{"taxonomy":"product_brand","embeddable":true,"href":"https:\/\/www.billigtrikotde.com\/sl\/wp-json\/wp\/v2\/product_brand?post=11690"},{"taxonomy":"product_cat","embeddable":true,"href":"https:\/\/www.billigtrikotde.com\/sl\/wp-json\/wp\/v2\/product_cat?post=11690"},{"taxonomy":"product_tag","embeddable":true,"href":"https:\/\/www.billigtrikotde.com\/sl\/wp-json\/wp\/v2\/product_tag?post=11690"}],"curies":[{"name":"wp","href":"https:\/\/api.w.org\/{rel}","templated":true}]}}