{"id":11597,"date":"2024-10-24T04:23:16","date_gmt":"2024-10-24T02:23:16","guid":{"rendered":"http:\/\/billigtrikots.com\/?post_type=product&#038;p=11597"},"modified":"2024-10-24T04:25:30","modified_gmt":"2024-10-24T02:25:30","slug":"atletico-madrid-2023-auswaertstrikot-schwarz-kurzarm-trikotsatz-kit-mit-aufdruck-koke-6","status":"publish","type":"product","link":"https:\/\/www.billigtrikotde.com\/sl\/atletico-madrid-2023-auswaertstrikot-schwarz-kurzarm-trikotsatz-kit-mit-aufdruck-koke-6\/","title":{"rendered":"Atl\u00e9tico Madrid 2023 Away Jersey Black Kit s kratkimi rokavi in potiskom KOKE 6"},"content":{"rendered":"<p>Odkrijte gostujo\u010do majico Atl\u00e9tico Madrid 2022\/2023. Ponosno nosite barve svoje najljub\u0161e ekipe na igri\u0161\u010du ali zunaj njega.<\/p>\n<p>Prilagodljiv in lahek dres s tehnologijo Nike Dri Fit, ki prepre\u010duje prodiranje znoja med igro ali treningom. Ostanite suhi po svojih pospe\u0161evanjih.<\/p>\n<p>Predstavljajte si, da vas mno\u017eica na stadionu Wanda Metropolitano spodbuja, ko dose\u017eete odli\u010den gol.<\/p>\n<p>Dres je oblikovan po vzoru dresa, ki ga na tekmah nosi profesionalna ekipa.<\/p>\n<p>Nasveti za tiskanje: \u010ce sta ime in \u0161tevilka na sliki to\u010dno tak\u0161na, kot ju \u017eelite, ju ni treba ponovno vnesti. \u010ce ni tako, vnesite \u017eeleno ime in \u0161tevilko.<\/p>\n<p>Nasveti za pranje: Priporo\u010dljivo je, da nogometne majice perete ro\u010dno. \u010ce \u017eelite uporabiti pralni stroj, ne pozabite nogometne majice obrniti narobe in jih nato oprati. Stroj napolnite s hladno vodo in uporabite ob\u010dutljiv cikel, da bolje za\u0161\u010ditite barve.<\/p>","protected":false},"excerpt":{"rendered":"<p>Entdecke das Atl\u00e9tico Madrid 2022\/2023 Ausw\u00e4rtstrikot . Tragen Sie stolz die Farben Ihres Lieblingsteams auf dem Platz oder drau\u00dfen. Ein flexibles und leichtes Trikot mit Nike Dri Fit-Technologie, ein Kleidungsst\u00fcck, das verhindert, dass Schwei\u00df w\u00e4hrend Ihres Spiels oder Trainings eindringt. Bleiben Sie nach Ihren Beschleunigungen trocken. Stellen Sie sich vor, die Zuschauer von Wanda Metropolitano [&hellip;]<\/p>","protected":false},"featured_media":11635,"comment_status":"open","ping_status":"closed","template":"","meta":[],"product_brand":[],"product_cat":[88],"product_tag":[200,90,20,21,22,23,24],"class_list":{"0":"post-11597","1":"product","2":"type-product","3":"status-publish","4":"has-post-thumbnail","6":"product_cat-atletico-madrid","7":"product_tag-atletico-madrid-auswaertstrikot","8":"product_tag-atletico-madrid-trikots","9":"product_tag-coole-fussballtrikots","10":"product_tag-fussballtrikot-fuer-herren","11":"product_tag-fussballtrikot-guenstig-kaufen","12":"product_tag-fussballtrikot-kurzarm","13":"product_tag-guenstiges-fussballtrikot","15":"first","16":"instock","17":"shipping-taxable","18":"purchasable","19":"product-type-variable"},"_links":{"self":[{"href":"https:\/\/www.billigtrikotde.com\/sl\/wp-json\/wp\/v2\/product\/11597","targetHints":{"allow":["GET"]}}],"collection":[{"href":"https:\/\/www.billigtrikotde.com\/sl\/wp-json\/wp\/v2\/product"}],"about":[{"href":"https:\/\/www.billigtrikotde.com\/sl\/wp-json\/wp\/v2\/types\/product"}],"replies":[{"embeddable":true,"href":"https:\/\/www.billigtrikotde.com\/sl\/wp-json\/wp\/v2\/comments?post=11597"}],"wp:featuredmedia":[{"embeddable":true,"href":"https:\/\/www.billigtrikotde.com\/sl\/wp-json\/wp\/v2\/media\/11635"}],"wp:attachment":[{"href":"https:\/\/www.billigtrikotde.com\/sl\/wp-json\/wp\/v2\/media?parent=11597"}],"wp:term":[{"taxonomy":"product_brand","embeddable":true,"href":"https:\/\/www.billigtrikotde.com\/sl\/wp-json\/wp\/v2\/product_brand?post=11597"},{"taxonomy":"product_cat","embeddable":true,"href":"https:\/\/www.billigtrikotde.com\/sl\/wp-json\/wp\/v2\/product_cat?post=11597"},{"taxonomy":"product_tag","embeddable":true,"href":"https:\/\/www.billigtrikotde.com\/sl\/wp-json\/wp\/v2\/product_tag?post=11597"}],"curies":[{"name":"wp","href":"https:\/\/api.w.org\/{rel}","templated":true}]}}