{"id":11578,"date":"2024-10-24T04:22:06","date_gmt":"2024-10-24T02:22:06","guid":{"rendered":"http:\/\/billigtrikots.com\/?post_type=product&#038;p=11578"},"modified":"2024-10-24T04:24:51","modified_gmt":"2024-10-24T02:24:51","slug":"son-7-herren-fussballtrikot-tottenham-hotspur-2022-23-stadium-ausweichtrikot","status":"publish","type":"product","link":"https:\/\/www.billigtrikotde.com\/sl\/son-7-herren-fussballtrikot-tottenham-hotspur-2022-23-stadium-ausweichtrikot\/","title":{"rendered":"SON #7 Mo\u0161ka nogometna majica Tottenham Hotspur 2022-23 Stadium Away Shirt"},"content":{"rendered":"<p>Tretja majica Nike Spurs 2022-23 se predstavlja v sijo\u010dem videzu v temno turkizni barvi z akcenti in vlo\u017eki v \u010drni in beli barvi.<\/p>\n<p>Nova tretja majica Tottenham Hotspurs je zna\u010dilna po abstraktnem grafi\u010dnem tisku, ki pokriva celotno sprednjo stran in rokave ter verjetno tudi velik del, \u010de ne celo celotno hrbtno stran. Logotipi so v celoti v beli barvi, vklju\u010dno z enobarvno predstavitvijo znaka Spurs.<\/p>\n<p>V uradnem sporo\u010dilu pi\u0161e, da je grafika na sprednji strani tretje majice Spurs 2022-2023 navdihnjena z \u201enenehno razvijajo\u010do se DNK Tottenhama in priljubljeno serijo Nike TN copat\u201c.<\/p>\n<p>Dizajn Nike Tottenham 22-23 majice dopolnjuje \u010drn okrogel ovratnik in man\u0161ete na rokavih, ki sta delno \u010drna in delno temno turkizna. Po vzoru je tretja majica Nike Tottenham Hotspur F.C. 2022-2023 enaka modelu kot majica 22-23.<\/p>\n<p>Nasveti za tiskanje: \u010ce sta ime in \u0161tevilka na sliki to\u010dno tak\u0161na, kot ju \u017eelite, ju ni treba ponovno vnesti. \u010ce ni tako, vnesite \u017eeleno ime in \u0161tevilko.<\/p>\n<p>Nasveti za pranje: Priporo\u010dljivo je, da nogometne majice perete ro\u010dno. \u010ce \u017eelite uporabiti pralni stroj, ne pozabite nogometne majice obrniti narobe in jih nato oprati. Stroj napolnite s hladno vodo in uporabite ob\u010dutljiv cikel, da bolje za\u0161\u010ditite barve.<\/p>","protected":false},"excerpt":{"rendered":"<p>Tretja majica Nike Spurs 2022-23 se predstavlja v sijo\u010dem videzu temno turkizne barve z \u010drnimi in belimi poudarki in trakovi. Nova tretja majica Tottenham Hotspurs izstopa po abstraktni grafi\u010dni tiskani motiv, ki pokriva celotno sprednjo stran in rokave ter verjetno velik del, \u010de ne celo celoten [\u2026]<\/p>","protected":false},"featured_media":11615,"comment_status":"open","ping_status":"closed","template":"","meta":[],"product_brand":[],"product_cat":[178],"product_tag":[20,21,22,23,24,335,438,437,104],"class_list":{"0":"post-11578","1":"product","2":"type-product","3":"status-publish","4":"has-post-thumbnail","6":"product_cat-tottenham-hotspur","7":"product_tag-coole-fussballtrikots","8":"product_tag-fussballtrikot-fuer-herren","9":"product_tag-fussballtrikot-guenstig-kaufen","10":"product_tag-fussballtrikot-kurzarm","11":"product_tag-guenstiges-fussballtrikot","12":"product_tag-shop-tottenham-hotspur-trikot","13":"product_tag-tottenham-hotspur-22-23-third-kit","14":"product_tag-tottenham-hotspur-ausweichtrikot","15":"product_tag-tottenham-hotspur-trikots","17":"first","18":"instock","19":"shipping-taxable","20":"purchasable","21":"product-type-variable"},"_links":{"self":[{"href":"https:\/\/www.billigtrikotde.com\/sl\/wp-json\/wp\/v2\/product\/11578","targetHints":{"allow":["GET"]}}],"collection":[{"href":"https:\/\/www.billigtrikotde.com\/sl\/wp-json\/wp\/v2\/product"}],"about":[{"href":"https:\/\/www.billigtrikotde.com\/sl\/wp-json\/wp\/v2\/types\/product"}],"replies":[{"embeddable":true,"href":"https:\/\/www.billigtrikotde.com\/sl\/wp-json\/wp\/v2\/comments?post=11578"}],"wp:featuredmedia":[{"embeddable":true,"href":"https:\/\/www.billigtrikotde.com\/sl\/wp-json\/wp\/v2\/media\/11615"}],"wp:attachment":[{"href":"https:\/\/www.billigtrikotde.com\/sl\/wp-json\/wp\/v2\/media?parent=11578"}],"wp:term":[{"taxonomy":"product_brand","embeddable":true,"href":"https:\/\/www.billigtrikotde.com\/sl\/wp-json\/wp\/v2\/product_brand?post=11578"},{"taxonomy":"product_cat","embeddable":true,"href":"https:\/\/www.billigtrikotde.com\/sl\/wp-json\/wp\/v2\/product_cat?post=11578"},{"taxonomy":"product_tag","embeddable":true,"href":"https:\/\/www.billigtrikotde.com\/sl\/wp-json\/wp\/v2\/product_tag?post=11578"}],"curies":[{"name":"wp","href":"https:\/\/api.w.org\/{rel}","templated":true}]}}