{"id":11520,"date":"2024-10-24T04:18:45","date_gmt":"2024-10-24T02:18:45","guid":{"rendered":"http:\/\/billigtrikots.com\/?post_type=product&#038;p=11520"},"modified":"2024-10-24T04:21:21","modified_gmt":"2024-10-24T02:21:21","slug":"kaufe-herren-tottenham-hotspur-2023-heim-trikot-weiss-marineblau-sissoko-17","status":"publish","type":"product","link":"https:\/\/www.billigtrikotde.com\/sl\/kaufe-herren-tottenham-hotspur-2023-heim-trikot-weiss-marineblau-sissoko-17\/","title":{"rendered":"Kupi mo\u0161ko Tottenham Hotspur 2023 doma\u010do majico bela mornarsko modra SISSOKO 17"},"content":{"rendered":"<p>Nike Tottenham Hotspur 22-23 dres temelji na isti predlogi kot nekateri drugi Nike 2022-23 dresi, na primer tisti od Chelseaja in Hertha Berlina. Ve\u010dinoma je bel in ima okroglo \u0161iv na prsih.<\/p>\n<p>Ovratnik in rokavni robovi Nike Tottenham Hotspur 2022-23 doma\u010dega dresa sta oba mornarsko modra z Volt \u010drto v sredini.<\/p>\n<p>Notranji ovratnik Nike Tottenham Hotspur 2022-23 doma\u010dega dresa je prav tako v Volt barvi in prikazuje vrsto napisa SPURS v mornarsko modri barvi, tako napolnjenih kot obrobljenih.<\/p>\n<p>Nasveti za tiskanje: \u010ce sta ime in \u0161tevilka na sliki to\u010dno tak\u0161na, kot ju \u017eelite, ju ni treba ponovno vnesti. \u010ce ni tako, vnesite \u017eeleno ime in \u0161tevilko.<\/p>\n<p>Nasveti za pranje: Priporo\u010dljivo je, da nogometne majice perete ro\u010dno. \u010ce \u017eelite uporabiti pralni stroj, ne pozabite nogometne majice obrniti narobe in jih nato oprati. Stroj napolnite s hladno vodo in uporabite ob\u010dutljiv cikel, da bolje za\u0161\u010ditite barve.<\/p>","protected":false},"excerpt":{"rendered":"<p>Dres Nike Tottenham Hotspur 22-23 temelji na isti predlogi kot nekateri drugi Nike 2022-23 dresi, npr. tisti od Chelsea in Hertha Berlin. Je ve\u010dinoma bel in ima okroglo \u0161iv na prsih. Ovratnik in rokavni robovi dresa Nike Tottenham Hotspur 2022-23 so oba mornarsko modri z Volt \u010drto v [\u2026]<\/p>","protected":false},"featured_media":11561,"comment_status":"open","ping_status":"closed","template":"","meta":[],"product_brand":[],"product_cat":[178],"product_tag":[20,21,22,23,24,335,106,104],"class_list":{"0":"post-11520","1":"product","2":"type-product","3":"status-publish","4":"has-post-thumbnail","6":"product_cat-tottenham-hotspur","7":"product_tag-coole-fussballtrikots","8":"product_tag-fussballtrikot-fuer-herren","9":"product_tag-fussballtrikot-guenstig-kaufen","10":"product_tag-fussballtrikot-kurzarm","11":"product_tag-guenstiges-fussballtrikot","12":"product_tag-shop-tottenham-hotspur-trikot","13":"product_tag-tottenham-hotspur-heimtrikot","14":"product_tag-tottenham-hotspur-trikots","16":"first","17":"instock","18":"shipping-taxable","19":"purchasable","20":"product-type-variable"},"_links":{"self":[{"href":"https:\/\/www.billigtrikotde.com\/sl\/wp-json\/wp\/v2\/product\/11520","targetHints":{"allow":["GET"]}}],"collection":[{"href":"https:\/\/www.billigtrikotde.com\/sl\/wp-json\/wp\/v2\/product"}],"about":[{"href":"https:\/\/www.billigtrikotde.com\/sl\/wp-json\/wp\/v2\/types\/product"}],"replies":[{"embeddable":true,"href":"https:\/\/www.billigtrikotde.com\/sl\/wp-json\/wp\/v2\/comments?post=11520"}],"wp:featuredmedia":[{"embeddable":true,"href":"https:\/\/www.billigtrikotde.com\/sl\/wp-json\/wp\/v2\/media\/11561"}],"wp:attachment":[{"href":"https:\/\/www.billigtrikotde.com\/sl\/wp-json\/wp\/v2\/media?parent=11520"}],"wp:term":[{"taxonomy":"product_brand","embeddable":true,"href":"https:\/\/www.billigtrikotde.com\/sl\/wp-json\/wp\/v2\/product_brand?post=11520"},{"taxonomy":"product_cat","embeddable":true,"href":"https:\/\/www.billigtrikotde.com\/sl\/wp-json\/wp\/v2\/product_cat?post=11520"},{"taxonomy":"product_tag","embeddable":true,"href":"https:\/\/www.billigtrikotde.com\/sl\/wp-json\/wp\/v2\/product_tag?post=11520"}],"curies":[{"name":"wp","href":"https:\/\/api.w.org\/{rel}","templated":true}]}}