{"id":11500,"date":"2024-10-24T04:17:41","date_gmt":"2024-10-24T02:17:41","guid":{"rendered":"http:\/\/billigtrikots.com\/?post_type=product&#038;p=11500"},"modified":"2024-10-24T04:20:16","modified_gmt":"2024-10-24T02:20:16","slug":"fussballtrikots-guenstig-2023-al-nassr-fc-cristiano-fotballdrakter-fuer-herren-ronaldo-7","status":"publish","type":"product","link":"https:\/\/www.billigtrikotde.com\/sl\/fussballtrikots-guenstig-2023-al-nassr-fc-cristiano-fotballdrakter-fuer-herren-ronaldo-7\/","title":{"rendered":"Nogometne majice Poceni 2023 Al-Nassr FC Cristiano Fotballdrakter za mo\u0161ke Ronaldo 7"},"content":{"rendered":"<p>Cristiano Ronaldo se je preselil v savdskoarabski prvoliga\u0161ki klub Al-Nassr in bo seveda nosil majico s \u0161tevilko 7, ki jo je nosil v vseh klubih, odkar se je leta 2003 pridru\u017eil Manchester Unitedu. Savdska znamka \u0161portnih obla\u010dil Duneus izdeluje komplete Al-Nassra in je za sezono 22-23 izdala \u0161tiri komplete.<\/p>\n<p>Nasveti za tiskanje: \u010ce sta ime in \u0161tevilka na sliki to\u010dno tak\u0161na, kot ju \u017eelite, ju ni treba ponovno vnesti. \u010ce ni tako, vnesite \u017eeleno ime in \u0161tevilko.<\/p>\n<p>Nasveti za pranje: Priporo\u010dljivo je, da nogometne majice perete ro\u010dno. \u010ce \u017eelite uporabiti pralni stroj, ne pozabite nogometne majice obrniti narobe in jih nato oprati. Stroj napolnite s hladno vodo in uporabite ob\u010dutljiv cikel, da bolje za\u0161\u010ditite barve.<\/p>","protected":false},"excerpt":{"rendered":"<p>Ronaldo erh\u00e4lt Trikot mit der Nummer 7 bei Al-Nassr.Cristiano Ronaldo hat seinen Wechsel zum saudi-arabischen Erstligisten Al-Nassr vollzogen und wird nat\u00fcrlich das Trikot mit der Nummer 7 tragen, das er seit seinem Wechsel zu Manchester United im Jahr 2003 bei jedem Verein getragen hat. Die saudische Sportbekleidungsmarke Duneus stellt die Trikots von Al-Nassr her und [&hellip;]<\/p>","protected":false},"featured_media":11542,"comment_status":"open","ping_status":"closed","template":"","meta":[],"product_brand":[],"product_cat":[433],"product_tag":[434,20,435,215,21,22,23,24,436],"class_list":{"0":"post-11500","1":"product","2":"type-product","3":"status-publish","4":"has-post-thumbnail","6":"product_cat-al-nassr-fc","7":"product_tag-al-nassr-fc-cristiano-ronaldo-7-home-trikot","8":"product_tag-coole-fussballtrikots","9":"product_tag-cristiano-ronaldo-al-nassr","10":"product_tag-fussball-trikot-kurzarm","11":"product_tag-fussballtrikot-fuer-herren","12":"product_tag-fussballtrikot-guenstig-kaufen","13":"product_tag-fussballtrikot-kurzarm","14":"product_tag-guenstiges-fussballtrikot","15":"product_tag-ronaldo-trikot","17":"first","18":"instock","19":"featured","20":"shipping-taxable","21":"purchasable","22":"product-type-variable"},"_links":{"self":[{"href":"https:\/\/www.billigtrikotde.com\/sl\/wp-json\/wp\/v2\/product\/11500","targetHints":{"allow":["GET"]}}],"collection":[{"href":"https:\/\/www.billigtrikotde.com\/sl\/wp-json\/wp\/v2\/product"}],"about":[{"href":"https:\/\/www.billigtrikotde.com\/sl\/wp-json\/wp\/v2\/types\/product"}],"replies":[{"embeddable":true,"href":"https:\/\/www.billigtrikotde.com\/sl\/wp-json\/wp\/v2\/comments?post=11500"}],"wp:featuredmedia":[{"embeddable":true,"href":"https:\/\/www.billigtrikotde.com\/sl\/wp-json\/wp\/v2\/media\/11542"}],"wp:attachment":[{"href":"https:\/\/www.billigtrikotde.com\/sl\/wp-json\/wp\/v2\/media?parent=11500"}],"wp:term":[{"taxonomy":"product_brand","embeddable":true,"href":"https:\/\/www.billigtrikotde.com\/sl\/wp-json\/wp\/v2\/product_brand?post=11500"},{"taxonomy":"product_cat","embeddable":true,"href":"https:\/\/www.billigtrikotde.com\/sl\/wp-json\/wp\/v2\/product_cat?post=11500"},{"taxonomy":"product_tag","embeddable":true,"href":"https:\/\/www.billigtrikotde.com\/sl\/wp-json\/wp\/v2\/product_tag?post=11500"}],"curies":[{"name":"wp","href":"https:\/\/api.w.org\/{rel}","templated":true}]}}